{"id":10461,"date":"2023-08-07T10:28:05","date_gmt":"2023-08-07T08:28:05","guid":{"rendered":"https:\/\/kuken.es\/?post_type=product&#038;p=10461"},"modified":"2025-06-02T13:16:21","modified_gmt":"2025-06-02T11:16:21","slug":"raclette-grill-and-stone-1200w-kuken-8","status":"publish","type":"product","link":"https:\/\/kuken.es\/en\/product-2\/raclette-grill-and-stone-1200w-kuken-8\/","title":{"rendered":"ELECTRIC BROILING GRILL 58x33CM 2500W KUKEN"},"content":{"rendered":"<p>ELECTRIC BROILING GRILL 58x33CM 2500W KUKEN<\/p>\n<ul data-start=\"859\" data-end=\"1537\">\n<li data-start=\"859\" data-end=\"939\">\n<p data-start=\"861\" data-end=\"939\">Potente resistencia de 2500W, ideal para cocinar todo tipo de alimentos.<\/p>\n<\/li>\n<li data-start=\"940\" data-end=\"1011\">\n<p data-start=\"942\" data-end=\"1011\">Regulador t\u00e9rmico con hasta 5 niveles de temperatura ajustable.<\/p>\n<\/li>\n<li data-start=\"1012\" data-end=\"1086\">\n<p data-start=\"1014\" data-end=\"1086\">Superficie antiadherente de 58 x 33 cm, amplia y f\u00e1cil de limpiar.<\/p>\n<\/li>\n<li data-start=\"1087\" data-end=\"1157\">\n<p data-start=\"1089\" data-end=\"1157\">Plancha con acabado liso, que garantiza una cocci\u00f3n homog\u00e9nea.<\/p>\n<\/li>\n<li data-start=\"1158\" data-end=\"1229\">\n<p data-start=\"1160\" data-end=\"1229\">Asas con tacto fr\u00edo, permiten moverla sin riesgo de quemaduras.<\/p>\n<\/li>\n<li data-start=\"1230\" data-end=\"1301\">\n<p data-start=\"1232\" data-end=\"1301\">Bandeja recoge jugos integrada, facilita una cocina m\u00e1s limpia.<\/p>\n<\/li>\n<li data-start=\"1302\" data-end=\"1378\">\n<p data-start=\"1304\" data-end=\"1378\">Patas antideslizantes, que mantienen distancia con la base de apoyo.<\/p>\n<\/li>\n<li data-start=\"1379\" data-end=\"1456\">\n<p data-start=\"1381\" data-end=\"1456\">Dise\u00f1o seguro, evita transferencia de calor a la superficie inferior.<\/p>\n<\/li>\n<li data-start=\"1457\" data-end=\"1537\">\n<p data-start=\"1459\" data-end=\"1537\">Ideal para asados, verduras, carnes y pescados, con resultados saludables.<\/p>\n<\/li>\n<\/ul>\n<div class=\"accordion\"><div class=\"mfn-acc accordion_wrapper  toggle\"><br \/>\n<div class=\"question\"><div class=\"title\"><i class=\"icon-plus acc-icon-plus\" aria-hidden=\"true\"><\/i><i class=\"icon-minus acc-icon-minus\" aria-hidden=\"true\"><\/i>Product data<\/div><div class=\"answer\"><\/p>\n<p>ELECTRIC BROILING GRILL 58x33CM 2500W KUKEN<\/p>\n<p>span class=\u00bblabel\u00bb&gt;EAN <span class=\"data\">8425160360788<\/span><br \/>\n<span class=\"label\">Packaging unit<\/span> <span class=\"data\">1<\/span><br \/>\n<span class=\"label\">Colour<\/span> <span class=\"data\">Negro<\/span><br \/>\n<span class=\"label\">Packaging<\/span> <span class=\"data\">Caja Color<\/span><br \/>\n<span class=\"label\">Power<\/span> <span class=\"data\">2500 W<\/span><br \/>\n<span class=\"label\">Voltage<\/span> <span class=\"data\">230 V<\/span><br \/>\n<span class=\"label\">Dimensiones (LxAxH)<\/span> <span class=\"data\">580&#215;330 mm.<\/span><br \/>\n<span class=\"label\">Desmontable<\/span> <span class=\"data\">Yes<\/span><br \/>\n<span class=\"label\">Non-slip feet<\/span> <span class=\"data\">Yes<\/span><br \/>\n<\/div><\/div>\n<br \/>\n<\/div><\/div>\n\n<div class=\"accordion\"><div class=\"mfn-acc accordion_wrapper  toggle\"><br \/>\n<div class=\"question\"><div class=\"title\"><i class=\"icon-plus acc-icon-plus\" aria-hidden=\"true\"><\/i><i class=\"icon-minus acc-icon-minus\" aria-hidden=\"true\"><\/i>Accessories<\/div><div class=\"answer\"><br \/>\n<\/div><\/div>\n<br \/>\n<\/div><\/div>\n\n<div class=\"descargas-producto\"><img loading=\"lazy\" decoding=\"async\" src=\"\/wp-content\/uploads\/2019\/12\/picto-descarrega.png\" alt=\"download data sheet\" width=\"23\" height=\"16\" \/><a href=\"https:\/\/kuken.es\/wp-content\/uploads\/8425160360788_ficha_tecnica.pdf\">Download sheet<\/a><br \/>\n<img loading=\"lazy\" decoding=\"async\" src=\"\/wp-content\/uploads\/2019\/12\/picto-descarrega.png\" alt=\"download instruction manual\" width=\"23\" height=\"16\" \/><a href=\"https:\/\/kuken.es\/wp-content\/uploads\/36078_instrucciones_compressed.pdf\">Download manual<\/a><\/div>\n<div><span style=\"color: #bf2121\">Follow us on social media!<\/span><\/div>\n<div><a href=\"https:\/\/www.instagram.com\/kuken_appliances\/\">https:\/\/www.instagram.com\/kuken_appliances\/<\/a><\/div>","protected":false},"excerpt":{"rendered":"<p data-start=\"520\" data-end=\"677\">Cocina de forma r\u00e1pida y uniforme. Esta plancha ofrece gran superficie, control t\u00e9rmico y sistema antigoteo para disfrutar de tus recetas sin complicaciones.<\/p>\n<blockquote data-start=\"679\" data-end=\"791\">\n<p data-start=\"681\" data-end=\"791\">\n<\/blockquote>","protected":false},"featured_media":10459,"template":"","meta":[],"product_brand":[],"product_cat":[53,38],"product_tag":[],"class_list":{"0":"post-10461","1":"product","2":"type-product","3":"status-publish","4":"has-post-thumbnail","6":"product_cat-planchas-y-electrobarbacoas-premium","7":"product_cat-premium","9":"first","10":"instock","11":"product-type-simple"},"yoast_head":"<!-- This site is optimized with the Yoast SEO Premium plugin v24.0 (Yoast SEO v26.5) - https:\/\/yoast.com\/wordpress\/plugins\/seo\/ -->\n<title>PLANCHA DE ASAR EL\u00c9CTRICA 58x33CM 2500W KUKEN - K\u00fcken<\/title>\n<meta name=\"description\" content=\"Nueva plancha de asar el\u00e9ctrica k\u00fcken con la que podr\u00e1s asar carnes, verduras y pescados con tus amigos de manera m\u00e1s r\u00e1pida y sencilla.\" \/>\n<meta name=\"robots\" content=\"index, follow, max-snippet:-1, max-image-preview:large, max-video-preview:-1\" \/>\n<link rel=\"canonical\" href=\"https:\/\/kuken.es\/en\/product-2\/raclette-grill-and-stone-1200w-kuken-8\/\" \/>\n<meta property=\"og:locale\" content=\"en_GB\" \/>\n<meta property=\"og:type\" content=\"article\" \/>\n<meta property=\"og:title\" content=\"PLANCHA DE ASAR EL\u00c9CTRICA 58x33CM 2500W KUKEN\" \/>\n<meta property=\"og:description\" content=\"Nueva plancha de asar el\u00e9ctrica k\u00fcken con la que podr\u00e1s asar carnes, verduras y pescados con tus amigos de manera m\u00e1s r\u00e1pida y sencilla.\" \/>\n<meta property=\"og:url\" content=\"https:\/\/kuken.es\/en\/product-2\/raclette-grill-and-stone-1200w-kuken-8\/\" \/>\n<meta property=\"og:site_name\" content=\"K\u00fcken\" \/>\n<meta property=\"article:publisher\" content=\"https:\/\/es-es.facebook.com\/alfadyser\/\" \/>\n<meta property=\"article:modified_time\" content=\"2025-06-02T11:16:21+00:00\" \/>\n<meta property=\"og:image\" content=\"https:\/\/kuken.es\/wp-content\/uploads\/8425160352127.jpg\" \/>\n\t<meta property=\"og:image:width\" content=\"2000\" \/>\n\t<meta property=\"og:image:height\" content=\"2000\" \/>\n\t<meta property=\"og:image:type\" content=\"image\/jpeg\" \/>\n<meta name=\"twitter:card\" content=\"summary_large_image\" \/>\n<meta name=\"twitter:label1\" content=\"Price\" \/>\n\t<meta name=\"twitter:data1\" content=\"\" \/>\n\t<meta name=\"twitter:label2\" content=\"Availability\" \/>\n\t<meta name=\"twitter:data2\" content=\"In stock\" \/>\n<script type=\"application\/ld+json\" class=\"yoast-schema-graph\">{\"@context\":\"https:\/\/schema.org\",\"@graph\":[{\"@type\":\"WebPage\",\"@id\":\"https:\/\/kuken.es\/producto\/plancha-de-asar-electrica-58x33cm-2500w-kuken\/\",\"url\":\"https:\/\/kuken.es\/producto\/plancha-de-asar-electrica-58x33cm-2500w-kuken\/\",\"name\":\"PLANCHA DE ASAR EL\u00c9CTRICA 58x33CM 2500W KUKEN - K\u00fcken\",\"isPartOf\":{\"@id\":\"https:\/\/kuken.es\/#website\"},\"primaryImageOfPage\":{\"@id\":\"https:\/\/kuken.es\/producto\/plancha-de-asar-electrica-58x33cm-2500w-kuken\/#primaryimage\"},\"image\":{\"@id\":\"https:\/\/kuken.es\/producto\/plancha-de-asar-electrica-58x33cm-2500w-kuken\/#primaryimage\"},\"thumbnailUrl\":\"https:\/\/kuken.es\/wp-content\/uploads\/8425160352127.jpg\",\"datePublished\":\"2023-08-07T08:28:05+00:00\",\"dateModified\":\"2025-06-02T11:16:21+00:00\",\"description\":\"Nueva plancha de asar el\u00e9ctrica k\u00fcken con la que podr\u00e1s asar carnes, verduras y pescados con tus amigos de manera m\u00e1s r\u00e1pida y sencilla.\",\"breadcrumb\":{\"@id\":\"https:\/\/kuken.es\/producto\/plancha-de-asar-electrica-58x33cm-2500w-kuken\/#breadcrumb\"},\"inLanguage\":\"en-GB\",\"potentialAction\":[{\"@type\":\"ReadAction\",\"target\":[\"https:\/\/kuken.es\/producto\/plancha-de-asar-electrica-58x33cm-2500w-kuken\/\"]}]},{\"@type\":\"ImageObject\",\"inLanguage\":\"en-GB\",\"@id\":\"https:\/\/kuken.es\/producto\/plancha-de-asar-electrica-58x33cm-2500w-kuken\/#primaryimage\",\"url\":\"https:\/\/kuken.es\/wp-content\/uploads\/8425160352127.jpg\",\"contentUrl\":\"https:\/\/kuken.es\/wp-content\/uploads\/8425160352127.jpg\",\"width\":2000,\"height\":2000},{\"@type\":\"BreadcrumbList\",\"@id\":\"https:\/\/kuken.es\/producto\/plancha-de-asar-electrica-58x33cm-2500w-kuken\/#breadcrumb\",\"itemListElement\":[{\"@type\":\"ListItem\",\"position\":1,\"name\":\"Portada\",\"item\":\"https:\/\/kuken.es\/\"},{\"@type\":\"ListItem\",\"position\":2,\"name\":\"Productos\",\"item\":\"https:\/\/kuken.es\/productos\/\"},{\"@type\":\"ListItem\",\"position\":3,\"name\":\"PLANCHA DE ASAR EL\u00c9CTRICA 58x33CM 2500W KUKEN\"}]},{\"@type\":\"WebSite\",\"@id\":\"https:\/\/kuken.es\/#website\",\"url\":\"https:\/\/kuken.es\/\",\"name\":\"K\u00fcken\",\"description\":\"Amplia gama de peque\u00f1o electrodom\u00e9stico k\u00fcken\",\"publisher\":{\"@id\":\"https:\/\/kuken.es\/#organization\"},\"potentialAction\":[{\"@type\":\"SearchAction\",\"target\":{\"@type\":\"EntryPoint\",\"urlTemplate\":\"https:\/\/kuken.es\/?s={search_term_string}\"},\"query-input\":{\"@type\":\"PropertyValueSpecification\",\"valueRequired\":true,\"valueName\":\"search_term_string\"}}],\"inLanguage\":\"en-GB\"},{\"@type\":\"Organization\",\"@id\":\"https:\/\/kuken.es\/#organization\",\"name\":\"Alfa Dyser\",\"url\":\"https:\/\/kuken.es\/\",\"logo\":{\"@type\":\"ImageObject\",\"inLanguage\":\"en-GB\",\"@id\":\"https:\/\/kuken.es\/#\/schema\/logo\/image\/\",\"url\":\"https:\/\/kuken.es\/wp-content\/uploads\/2019\/04\/kuken-logo.png\",\"contentUrl\":\"https:\/\/kuken.es\/wp-content\/uploads\/2019\/04\/kuken-logo.png\",\"width\":500,\"height\":191,\"caption\":\"Alfa Dyser\"},\"image\":{\"@id\":\"https:\/\/kuken.es\/#\/schema\/logo\/image\/\"},\"sameAs\":[\"https:\/\/es-es.facebook.com\/alfadyser\/\",\"https:\/\/www.instagram.com\/kuken_appliances\/\"]}]}<\/script>\n<meta property=\"product:price:amount\" content=\"0.00\" \/>\n<meta property=\"product:price:currency\" content=\"EUR\" \/>\n<meta property=\"og:availability\" content=\"instock\" \/>\n<meta property=\"product:availability\" content=\"instock\" \/>\n<meta property=\"product:retailer_item_id\" content=\"36078\" \/>\n<meta property=\"product:condition\" content=\"new\" \/>\n<!-- \/ Yoast SEO Premium plugin. -->","yoast_head_json":{"title":"PLANCHA DE ASAR EL\u00c9CTRICA 58x33CM 2500W KUKEN - K\u00fcken","description":"Nueva plancha de asar el\u00e9ctrica k\u00fcken con la que podr\u00e1s asar carnes, verduras y pescados con tus amigos de manera m\u00e1s r\u00e1pida y sencilla.","robots":{"index":"index","follow":"follow","max-snippet":"max-snippet:-1","max-image-preview":"max-image-preview:large","max-video-preview":"max-video-preview:-1"},"canonical":"https:\/\/kuken.es\/en\/product-2\/raclette-grill-and-stone-1200w-kuken-8\/","og_locale":"en_GB","og_type":"article","og_title":"PLANCHA DE ASAR EL\u00c9CTRICA 58x33CM 2500W KUKEN","og_description":"Nueva plancha de asar el\u00e9ctrica k\u00fcken con la que podr\u00e1s asar carnes, verduras y pescados con tus amigos de manera m\u00e1s r\u00e1pida y sencilla.","og_url":"https:\/\/kuken.es\/en\/product-2\/raclette-grill-and-stone-1200w-kuken-8\/","og_site_name":"K\u00fcken","article_publisher":"https:\/\/es-es.facebook.com\/alfadyser\/","article_modified_time":"2025-06-02T11:16:21+00:00","og_image":[{"width":2000,"height":2000,"url":"https:\/\/kuken.es\/wp-content\/uploads\/8425160352127.jpg","type":"image\/jpeg"}],"twitter_card":"summary_large_image","twitter_misc":{"Price":"","Availability":"In stock"},"schema":{"@context":"https:\/\/schema.org","@graph":[{"@type":"WebPage","@id":"https:\/\/kuken.es\/producto\/plancha-de-asar-electrica-58x33cm-2500w-kuken\/","url":"https:\/\/kuken.es\/producto\/plancha-de-asar-electrica-58x33cm-2500w-kuken\/","name":"PLANCHA DE ASAR EL\u00c9CTRICA 58x33CM 2500W KUKEN - K\u00fcken","isPartOf":{"@id":"https:\/\/kuken.es\/#website"},"primaryImageOfPage":{"@id":"https:\/\/kuken.es\/producto\/plancha-de-asar-electrica-58x33cm-2500w-kuken\/#primaryimage"},"image":{"@id":"https:\/\/kuken.es\/producto\/plancha-de-asar-electrica-58x33cm-2500w-kuken\/#primaryimage"},"thumbnailUrl":"https:\/\/kuken.es\/wp-content\/uploads\/8425160352127.jpg","datePublished":"2023-08-07T08:28:05+00:00","dateModified":"2025-06-02T11:16:21+00:00","description":"Nueva plancha de asar el\u00e9ctrica k\u00fcken con la que podr\u00e1s asar carnes, verduras y pescados con tus amigos de manera m\u00e1s r\u00e1pida y sencilla.","breadcrumb":{"@id":"https:\/\/kuken.es\/producto\/plancha-de-asar-electrica-58x33cm-2500w-kuken\/#breadcrumb"},"inLanguage":"en-GB","potentialAction":[{"@type":"ReadAction","target":["https:\/\/kuken.es\/producto\/plancha-de-asar-electrica-58x33cm-2500w-kuken\/"]}]},{"@type":"ImageObject","inLanguage":"en-GB","@id":"https:\/\/kuken.es\/producto\/plancha-de-asar-electrica-58x33cm-2500w-kuken\/#primaryimage","url":"https:\/\/kuken.es\/wp-content\/uploads\/8425160352127.jpg","contentUrl":"https:\/\/kuken.es\/wp-content\/uploads\/8425160352127.jpg","width":2000,"height":2000},{"@type":"BreadcrumbList","@id":"https:\/\/kuken.es\/producto\/plancha-de-asar-electrica-58x33cm-2500w-kuken\/#breadcrumb","itemListElement":[{"@type":"ListItem","position":1,"name":"Portada","item":"https:\/\/kuken.es\/"},{"@type":"ListItem","position":2,"name":"Productos","item":"https:\/\/kuken.es\/productos\/"},{"@type":"ListItem","position":3,"name":"PLANCHA DE ASAR EL\u00c9CTRICA 58x33CM 2500W KUKEN"}]},{"@type":"WebSite","@id":"https:\/\/kuken.es\/#website","url":"https:\/\/kuken.es\/","name":"K\u00fcken","description":"Wide range of k\u00fcken small household appliances","publisher":{"@id":"https:\/\/kuken.es\/#organization"},"potentialAction":[{"@type":"SearchAction","target":{"@type":"EntryPoint","urlTemplate":"https:\/\/kuken.es\/?s={search_term_string}"},"query-input":{"@type":"PropertyValueSpecification","valueRequired":true,"valueName":"search_term_string"}}],"inLanguage":"en-GB"},{"@type":"Organization","@id":"https:\/\/kuken.es\/#organization","name":"Alpha Dyser","url":"https:\/\/kuken.es\/","logo":{"@type":"ImageObject","inLanguage":"en-GB","@id":"https:\/\/kuken.es\/#\/schema\/logo\/image\/","url":"https:\/\/kuken.es\/wp-content\/uploads\/2019\/04\/kuken-logo.png","contentUrl":"https:\/\/kuken.es\/wp-content\/uploads\/2019\/04\/kuken-logo.png","width":500,"height":191,"caption":"Alfa Dyser"},"image":{"@id":"https:\/\/kuken.es\/#\/schema\/logo\/image\/"},"sameAs":["https:\/\/es-es.facebook.com\/alfadyser\/","https:\/\/www.instagram.com\/kuken_appliances\/"]}]},"product_price_amount":"0.00","product_price_currency":"EUR","og_availability":"instock","product_availability":"instock","product_retailer_item_id":"36078","product_condition":"new"},"_links":{"self":[{"href":"https:\/\/kuken.es\/en\/wp-json\/wp\/v2\/product\/10461","targetHints":{"allow":["GET"]}}],"collection":[{"href":"https:\/\/kuken.es\/en\/wp-json\/wp\/v2\/product"}],"about":[{"href":"https:\/\/kuken.es\/en\/wp-json\/wp\/v2\/types\/product"}],"wp:featuredmedia":[{"embeddable":true,"href":"https:\/\/kuken.es\/en\/wp-json\/wp\/v2\/media\/10459"}],"wp:attachment":[{"href":"https:\/\/kuken.es\/en\/wp-json\/wp\/v2\/media?parent=10461"}],"wp:term":[{"taxonomy":"product_brand","embeddable":true,"href":"https:\/\/kuken.es\/en\/wp-json\/wp\/v2\/product_brand?post=10461"},{"taxonomy":"product_cat","embeddable":true,"href":"https:\/\/kuken.es\/en\/wp-json\/wp\/v2\/product_cat?post=10461"},{"taxonomy":"product_tag","embeddable":true,"href":"https:\/\/kuken.es\/en\/wp-json\/wp\/v2\/product_tag?post=10461"}],"curies":[{"name":"wp","href":"https:\/\/api.w.org\/{rel}","templated":true}]}}