{"id":10399,"date":"2023-07-17T11:18:29","date_gmt":"2023-07-17T09:18:29","guid":{"rendered":"https:\/\/kuken.es\/?post_type=product&#038;p=10399"},"modified":"2025-06-02T12:28:53","modified_gmt":"2025-06-02T10:28:53","slug":"cafetera-goteo-6-tazas-0-60l-kuken-3","status":"publish","type":"product","link":"https:\/\/kuken.es\/en\/product-2\/cafetera-goteo-6-tazas-0-60l-kuken-3\/","title":{"rendered":"DRIP COFFEE MACHINE 10-12 CUPS 1.2L K\u00dcKEN"},"content":{"rendered":"<p>DRIP COFFEE MACHINE 10-12 CUPS 1.2L K\u00dcKEN<\/p>\n<ul data-start=\"863\" data-end=\"1570\">\n<li data-start=\"863\" data-end=\"931\">\n<p data-start=\"865\" data-end=\"931\">Potencia de 900W, garantiza un calentado r\u00e1pido y eficiente.<\/p>\n<\/li>\n<li data-start=\"932\" data-end=\"999\">\n<p data-start=\"934\" data-end=\"999\">Conexi\u00f3n 220-240V ~ 50Hz, compatible con enchufes europeos.<\/p>\n<\/li>\n<li data-start=\"1000\" data-end=\"1065\">\n<p data-start=\"1002\" data-end=\"1065\">Dise\u00f1o resistente con acabado negro, elegante y duradero.<\/p>\n<\/li>\n<li data-start=\"1066\" data-end=\"1134\">\n<p data-start=\"1068\" data-end=\"1134\">Jarra de cristal con capacidad para preparar hasta 12 tazas.<\/p>\n<\/li>\n<li data-start=\"1135\" data-end=\"1215\">\n<p data-start=\"1137\" data-end=\"1215\">Regulaci\u00f3n autom\u00e1tica de temperatura, mantiene el caf\u00e9 a su punto ideal.<\/p>\n<\/li>\n<li data-start=\"1216\" data-end=\"1304\">\n<p data-start=\"1218\" data-end=\"1304\">Placa de calor en la base, conserva la temperatura del caf\u00e9 tras su preparaci\u00f3n.<\/p>\n<\/li>\n<li data-start=\"1305\" data-end=\"1381\">\n<p data-start=\"1307\" data-end=\"1381\">Dep\u00f3sito de agua de 1,2L, con visor transparente para mayor control.<\/p>\n<\/li>\n<li data-start=\"1382\" data-end=\"1450\">\n<p data-start=\"1384\" data-end=\"1450\">Patas antideslizantes, proporcionan estabilidad y seguridad.<\/p>\n<\/li>\n<li data-start=\"1451\" data-end=\"1509\">\n<p data-start=\"1453\" data-end=\"1509\">F\u00e1cil de usar y limpiar, ideal para el uso diario.<\/p>\n<\/li>\n<li data-start=\"1510\" data-end=\"1570\">\n<p data-start=\"1512\" data-end=\"1570\">Incluye 3 a\u00f1os de garant\u00eda, respaldo de calidad K\u00fcken.<\/p>\n<\/li>\n<\/ul>\n<p><div class=\"accordion\"><div class=\"mfn-acc accordion_wrapper  toggle\"><div class=\"question\"><div class=\"title\"><i class=\"icon-plus acc-icon-plus\" aria-hidden=\"true\"><\/i><i class=\"icon-minus acc-icon-minus\" aria-hidden=\"true\"><\/i>Product data<\/div><div class=\"answer\">EAN 8425160343774<\/p>\n<p>DRIP COFFEE MACHINE 10-12 CUPS 1.2L K\u00dcKEN<\/p>\n<p>Package unit 1<br \/>\nColour Black \/ Stainless steel<br \/>\nPackaging Box Colour<br \/>\nPower 900 W<br \/>\nVoltage 230 V<br \/>\nTank capacity 1.2 litres<br \/>\nSize Medium<br \/>\nMaterial Stainless steel \/ Plastic \/ Toughened glass<br \/>\nDetachable Yes<br \/>\nNon-slip feet Yes<br \/>\n<\/div><\/div>\n<\/div><\/div>\n<div class=\"accordion\"><div class=\"mfn-acc accordion_wrapper  toggle\"><div class=\"question\"><div class=\"title\"><i class=\"icon-plus acc-icon-plus\" aria-hidden=\"true\"><\/i><i class=\"icon-minus acc-icon-minus\" aria-hidden=\"true\"><\/i>Accessories<\/div><div class=\"answer\"><\/div><\/div>\n<\/div><\/div>\n<\/p>\n<p>&nbsp;<\/p>\n<div class=\"descargas-producto\"><img loading=\"lazy\" decoding=\"async\" src=\"\/wp-content\/uploads\/2019\/12\/picto-descarrega.png\" alt=\"download data sheet\" width=\"23\" height=\"16\" \/><a href=\"https:\/\/kuken.es\/wp-content\/uploads\/8425160343774_ficha_tecnica.pdf\">Download sheet<\/a><br \/>\n<img loading=\"lazy\" decoding=\"async\" src=\"\/wp-content\/uploads\/2019\/12\/picto-descarrega.png\" alt=\"download instruction manual\" width=\"23\" height=\"16\" \/><a href=\"https:\/\/kuken.es\/wp-content\/uploads\/34377_instrucciones_compressed.pdf\">Download manual<\/a><\/div>\n<div><\/div>\n<div><\/div>\n<div>\n<p><iframe loading=\"lazy\" title=\"Drip coffee machine 10-12 cups 1.20l k\u00fcken\" width=\"560\" height=\"315\" src=\"https:\/\/www.youtube.com\/embed\/9j20bWHiHNM?feature=oembed\" frameborder=\"0\" allow=\"accelerometer; autoplay; clipboard-write; encrypted-media; gyroscope; picture-in-picture; web-share\" referrerpolicy=\"strict-origin-when-cross-origin\" allowfullscreen><\/iframe><\/p>\n<\/div>\n<div><\/div>\n<div><span style=\"color: #bf2121\">Follow us on social media!<\/span><\/div>\n<div><a href=\"https:\/\/www.instagram.com\/kuken_appliances\/\">https:\/\/www.instagram.com\/kuken_appliances\/<\/a><\/div>","protected":false},"excerpt":{"rendered":"<p data-start=\"530\" data-end=\"687\">Caf\u00e9 listo siempre que lo desees. Esta cafetera ofrece capacidad, temperatura constante y dise\u00f1o resistente para disfrutar cada taza en casa o en la oficina.<\/p>\n<blockquote data-start=\"689\" data-end=\"795\">\n<p data-start=\"691\" data-end=\"795\">\n<\/blockquote>","protected":false},"featured_media":10417,"template":"","meta":[],"product_brand":[],"product_cat":[49,38],"product_tag":[],"class_list":{"0":"post-10399","1":"product","2":"type-product","3":"status-publish","4":"has-post-thumbnail","6":"product_cat-cafeteras-y-molinillos-premium","7":"product_cat-premium","9":"first","10":"instock","11":"product-type-simple"},"yoast_head":"<!-- This site is optimized with the Yoast SEO Premium plugin v24.0 (Yoast SEO v26.5) - https:\/\/yoast.com\/wordpress\/plugins\/seo\/ -->\n<title>CAFETERA GOTEO 10-12 TAZAS 1.2L K\u00dcKEN - K\u00fcken<\/title>\n<meta name=\"description\" content=\"Cafetera goteo 10-12 tazas 1.2L K\u00fcken con jarra de cristal, 900W, placa de calor y visor de agua. Disfruta de caf\u00e9 caliente siempre listo.\" \/>\n<meta name=\"robots\" content=\"index, follow, max-snippet:-1, max-image-preview:large, max-video-preview:-1\" \/>\n<link rel=\"canonical\" href=\"https:\/\/kuken.es\/en\/product-2\/cafetera-goteo-6-tazas-0-60l-kuken-3\/\" \/>\n<meta property=\"og:locale\" content=\"en_GB\" \/>\n<meta property=\"og:type\" content=\"article\" \/>\n<meta property=\"og:title\" content=\"CAFETERA GOTEO 10-12 TAZAS 1.2L K\u00dcKEN\" \/>\n<meta property=\"og:description\" content=\"Cafetera goteo 10-12 tazas 1.2L K\u00fcken con jarra de cristal, 900W, placa de calor y visor de agua. Disfruta de caf\u00e9 caliente siempre listo.\" \/>\n<meta property=\"og:url\" content=\"https:\/\/kuken.es\/en\/product-2\/cafetera-goteo-6-tazas-0-60l-kuken-3\/\" \/>\n<meta property=\"og:site_name\" content=\"K\u00fcken\" \/>\n<meta property=\"article:publisher\" content=\"https:\/\/es-es.facebook.com\/alfadyser\/\" \/>\n<meta property=\"article:modified_time\" content=\"2025-06-02T10:28:53+00:00\" \/>\n<meta property=\"og:image\" content=\"https:\/\/kuken.es\/wp-content\/uploads\/productos\/34377_01-2.jpg\" \/>\n\t<meta property=\"og:image:width\" content=\"2000\" \/>\n\t<meta property=\"og:image:height\" content=\"2000\" \/>\n\t<meta property=\"og:image:type\" content=\"image\/jpeg\" \/>\n<meta name=\"twitter:card\" content=\"summary_large_image\" \/>\n<meta name=\"twitter:label1\" content=\"Price\" \/>\n\t<meta name=\"twitter:data1\" content=\"\" \/>\n\t<meta name=\"twitter:label2\" content=\"Availability\" \/>\n\t<meta name=\"twitter:data2\" content=\"In stock\" \/>\n<script type=\"application\/ld+json\" class=\"yoast-schema-graph\">{\"@context\":\"https:\/\/schema.org\",\"@graph\":[{\"@type\":\"WebPage\",\"@id\":\"https:\/\/kuken.es\/producto\/cafetera-goteo-10-12-tazas-1-2l-kuken\/\",\"url\":\"https:\/\/kuken.es\/producto\/cafetera-goteo-10-12-tazas-1-2l-kuken\/\",\"name\":\"CAFETERA GOTEO 10-12 TAZAS 1.2L K\u00dcKEN - K\u00fcken\",\"isPartOf\":{\"@id\":\"https:\/\/kuken.es\/#website\"},\"primaryImageOfPage\":{\"@id\":\"https:\/\/kuken.es\/producto\/cafetera-goteo-10-12-tazas-1-2l-kuken\/#primaryimage\"},\"image\":{\"@id\":\"https:\/\/kuken.es\/producto\/cafetera-goteo-10-12-tazas-1-2l-kuken\/#primaryimage\"},\"thumbnailUrl\":\"https:\/\/kuken.es\/wp-content\/uploads\/productos\/34377_01-2.jpg\",\"datePublished\":\"2023-07-17T09:18:29+00:00\",\"dateModified\":\"2025-06-02T10:28:53+00:00\",\"description\":\"Cafetera goteo 10-12 tazas 1.2L K\u00fcken con jarra de cristal, 900W, placa de calor y visor de agua. Disfruta de caf\u00e9 caliente siempre listo.\",\"breadcrumb\":{\"@id\":\"https:\/\/kuken.es\/producto\/cafetera-goteo-10-12-tazas-1-2l-kuken\/#breadcrumb\"},\"inLanguage\":\"en-GB\",\"potentialAction\":[{\"@type\":\"ReadAction\",\"target\":[\"https:\/\/kuken.es\/producto\/cafetera-goteo-10-12-tazas-1-2l-kuken\/\"]}]},{\"@type\":\"ImageObject\",\"inLanguage\":\"en-GB\",\"@id\":\"https:\/\/kuken.es\/producto\/cafetera-goteo-10-12-tazas-1-2l-kuken\/#primaryimage\",\"url\":\"https:\/\/kuken.es\/wp-content\/uploads\/productos\/34377_01-2.jpg\",\"contentUrl\":\"https:\/\/kuken.es\/wp-content\/uploads\/productos\/34377_01-2.jpg\",\"width\":2000,\"height\":2000},{\"@type\":\"BreadcrumbList\",\"@id\":\"https:\/\/kuken.es\/producto\/cafetera-goteo-10-12-tazas-1-2l-kuken\/#breadcrumb\",\"itemListElement\":[{\"@type\":\"ListItem\",\"position\":1,\"name\":\"Portada\",\"item\":\"https:\/\/kuken.es\/\"},{\"@type\":\"ListItem\",\"position\":2,\"name\":\"Productos\",\"item\":\"https:\/\/kuken.es\/productos\/\"},{\"@type\":\"ListItem\",\"position\":3,\"name\":\"CAFETERA GOTEO 10-12 TAZAS 1.2L K\u00dcKEN\"}]},{\"@type\":\"WebSite\",\"@id\":\"https:\/\/kuken.es\/#website\",\"url\":\"https:\/\/kuken.es\/\",\"name\":\"K\u00fcken\",\"description\":\"Amplia gama de peque\u00f1o electrodom\u00e9stico k\u00fcken\",\"publisher\":{\"@id\":\"https:\/\/kuken.es\/#organization\"},\"potentialAction\":[{\"@type\":\"SearchAction\",\"target\":{\"@type\":\"EntryPoint\",\"urlTemplate\":\"https:\/\/kuken.es\/?s={search_term_string}\"},\"query-input\":{\"@type\":\"PropertyValueSpecification\",\"valueRequired\":true,\"valueName\":\"search_term_string\"}}],\"inLanguage\":\"en-GB\"},{\"@type\":\"Organization\",\"@id\":\"https:\/\/kuken.es\/#organization\",\"name\":\"Alfa Dyser\",\"url\":\"https:\/\/kuken.es\/\",\"logo\":{\"@type\":\"ImageObject\",\"inLanguage\":\"en-GB\",\"@id\":\"https:\/\/kuken.es\/#\/schema\/logo\/image\/\",\"url\":\"https:\/\/kuken.es\/wp-content\/uploads\/2019\/04\/kuken-logo.png\",\"contentUrl\":\"https:\/\/kuken.es\/wp-content\/uploads\/2019\/04\/kuken-logo.png\",\"width\":500,\"height\":191,\"caption\":\"Alfa Dyser\"},\"image\":{\"@id\":\"https:\/\/kuken.es\/#\/schema\/logo\/image\/\"},\"sameAs\":[\"https:\/\/es-es.facebook.com\/alfadyser\/\",\"https:\/\/www.instagram.com\/kuken_appliances\/\"]}]}<\/script>\n<meta property=\"product:price:amount\" content=\"0.00\" \/>\n<meta property=\"product:price:currency\" content=\"EUR\" \/>\n<meta property=\"og:availability\" content=\"instock\" \/>\n<meta property=\"product:availability\" content=\"instock\" \/>\n<meta property=\"product:retailer_item_id\" content=\"34377\" \/>\n<meta property=\"product:condition\" content=\"new\" \/>\n<!-- \/ Yoast SEO Premium plugin. -->","yoast_head_json":{"title":"DRIP COFFEE MACHINE 10-12 CUPS 1.2L K\u00dcKEN - K\u00fcken","description":"Cafetera goteo 10-12 tazas 1.2L K\u00fcken con jarra de cristal, 900W, placa de calor y visor de agua. Disfruta de caf\u00e9 caliente siempre listo.","robots":{"index":"index","follow":"follow","max-snippet":"max-snippet:-1","max-image-preview":"max-image-preview:large","max-video-preview":"max-video-preview:-1"},"canonical":"https:\/\/kuken.es\/en\/product-2\/cafetera-goteo-6-tazas-0-60l-kuken-3\/","og_locale":"en_GB","og_type":"article","og_title":"CAFETERA GOTEO 10-12 TAZAS 1.2L K\u00dcKEN","og_description":"Cafetera goteo 10-12 tazas 1.2L K\u00fcken con jarra de cristal, 900W, placa de calor y visor de agua. Disfruta de caf\u00e9 caliente siempre listo.","og_url":"https:\/\/kuken.es\/en\/product-2\/cafetera-goteo-6-tazas-0-60l-kuken-3\/","og_site_name":"K\u00fcken","article_publisher":"https:\/\/es-es.facebook.com\/alfadyser\/","article_modified_time":"2025-06-02T10:28:53+00:00","og_image":[{"width":2000,"height":2000,"url":"https:\/\/kuken.es\/wp-content\/uploads\/productos\/34377_01-2.jpg","type":"image\/jpeg"}],"twitter_card":"summary_large_image","twitter_misc":{"Price":"","Availability":"In stock"},"schema":{"@context":"https:\/\/schema.org","@graph":[{"@type":"WebPage","@id":"https:\/\/kuken.es\/producto\/cafetera-goteo-10-12-tazas-1-2l-kuken\/","url":"https:\/\/kuken.es\/producto\/cafetera-goteo-10-12-tazas-1-2l-kuken\/","name":"DRIP COFFEE MACHINE 10-12 CUPS 1.2L K\u00dcKEN - K\u00fcken","isPartOf":{"@id":"https:\/\/kuken.es\/#website"},"primaryImageOfPage":{"@id":"https:\/\/kuken.es\/producto\/cafetera-goteo-10-12-tazas-1-2l-kuken\/#primaryimage"},"image":{"@id":"https:\/\/kuken.es\/producto\/cafetera-goteo-10-12-tazas-1-2l-kuken\/#primaryimage"},"thumbnailUrl":"https:\/\/kuken.es\/wp-content\/uploads\/productos\/34377_01-2.jpg","datePublished":"2023-07-17T09:18:29+00:00","dateModified":"2025-06-02T10:28:53+00:00","description":"Cafetera goteo 10-12 tazas 1.2L K\u00fcken con jarra de cristal, 900W, placa de calor y visor de agua. Disfruta de caf\u00e9 caliente siempre listo.","breadcrumb":{"@id":"https:\/\/kuken.es\/producto\/cafetera-goteo-10-12-tazas-1-2l-kuken\/#breadcrumb"},"inLanguage":"en-GB","potentialAction":[{"@type":"ReadAction","target":["https:\/\/kuken.es\/producto\/cafetera-goteo-10-12-tazas-1-2l-kuken\/"]}]},{"@type":"ImageObject","inLanguage":"en-GB","@id":"https:\/\/kuken.es\/producto\/cafetera-goteo-10-12-tazas-1-2l-kuken\/#primaryimage","url":"https:\/\/kuken.es\/wp-content\/uploads\/productos\/34377_01-2.jpg","contentUrl":"https:\/\/kuken.es\/wp-content\/uploads\/productos\/34377_01-2.jpg","width":2000,"height":2000},{"@type":"BreadcrumbList","@id":"https:\/\/kuken.es\/producto\/cafetera-goteo-10-12-tazas-1-2l-kuken\/#breadcrumb","itemListElement":[{"@type":"ListItem","position":1,"name":"Portada","item":"https:\/\/kuken.es\/"},{"@type":"ListItem","position":2,"name":"Productos","item":"https:\/\/kuken.es\/productos\/"},{"@type":"ListItem","position":3,"name":"CAFETERA GOTEO 10-12 TAZAS 1.2L K\u00dcKEN"}]},{"@type":"WebSite","@id":"https:\/\/kuken.es\/#website","url":"https:\/\/kuken.es\/","name":"K\u00fcken","description":"Wide range of k\u00fcken small household appliances","publisher":{"@id":"https:\/\/kuken.es\/#organization"},"potentialAction":[{"@type":"SearchAction","target":{"@type":"EntryPoint","urlTemplate":"https:\/\/kuken.es\/?s={search_term_string}"},"query-input":{"@type":"PropertyValueSpecification","valueRequired":true,"valueName":"search_term_string"}}],"inLanguage":"en-GB"},{"@type":"Organization","@id":"https:\/\/kuken.es\/#organization","name":"Alpha Dyser","url":"https:\/\/kuken.es\/","logo":{"@type":"ImageObject","inLanguage":"en-GB","@id":"https:\/\/kuken.es\/#\/schema\/logo\/image\/","url":"https:\/\/kuken.es\/wp-content\/uploads\/2019\/04\/kuken-logo.png","contentUrl":"https:\/\/kuken.es\/wp-content\/uploads\/2019\/04\/kuken-logo.png","width":500,"height":191,"caption":"Alfa Dyser"},"image":{"@id":"https:\/\/kuken.es\/#\/schema\/logo\/image\/"},"sameAs":["https:\/\/es-es.facebook.com\/alfadyser\/","https:\/\/www.instagram.com\/kuken_appliances\/"]}]},"product_price_amount":"0.00","product_price_currency":"EUR","og_availability":"instock","product_availability":"instock","product_retailer_item_id":"34377","product_condition":"new"},"_links":{"self":[{"href":"https:\/\/kuken.es\/en\/wp-json\/wp\/v2\/product\/10399","targetHints":{"allow":["GET"]}}],"collection":[{"href":"https:\/\/kuken.es\/en\/wp-json\/wp\/v2\/product"}],"about":[{"href":"https:\/\/kuken.es\/en\/wp-json\/wp\/v2\/types\/product"}],"wp:featuredmedia":[{"embeddable":true,"href":"https:\/\/kuken.es\/en\/wp-json\/wp\/v2\/media\/10417"}],"wp:attachment":[{"href":"https:\/\/kuken.es\/en\/wp-json\/wp\/v2\/media?parent=10399"}],"wp:term":[{"taxonomy":"product_brand","embeddable":true,"href":"https:\/\/kuken.es\/en\/wp-json\/wp\/v2\/product_brand?post=10399"},{"taxonomy":"product_cat","embeddable":true,"href":"https:\/\/kuken.es\/en\/wp-json\/wp\/v2\/product_cat?post=10399"},{"taxonomy":"product_tag","embeddable":true,"href":"https:\/\/kuken.es\/en\/wp-json\/wp\/v2\/product_tag?post=10399"}],"curies":[{"name":"wp","href":"https:\/\/api.w.org\/{rel}","templated":true}]}}