{"id":9373,"date":"2022-10-13T12:27:41","date_gmt":"2022-10-13T10:27:41","guid":{"rendered":"https:\/\/kuken.es\/?post_type=product&#038;p=9373"},"modified":"2025-06-02T12:05:08","modified_gmt":"2025-06-02T10:05:08","slug":"kuken-orange-squeezer-mit-arm-160w-5","status":"publish","type":"product","link":"https:\/\/kuken.es\/de\/produkt\/kuken-orange-squeezer-mit-arm-160w-5\/","title":{"rendered":"ORANGE ENTSAFTER MIT ARM 650W KUKEN SCHWARZ"},"content":{"rendered":"<p>ORANGE ENTSAFTER MIT ARM 650W KUKEN SCHWARZ<\/p>\n<ul data-start=\"927\" data-end=\"1641\">\n<li data-start=\"927\" data-end=\"997\">\n<p data-start=\"929\" data-end=\"997\">Exprimidor de 650W, ideal para obtener zumo en pocos segundos.<\/p>\n<\/li>\n<li data-start=\"998\" data-end=\"1059\">\n<p data-start=\"1000\" data-end=\"1059\">Brazo de presi\u00f3n para extraer con el m\u00ednimo esfuerzo.<\/p>\n<\/li>\n<li data-start=\"1060\" data-end=\"1135\">\n<p data-start=\"1062\" data-end=\"1135\">Doble cono desmontable: uno de pl\u00e1stico y otro de acero inoxidable.<\/p>\n<\/li>\n<li data-start=\"1136\" data-end=\"1213\">\n<p data-start=\"1138\" data-end=\"1213\">Adaptable a distintos tama\u00f1os de c\u00edtricos, desde limas hasta pomelos.<\/p>\n<\/li>\n<li data-start=\"1214\" data-end=\"1278\">\n<p data-start=\"1216\" data-end=\"1278\">Filtro de acero inoxidable, resistente y f\u00e1cil de lavar.<\/p>\n<\/li>\n<li data-start=\"1279\" data-end=\"1352\">\n<p data-start=\"1281\" data-end=\"1352\">Sistema de extracci\u00f3n continua, permite servir mientras exprimes.<\/p>\n<\/li>\n<li data-start=\"1353\" data-end=\"1420\">\n<p data-start=\"1355\" data-end=\"1420\">Boquilla antigoteo en acero inoxidable, evita salpicaduras.<\/p>\n<\/li>\n<li data-start=\"1421\" data-end=\"1494\">\n<p data-start=\"1423\" data-end=\"1494\">Encendido autom\u00e1tico, se activa al aplicar presi\u00f3n sobre el cono.<\/p>\n<\/li>\n<li data-start=\"1495\" data-end=\"1562\">\n<p data-start=\"1497\" data-end=\"1562\">Cuerpo en acero inox y PC negro, dise\u00f1o moderno y elegante.<\/p>\n<\/li>\n<li data-start=\"1563\" data-end=\"1641\">\n<p data-start=\"1565\" data-end=\"1641\">Piezas desmontables y base antideslizante, f\u00e1ciles de limpiar y seguras.<\/p>\n<\/li>\n<\/ul>\n<p><div class=\"accordion\"><div class=\"mfn-acc accordion_wrapper  toggle\"><div class=\"question\"><div class=\"title\"><i class=\"icon-plus acc-icon-plus\" aria-hidden=\"true\"><\/i><i class=\"icon-minus acc-icon-minus\" aria-hidden=\"true\"><\/i>Produktdaten<\/div><div class=\"answer\">EAN: 8425160360504<\/p>\n<p>ORANGE ENTSAFTER MIT ARM 650W KUKEN SCHWARZ<\/p>\n<p>Farbe: Schwarz\/Edelstahl<br \/>\nVerpackung: Farbige Schachtel<br \/>\nLeistung: 650 W<br \/>\nSpannung: 230 V<br \/>\nMaterial: Rostfreier Stahl \/ PC<br \/>\nRutschfester Boden: Ja<br \/>\nAbnehmbar: Ja<br \/>\n<\/div><\/div>\n<\/div><\/div>\n<br \/>\n<div class=\"accordion\"><div class=\"mfn-acc accordion_wrapper  toggle\"><div class=\"question\"><div class=\"title\"><i class=\"icon-plus acc-icon-plus\" aria-hidden=\"true\"><\/i><i class=\"icon-minus acc-icon-minus\" aria-hidden=\"true\"><\/i>Zubeh\u00f6r<\/div><div class=\"answer\"><\/div><\/div>\n<\/div><\/div>\n<\/p>\n<div class=\"descargas-producto\"><img loading=\"lazy\" decoding=\"async\" src=\"\/wp-content\/uploads\/2019\/12\/picto-descarrega.png\" alt=\"Datenblatt herunterladen\" width=\"23\" height=\"16\" \/><a href=\"https:\/\/kuken.es\/wp-content\/uploads\/8425160360504_ficha_tecnica.pdf\">Blatt herunterladen<\/a><br \/>\n<a href=\"https:\/\/kuken.es\/wp-content\/uploads\/36050_instrucciones_compressed.pdf\"><img loading=\"lazy\" decoding=\"async\" src=\"\/wp-content\/uploads\/2019\/12\/picto-descarrega.png\" alt=\"Gebrauchsanweisung herunterladen\" width=\"23\" height=\"16\" \/>Handbuch herunterladen<\/a><\/div>\n<div><\/div>\n<div><span style=\"color: #bf2121\">Folgen Sie uns auf den sozialen Medien!<\/span><\/div>\n<div><a href=\"https:\/\/www.instagram.com\/kuken_appliances\/\">https:\/\/www.instagram.com\/kuken_appliances\/<\/a><\/div>\n<p><iframe loading=\"lazy\" title=\"650w kuken orange Entsafter mit Arm Schwarz\" width=\"560\" height=\"315\" src=\"https:\/\/www.youtube.com\/embed\/2su_fWLcGKc?feature=oembed\" frameborder=\"0\" allow=\"accelerometer; autoplay; clipboard-write; encrypted-media; gyroscope; picture-in-picture; web-share\" referrerpolicy=\"strict-origin-when-cross-origin\" allowfullscreen><\/iframe><\/p>","protected":false},"excerpt":{"rendered":"<p data-start=\"596\" data-end=\"749\">Elegancia y funcionalidad en tu cocina. Este exprimidor con brazo extrae zumo sin esfuerzo, con sistema continuo, boquilla antigoteo y limpieza sencilla.<\/p>\n<blockquote data-start=\"751\" data-end=\"859\">\n<p data-start=\"753\" data-end=\"859\">\n<\/blockquote>","protected":false},"featured_media":9378,"template":"","meta":[],"product_brand":[],"product_cat":[43,38],"product_tag":[],"class_list":{"0":"post-9373","1":"product","2":"type-product","3":"status-publish","4":"has-post-thumbnail","6":"product_cat-exprimidores-premium","7":"product_cat-premium","9":"first","10":"instock","11":"product-type-simple"},"yoast_head":"<!-- This site is optimized with the Yoast SEO Premium plugin v24.0 (Yoast SEO v26.5) - https:\/\/yoast.com\/wordpress\/plugins\/seo\/ -->\n<title>EXPRIMIDOR NARANJAS CON BRAZO 650W KUKEN BLACK - K\u00fcken<\/title>\n<meta name=\"description\" content=\"Exprimidor de naranjas con brazo 650w k\u00fcken Black, gracias a su dise\u00f1o con brazo podr\u00e1s preparar tus zumos con el m\u00ednimo esfuerzo. Desc\u00fabrelo aqu\u00ed.\" \/>\n<meta name=\"robots\" content=\"index, follow, max-snippet:-1, max-image-preview:large, max-video-preview:-1\" \/>\n<link rel=\"canonical\" href=\"https:\/\/kuken.es\/de\/produkt\/kuken-orange-squeezer-mit-arm-160w-5\/\" \/>\n<meta property=\"og:locale\" content=\"de_DE\" \/>\n<meta property=\"og:type\" content=\"article\" \/>\n<meta property=\"og:title\" content=\"EXPRIMIDOR NARANJAS CON BRAZO 650W KUKEN BLACK\" \/>\n<meta property=\"og:description\" content=\"Exprimidor de naranjas con brazo 650w k\u00fcken Black, gracias a su dise\u00f1o con brazo podr\u00e1s preparar tus zumos con el m\u00ednimo esfuerzo. Desc\u00fabrelo aqu\u00ed.\" \/>\n<meta property=\"og:url\" content=\"https:\/\/kuken.es\/de\/produkt\/kuken-orange-squeezer-mit-arm-160w-5\/\" \/>\n<meta property=\"og:site_name\" content=\"K\u00fcken\" \/>\n<meta property=\"article:publisher\" content=\"https:\/\/es-es.facebook.com\/alfadyser\/\" \/>\n<meta property=\"article:modified_time\" content=\"2025-06-02T10:05:08+00:00\" \/>\n<meta property=\"og:image\" content=\"https:\/\/kuken.es\/wp-content\/uploads\/8425160360504_01.jpg\" \/>\n\t<meta property=\"og:image:width\" content=\"2000\" \/>\n\t<meta property=\"og:image:height\" content=\"2000\" \/>\n\t<meta property=\"og:image:type\" content=\"image\/jpeg\" \/>\n<meta name=\"twitter:card\" content=\"summary_large_image\" \/>\n<meta name=\"twitter:label1\" content=\"Preis\" \/>\n\t<meta name=\"twitter:data1\" content=\"\" \/>\n\t<meta name=\"twitter:label2\" content=\"Verf\u00fcgbarkeit\" \/>\n\t<meta name=\"twitter:data2\" content=\"Auf Lager\" \/>\n<script type=\"application\/ld+json\" class=\"yoast-schema-graph\">{\"@context\":\"https:\/\/schema.org\",\"@graph\":[{\"@type\":\"WebPage\",\"@id\":\"https:\/\/kuken.es\/producto\/exprimidor-naranjas-con-brazo-650w-kuken-black\/\",\"url\":\"https:\/\/kuken.es\/producto\/exprimidor-naranjas-con-brazo-650w-kuken-black\/\",\"name\":\"EXPRIMIDOR NARANJAS CON BRAZO 650W KUKEN BLACK - K\u00fcken\",\"isPartOf\":{\"@id\":\"https:\/\/kuken.es\/#website\"},\"primaryImageOfPage\":{\"@id\":\"https:\/\/kuken.es\/producto\/exprimidor-naranjas-con-brazo-650w-kuken-black\/#primaryimage\"},\"image\":{\"@id\":\"https:\/\/kuken.es\/producto\/exprimidor-naranjas-con-brazo-650w-kuken-black\/#primaryimage\"},\"thumbnailUrl\":\"https:\/\/kuken.es\/wp-content\/uploads\/8425160360504_01.jpg\",\"datePublished\":\"2022-10-13T10:27:41+00:00\",\"dateModified\":\"2025-06-02T10:05:08+00:00\",\"description\":\"Exprimidor de naranjas con brazo 650w k\u00fcken Black, gracias a su dise\u00f1o con brazo podr\u00e1s preparar tus zumos con el m\u00ednimo esfuerzo. Desc\u00fabrelo aqu\u00ed.\",\"breadcrumb\":{\"@id\":\"https:\/\/kuken.es\/producto\/exprimidor-naranjas-con-brazo-650w-kuken-black\/#breadcrumb\"},\"inLanguage\":\"de\",\"potentialAction\":[{\"@type\":\"ReadAction\",\"target\":[\"https:\/\/kuken.es\/producto\/exprimidor-naranjas-con-brazo-650w-kuken-black\/\"]}]},{\"@type\":\"ImageObject\",\"inLanguage\":\"de\",\"@id\":\"https:\/\/kuken.es\/producto\/exprimidor-naranjas-con-brazo-650w-kuken-black\/#primaryimage\",\"url\":\"https:\/\/kuken.es\/wp-content\/uploads\/8425160360504_01.jpg\",\"contentUrl\":\"https:\/\/kuken.es\/wp-content\/uploads\/8425160360504_01.jpg\",\"width\":2000,\"height\":2000},{\"@type\":\"BreadcrumbList\",\"@id\":\"https:\/\/kuken.es\/producto\/exprimidor-naranjas-con-brazo-650w-kuken-black\/#breadcrumb\",\"itemListElement\":[{\"@type\":\"ListItem\",\"position\":1,\"name\":\"Portada\",\"item\":\"https:\/\/kuken.es\/\"},{\"@type\":\"ListItem\",\"position\":2,\"name\":\"Productos\",\"item\":\"https:\/\/kuken.es\/productos\/\"},{\"@type\":\"ListItem\",\"position\":3,\"name\":\"EXPRIMIDOR NARANJAS CON BRAZO 650W KUKEN BLACK\"}]},{\"@type\":\"WebSite\",\"@id\":\"https:\/\/kuken.es\/#website\",\"url\":\"https:\/\/kuken.es\/\",\"name\":\"K\u00fcken\",\"description\":\"Amplia gama de peque\u00f1o electrodom\u00e9stico k\u00fcken\",\"publisher\":{\"@id\":\"https:\/\/kuken.es\/#organization\"},\"potentialAction\":[{\"@type\":\"SearchAction\",\"target\":{\"@type\":\"EntryPoint\",\"urlTemplate\":\"https:\/\/kuken.es\/?s={search_term_string}\"},\"query-input\":{\"@type\":\"PropertyValueSpecification\",\"valueRequired\":true,\"valueName\":\"search_term_string\"}}],\"inLanguage\":\"de\"},{\"@type\":\"Organization\",\"@id\":\"https:\/\/kuken.es\/#organization\",\"name\":\"Alfa Dyser\",\"url\":\"https:\/\/kuken.es\/\",\"logo\":{\"@type\":\"ImageObject\",\"inLanguage\":\"de\",\"@id\":\"https:\/\/kuken.es\/#\/schema\/logo\/image\/\",\"url\":\"https:\/\/kuken.es\/wp-content\/uploads\/2019\/04\/kuken-logo.png\",\"contentUrl\":\"https:\/\/kuken.es\/wp-content\/uploads\/2019\/04\/kuken-logo.png\",\"width\":500,\"height\":191,\"caption\":\"Alfa Dyser\"},\"image\":{\"@id\":\"https:\/\/kuken.es\/#\/schema\/logo\/image\/\"},\"sameAs\":[\"https:\/\/es-es.facebook.com\/alfadyser\/\",\"https:\/\/www.instagram.com\/kuken_appliances\/\"]}]}<\/script>\n<meta property=\"product:price:amount\" content=\"0.00\" \/>\n<meta property=\"product:price:currency\" content=\"EUR\" \/>\n<meta property=\"og:availability\" content=\"instock\" \/>\n<meta property=\"product:availability\" content=\"instock\" \/>\n<meta property=\"product:retailer_item_id\" content=\"36050\" \/>\n<meta property=\"product:condition\" content=\"new\" \/>\n<!-- \/ Yoast SEO Premium plugin. -->","yoast_head_json":{"title":"ORANGE ENTSAFTER MIT ARM 650W KUKEN SCHWARZ - K\u00fcken","description":"K\u00fcken Black 650w Orangensaftpresse mit Arm, dank seines Designs mit Arm k\u00f6nnen Sie Ihre S\u00e4fte mit minimalem Aufwand zubereiten. Entdecken Sie ihn hier.","robots":{"index":"index","follow":"follow","max-snippet":"max-snippet:-1","max-image-preview":"max-image-preview:large","max-video-preview":"max-video-preview:-1"},"canonical":"https:\/\/kuken.es\/de\/produkt\/kuken-orange-squeezer-mit-arm-160w-5\/","og_locale":"de_DE","og_type":"article","og_title":"EXPRIMIDOR NARANJAS CON BRAZO 650W KUKEN BLACK","og_description":"Exprimidor de naranjas con brazo 650w k\u00fcken Black, gracias a su dise\u00f1o con brazo podr\u00e1s preparar tus zumos con el m\u00ednimo esfuerzo. Desc\u00fabrelo aqu\u00ed.","og_url":"https:\/\/kuken.es\/de\/produkt\/kuken-orange-squeezer-mit-arm-160w-5\/","og_site_name":"K\u00fcken","article_publisher":"https:\/\/es-es.facebook.com\/alfadyser\/","article_modified_time":"2025-06-02T10:05:08+00:00","og_image":[{"width":2000,"height":2000,"url":"https:\/\/kuken.es\/wp-content\/uploads\/8425160360504_01.jpg","type":"image\/jpeg"}],"twitter_card":"summary_large_image","twitter_misc":{"Preis":"","Verf\u00fcgbarkeit":"Auf Lager"},"schema":{"@context":"https:\/\/schema.org","@graph":[{"@type":"WebPage","@id":"https:\/\/kuken.es\/producto\/exprimidor-naranjas-con-brazo-650w-kuken-black\/","url":"https:\/\/kuken.es\/producto\/exprimidor-naranjas-con-brazo-650w-kuken-black\/","name":"ORANGE ENTSAFTER MIT ARM 650W KUKEN SCHWARZ - K\u00fcken","isPartOf":{"@id":"https:\/\/kuken.es\/#website"},"primaryImageOfPage":{"@id":"https:\/\/kuken.es\/producto\/exprimidor-naranjas-con-brazo-650w-kuken-black\/#primaryimage"},"image":{"@id":"https:\/\/kuken.es\/producto\/exprimidor-naranjas-con-brazo-650w-kuken-black\/#primaryimage"},"thumbnailUrl":"https:\/\/kuken.es\/wp-content\/uploads\/8425160360504_01.jpg","datePublished":"2022-10-13T10:27:41+00:00","dateModified":"2025-06-02T10:05:08+00:00","description":"K\u00fcken Black 650w Orangensaftpresse mit Arm, dank seines Designs mit Arm k\u00f6nnen Sie Ihre S\u00e4fte mit minimalem Aufwand zubereiten. Entdecken Sie ihn hier.","breadcrumb":{"@id":"https:\/\/kuken.es\/producto\/exprimidor-naranjas-con-brazo-650w-kuken-black\/#breadcrumb"},"inLanguage":"de","potentialAction":[{"@type":"ReadAction","target":["https:\/\/kuken.es\/producto\/exprimidor-naranjas-con-brazo-650w-kuken-black\/"]}]},{"@type":"ImageObject","inLanguage":"de","@id":"https:\/\/kuken.es\/producto\/exprimidor-naranjas-con-brazo-650w-kuken-black\/#primaryimage","url":"https:\/\/kuken.es\/wp-content\/uploads\/8425160360504_01.jpg","contentUrl":"https:\/\/kuken.es\/wp-content\/uploads\/8425160360504_01.jpg","width":2000,"height":2000},{"@type":"BreadcrumbList","@id":"https:\/\/kuken.es\/producto\/exprimidor-naranjas-con-brazo-650w-kuken-black\/#breadcrumb","itemListElement":[{"@type":"ListItem","position":1,"name":"Portada","item":"https:\/\/kuken.es\/"},{"@type":"ListItem","position":2,"name":"Productos","item":"https:\/\/kuken.es\/productos\/"},{"@type":"ListItem","position":3,"name":"EXPRIMIDOR NARANJAS CON BRAZO 650W KUKEN BLACK"}]},{"@type":"WebSite","@id":"https:\/\/kuken.es\/#website","url":"https:\/\/kuken.es\/","name":"K\u00fcken","description":"Gro\u00dfe Auswahl an k\u00fcken Haushaltskleinger\u00e4ten","publisher":{"@id":"https:\/\/kuken.es\/#organization"},"potentialAction":[{"@type":"SearchAction","target":{"@type":"EntryPoint","urlTemplate":"https:\/\/kuken.es\/?s={search_term_string}"},"query-input":{"@type":"PropertyValueSpecification","valueRequired":true,"valueName":"search_term_string"}}],"inLanguage":"de"},{"@type":"Organization","@id":"https:\/\/kuken.es\/#organization","name":"Alpha Dyser","url":"https:\/\/kuken.es\/","logo":{"@type":"ImageObject","inLanguage":"de","@id":"https:\/\/kuken.es\/#\/schema\/logo\/image\/","url":"https:\/\/kuken.es\/wp-content\/uploads\/2019\/04\/kuken-logo.png","contentUrl":"https:\/\/kuken.es\/wp-content\/uploads\/2019\/04\/kuken-logo.png","width":500,"height":191,"caption":"Alfa Dyser"},"image":{"@id":"https:\/\/kuken.es\/#\/schema\/logo\/image\/"},"sameAs":["https:\/\/es-es.facebook.com\/alfadyser\/","https:\/\/www.instagram.com\/kuken_appliances\/"]}]},"product_price_amount":"0.00","product_price_currency":"EUR","og_availability":"instock","product_availability":"instock","product_retailer_item_id":"36050","product_condition":"new"},"_links":{"self":[{"href":"https:\/\/kuken.es\/de\/wp-json\/wp\/v2\/product\/9373","targetHints":{"allow":["GET"]}}],"collection":[{"href":"https:\/\/kuken.es\/de\/wp-json\/wp\/v2\/product"}],"about":[{"href":"https:\/\/kuken.es\/de\/wp-json\/wp\/v2\/types\/product"}],"wp:featuredmedia":[{"embeddable":true,"href":"https:\/\/kuken.es\/de\/wp-json\/wp\/v2\/media\/9378"}],"wp:attachment":[{"href":"https:\/\/kuken.es\/de\/wp-json\/wp\/v2\/media?parent=9373"}],"wp:term":[{"taxonomy":"product_brand","embeddable":true,"href":"https:\/\/kuken.es\/de\/wp-json\/wp\/v2\/product_brand?post=9373"},{"taxonomy":"product_cat","embeddable":true,"href":"https:\/\/kuken.es\/de\/wp-json\/wp\/v2\/product_cat?post=9373"},{"taxonomy":"product_tag","embeddable":true,"href":"https:\/\/kuken.es\/de\/wp-json\/wp\/v2\/product_tag?post=9373"}],"curies":[{"name":"wp","href":"https:\/\/api.w.org\/{rel}","templated":true}]}}