{"id":9195,"date":"2022-08-29T14:00:42","date_gmt":"2022-08-29T12:00:42","guid":{"rendered":"https:\/\/kuken.es\/?post_type=product&#038;p=9195"},"modified":"2025-05-26T11:00:29","modified_gmt":"2025-05-26T09:00:29","slug":"bartschneider-profi-akku-3w-kuken-3","status":"publish","type":"product","link":"https:\/\/kuken.es\/de\/produkt\/bartschneider-profi-akku-3w-kuken-3\/","title":{"rendered":"PROFESSIONELLE METALL-HAARSCHNEIDEMASCHINE GOLD 5W. KUKEN"},"content":{"rendered":"<p>PROFESSIONELLE METALL-HAARSCHNEIDEMASCHINE GOLD 5W. KUKEN<\/p>\n<ul>\n<li data-start=\"898\" data-end=\"962\">\n<p data-start=\"900\" data-end=\"962\"><strong data-start=\"900\" data-end=\"918\">5W Leistung<\/strong>, perfecta para cortes precisos y fluidos.<\/p>\n<\/li>\n<li data-start=\"963\" data-end=\"1034\">\n<p data-start=\"965\" data-end=\"1034\"><strong data-start=\"965\" data-end=\"998\">Klingen aus rostfreiem Stahl<\/strong>, de alta precisi\u00f3n y durabilidad.<\/p>\n<\/li>\n<li data-start=\"1035\" data-end=\"1097\">\n<p data-start=\"1037\" data-end=\"1097\"><strong data-start=\"1037\" data-end=\"1066\">Sistema de corte avanzado<\/strong>, ideal para cabello y barba.<\/p>\n<\/li>\n<li data-start=\"1098\" data-end=\"1165\">\n<p data-start=\"1100\" data-end=\"1165\"><strong data-start=\"1100\" data-end=\"1122\">Bater\u00eda recargable<\/strong>mit <strong data-start=\"1128\" data-end=\"1162\">autonom\u00eda de hasta 240 minutos<\/strong>.<\/p>\n<\/li>\n<li data-start=\"1166\" data-end=\"1233\">\n<p data-start=\"1168\" data-end=\"1233\"><strong data-start=\"1168\" data-end=\"1197\">Carga completa en 2 horas<\/strong>, mediante <strong data-start=\"1208\" data-end=\"1230\">cable USB incluido<\/strong>.<\/p>\n<\/li>\n<li data-start=\"1234\" data-end=\"1295\">\n<p data-start=\"1236\" data-end=\"1295\"><strong data-start=\"1236\" data-end=\"1259\">Uso con o sin cable<\/strong>, libertad total durante el corte.<\/p>\n<\/li>\n<li data-start=\"1296\" data-end=\"1345\">\n<p data-start=\"1298\" data-end=\"1345\"><strong data-start=\"1298\" data-end=\"1323\">Incluye 3 peines gu\u00eda<\/strong>: 1\u202fmm, 2\u202fmm y 3\u202fmm.<\/p>\n<\/li>\n<li data-start=\"1346\" data-end=\"1412\">\n<p data-start=\"1348\" data-end=\"1412\"><strong data-start=\"1348\" data-end=\"1374\">Indicador LED de carga<\/strong>, visualizaci\u00f3n sencilla del estado.<\/p>\n<\/li>\n<li data-start=\"1413\" data-end=\"1480\">\n<p data-start=\"1415\" data-end=\"1480\"><strong data-start=\"1415\" data-end=\"1441\">Dise\u00f1o met\u00e1lico dorado<\/strong>, con estilo <strong data-start=\"1454\" data-end=\"1477\">vintage profesional<\/strong>.<\/p>\n<\/li>\n<li data-start=\"1481\" data-end=\"1559\">\n<p data-start=\"1483\" data-end=\"1559\"><strong data-start=\"1483\" data-end=\"1534\">Incluye cepillo de limpieza y aceite lubricante<\/strong>, mantenimiento completo.<\/p>\n<\/li>\n<\/ul>\n<p><div class=\"accordion\"><div class=\"mfn-acc accordion_wrapper  toggle\"><div class=\"question\"><div class=\"title\"><i class=\"icon-plus acc-icon-plus\" aria-hidden=\"true\"><\/i><i class=\"icon-minus acc-icon-minus\" aria-hidden=\"true\"><\/i>Produktdaten<\/div><div class=\"answer\">EAN: 8425160340179<\/p>\n<p>PROFESSIONELLE METALL-HAARSCHNEIDEMASCHINE GOLD 5W. KUKEN<\/p>\n<p>Einheiten: 1<br \/>\nFarbe: Gold<br \/>\nVerpackung: Farbige Schachtel<br \/>\nLeistung: 5 W<br \/>\nSpannung: 230 V<br \/>\nMaterial: PC\/Edelstahlklingen.<br \/>\nWiederaufladbar: Ja<br \/>\nZUBEH\u00d6R: 3 F\u00fchrungsk\u00e4mme, USB-Ladekabel, B\u00fcrste und Schmier\u00f6l.<\/div><\/div>\n<\/div><\/div>\n<br \/>\n<div class=\"accordion\"><div class=\"mfn-acc accordion_wrapper  toggle\"><div class=\"question\"><div class=\"title\"><i class=\"icon-plus acc-icon-plus\" aria-hidden=\"true\"><\/i><i class=\"icon-minus acc-icon-minus\" aria-hidden=\"true\"><\/i>Zubeh\u00f6r<\/div><div class=\"answer\">B\u00fcrste + Schmiermittel.<\/div><\/div>\n<\/div><\/div>\n<\/p>\n<div class=\"descargas-producto\"><a href=\"https:\/\/kuken.es\/wp-content\/uploads\/8425160340179_ficha_tecnica.pdf\"><img loading=\"lazy\" decoding=\"async\" src=\"\/wp-content\/uploads\/2019\/12\/picto-descarrega.png\" alt=\"Datenblatt herunterladen\" width=\"23\" height=\"16\" \/>Blatt herunterladen<\/a><br \/>\n<a href=\"https:\/\/kuken.es\/wp-content\/uploads\/34017_instrucciones.pdf\"><img loading=\"lazy\" decoding=\"async\" src=\"\/wp-content\/uploads\/2019\/12\/picto-descarrega.png\" alt=\"Gebrauchsanweisung herunterladen\" width=\"23\" height=\"16\" \/>Handbuch herunterladen<\/a><\/div>\n<div><\/div>\n<div>\n<div><span style=\"color: #bf2121\">Folgen Sie uns auf den sozialen Medien!<\/span><\/div>\n<div><a href=\"https:\/\/www.instagram.com\/kuken_appliances\/\">https:\/\/www.instagram.com\/kuken_appliances<\/a><\/div>\n<\/div>\n<p><iframe loading=\"lazy\" title=\"K\u00fcken Profi-Haarschneider\" width=\"560\" height=\"315\" src=\"https:\/\/www.youtube.com\/embed\/kf_TxGe1SL0?feature=oembed\" frameborder=\"0\" allow=\"accelerometer; autoplay; clipboard-write; encrypted-media; gyroscope; picture-in-picture; web-share\" referrerpolicy=\"strict-origin-when-cross-origin\" allowfullscreen><\/iframe><\/p>","protected":false},"excerpt":{"rendered":"<p data-start=\"571\" data-end=\"736\">Dise\u00f1o vintage y rendimiento profesional. Este cortapelo ofrece gran autonom\u00eda, precisi\u00f3n y versatilidad para cortes definidos de barba y cabello en casa o barber\u00eda.<\/p>\n<blockquote data-start=\"738\" data-end=\"830\">\n<p data-start=\"740\" data-end=\"830\">\n<\/blockquote>","protected":false},"featured_media":9196,"template":"","meta":[],"product_brand":[],"product_cat":[138,74],"product_tag":[],"class_list":{"0":"post-9195","1":"product","2":"type-product","3":"status-publish","4":"has-post-thumbnail","6":"product_cat-afeitadoras","7":"product_cat-corta-pelo-corta-premium","9":"first","10":"instock","11":"shipping-taxable","12":"product-type-simple"},"yoast_head":"<!-- This site is optimized with the Yoast SEO Premium plugin v24.0 (Yoast SEO v26.5) - https:\/\/yoast.com\/wordpress\/plugins\/seo\/ -->\n<title>CORTAPELO MET\u00c1LICO PROFESIONAL DORADO 5W. KUKEN - K\u00fcken<\/title>\n<meta name=\"description\" content=\"Cortapelo met\u00e1lico profesional dorado 5W K\u00fcken, recargable, con cuchillas inox, 240 min de autonom\u00eda, peines, LED e ideal para pelo y barba.\" \/>\n<meta name=\"robots\" content=\"index, follow, max-snippet:-1, max-image-preview:large, max-video-preview:-1\" \/>\n<link rel=\"canonical\" href=\"https:\/\/kuken.es\/de\/produkt\/bartschneider-profi-akku-3w-kuken-3\/\" \/>\n<meta property=\"og:locale\" content=\"de_DE\" \/>\n<meta property=\"og:type\" content=\"article\" \/>\n<meta property=\"og:title\" content=\"CORTAPELO MET\u00c1LICO PROFESIONAL DORADO 5W. KUKEN\" \/>\n<meta property=\"og:description\" content=\"Cortapelo met\u00e1lico profesional dorado 5W K\u00fcken, recargable, con cuchillas inox, 240 min de autonom\u00eda, peines, LED e ideal para pelo y barba.\" \/>\n<meta property=\"og:url\" content=\"https:\/\/kuken.es\/de\/produkt\/bartschneider-profi-akku-3w-kuken-3\/\" \/>\n<meta property=\"og:site_name\" content=\"K\u00fcken\" \/>\n<meta property=\"article:publisher\" content=\"https:\/\/es-es.facebook.com\/alfadyser\/\" \/>\n<meta property=\"article:modified_time\" content=\"2025-05-26T09:00:29+00:00\" \/>\n<meta property=\"og:image\" content=\"https:\/\/kuken.es\/wp-content\/uploads\/8425160340179_01.jpg\" \/>\n\t<meta property=\"og:image:width\" content=\"2000\" \/>\n\t<meta property=\"og:image:height\" content=\"2000\" \/>\n\t<meta property=\"og:image:type\" content=\"image\/jpeg\" \/>\n<meta name=\"twitter:card\" content=\"summary_large_image\" \/>\n<meta name=\"twitter:label1\" content=\"Preis\" \/>\n\t<meta name=\"twitter:data1\" content=\"\" \/>\n\t<meta name=\"twitter:label2\" content=\"Verf\u00fcgbarkeit\" \/>\n\t<meta name=\"twitter:data2\" content=\"Auf Lager\" \/>\n<script type=\"application\/ld+json\" class=\"yoast-schema-graph\">{\"@context\":\"https:\/\/schema.org\",\"@graph\":[{\"@type\":\"WebPage\",\"@id\":\"https:\/\/kuken.es\/producto\/cortapelo-metalico-profesional-dorado-5w-kuken\/\",\"url\":\"https:\/\/kuken.es\/producto\/cortapelo-metalico-profesional-dorado-5w-kuken\/\",\"name\":\"CORTAPELO MET\u00c1LICO PROFESIONAL DORADO 5W. KUKEN - K\u00fcken\",\"isPartOf\":{\"@id\":\"https:\/\/kuken.es\/#website\"},\"primaryImageOfPage\":{\"@id\":\"https:\/\/kuken.es\/producto\/cortapelo-metalico-profesional-dorado-5w-kuken\/#primaryimage\"},\"image\":{\"@id\":\"https:\/\/kuken.es\/producto\/cortapelo-metalico-profesional-dorado-5w-kuken\/#primaryimage\"},\"thumbnailUrl\":\"https:\/\/kuken.es\/wp-content\/uploads\/8425160340179_01.jpg\",\"datePublished\":\"2022-08-29T12:00:42+00:00\",\"dateModified\":\"2025-05-26T09:00:29+00:00\",\"description\":\"Cortapelo met\u00e1lico profesional dorado 5W K\u00fcken, recargable, con cuchillas inox, 240 min de autonom\u00eda, peines, LED e ideal para pelo y barba.\",\"breadcrumb\":{\"@id\":\"https:\/\/kuken.es\/producto\/cortapelo-metalico-profesional-dorado-5w-kuken\/#breadcrumb\"},\"inLanguage\":\"de\",\"potentialAction\":[{\"@type\":\"ReadAction\",\"target\":[\"https:\/\/kuken.es\/producto\/cortapelo-metalico-profesional-dorado-5w-kuken\/\"]}]},{\"@type\":\"ImageObject\",\"inLanguage\":\"de\",\"@id\":\"https:\/\/kuken.es\/producto\/cortapelo-metalico-profesional-dorado-5w-kuken\/#primaryimage\",\"url\":\"https:\/\/kuken.es\/wp-content\/uploads\/8425160340179_01.jpg\",\"contentUrl\":\"https:\/\/kuken.es\/wp-content\/uploads\/8425160340179_01.jpg\",\"width\":2000,\"height\":2000},{\"@type\":\"BreadcrumbList\",\"@id\":\"https:\/\/kuken.es\/producto\/cortapelo-metalico-profesional-dorado-5w-kuken\/#breadcrumb\",\"itemListElement\":[{\"@type\":\"ListItem\",\"position\":1,\"name\":\"Portada\",\"item\":\"https:\/\/kuken.es\/\"},{\"@type\":\"ListItem\",\"position\":2,\"name\":\"Productos\",\"item\":\"https:\/\/kuken.es\/productos\/\"},{\"@type\":\"ListItem\",\"position\":3,\"name\":\"CORTAPELO MET\u00c1LICO PROFESIONAL DORADO 5W. KUKEN\"}]},{\"@type\":\"WebSite\",\"@id\":\"https:\/\/kuken.es\/#website\",\"url\":\"https:\/\/kuken.es\/\",\"name\":\"K\u00fcken\",\"description\":\"Amplia gama de peque\u00f1o electrodom\u00e9stico k\u00fcken\",\"publisher\":{\"@id\":\"https:\/\/kuken.es\/#organization\"},\"potentialAction\":[{\"@type\":\"SearchAction\",\"target\":{\"@type\":\"EntryPoint\",\"urlTemplate\":\"https:\/\/kuken.es\/?s={search_term_string}\"},\"query-input\":{\"@type\":\"PropertyValueSpecification\",\"valueRequired\":true,\"valueName\":\"search_term_string\"}}],\"inLanguage\":\"de\"},{\"@type\":\"Organization\",\"@id\":\"https:\/\/kuken.es\/#organization\",\"name\":\"Alfa Dyser\",\"url\":\"https:\/\/kuken.es\/\",\"logo\":{\"@type\":\"ImageObject\",\"inLanguage\":\"de\",\"@id\":\"https:\/\/kuken.es\/#\/schema\/logo\/image\/\",\"url\":\"https:\/\/kuken.es\/wp-content\/uploads\/2019\/04\/kuken-logo.png\",\"contentUrl\":\"https:\/\/kuken.es\/wp-content\/uploads\/2019\/04\/kuken-logo.png\",\"width\":500,\"height\":191,\"caption\":\"Alfa Dyser\"},\"image\":{\"@id\":\"https:\/\/kuken.es\/#\/schema\/logo\/image\/\"},\"sameAs\":[\"https:\/\/es-es.facebook.com\/alfadyser\/\",\"https:\/\/www.instagram.com\/kuken_appliances\/\"]}]}<\/script>\n<meta property=\"product:price:amount\" content=\"0.00\" \/>\n<meta property=\"product:price:currency\" content=\"EUR\" \/>\n<meta property=\"og:availability\" content=\"instock\" \/>\n<meta property=\"product:availability\" content=\"instock\" \/>\n<meta property=\"product:retailer_item_id\" content=\"34017\" \/>\n<meta property=\"product:condition\" content=\"new\" \/>\n<!-- \/ Yoast SEO Premium plugin. -->","yoast_head_json":{"title":"PROFESSIONELLE METALL-HAARSCHNEIDEMASCHINE GOLD 5W. KUKEN - K\u00fcken","description":"Cortapelo met\u00e1lico profesional dorado 5W K\u00fcken, recargable, con cuchillas inox, 240 min de autonom\u00eda, peines, LED e ideal para pelo y barba.","robots":{"index":"index","follow":"follow","max-snippet":"max-snippet:-1","max-image-preview":"max-image-preview:large","max-video-preview":"max-video-preview:-1"},"canonical":"https:\/\/kuken.es\/de\/produkt\/bartschneider-profi-akku-3w-kuken-3\/","og_locale":"de_DE","og_type":"article","og_title":"CORTAPELO MET\u00c1LICO PROFESIONAL DORADO 5W. KUKEN","og_description":"Cortapelo met\u00e1lico profesional dorado 5W K\u00fcken, recargable, con cuchillas inox, 240 min de autonom\u00eda, peines, LED e ideal para pelo y barba.","og_url":"https:\/\/kuken.es\/de\/produkt\/bartschneider-profi-akku-3w-kuken-3\/","og_site_name":"K\u00fcken","article_publisher":"https:\/\/es-es.facebook.com\/alfadyser\/","article_modified_time":"2025-05-26T09:00:29+00:00","og_image":[{"width":2000,"height":2000,"url":"https:\/\/kuken.es\/wp-content\/uploads\/8425160340179_01.jpg","type":"image\/jpeg"}],"twitter_card":"summary_large_image","twitter_misc":{"Preis":"","Verf\u00fcgbarkeit":"Auf Lager"},"schema":{"@context":"https:\/\/schema.org","@graph":[{"@type":"WebPage","@id":"https:\/\/kuken.es\/producto\/cortapelo-metalico-profesional-dorado-5w-kuken\/","url":"https:\/\/kuken.es\/producto\/cortapelo-metalico-profesional-dorado-5w-kuken\/","name":"PROFESSIONELLE METALL-HAARSCHNEIDEMASCHINE GOLD 5W. KUKEN - K\u00fcken","isPartOf":{"@id":"https:\/\/kuken.es\/#website"},"primaryImageOfPage":{"@id":"https:\/\/kuken.es\/producto\/cortapelo-metalico-profesional-dorado-5w-kuken\/#primaryimage"},"image":{"@id":"https:\/\/kuken.es\/producto\/cortapelo-metalico-profesional-dorado-5w-kuken\/#primaryimage"},"thumbnailUrl":"https:\/\/kuken.es\/wp-content\/uploads\/8425160340179_01.jpg","datePublished":"2022-08-29T12:00:42+00:00","dateModified":"2025-05-26T09:00:29+00:00","description":"Cortapelo met\u00e1lico profesional dorado 5W K\u00fcken, recargable, con cuchillas inox, 240 min de autonom\u00eda, peines, LED e ideal para pelo y barba.","breadcrumb":{"@id":"https:\/\/kuken.es\/producto\/cortapelo-metalico-profesional-dorado-5w-kuken\/#breadcrumb"},"inLanguage":"de","potentialAction":[{"@type":"ReadAction","target":["https:\/\/kuken.es\/producto\/cortapelo-metalico-profesional-dorado-5w-kuken\/"]}]},{"@type":"ImageObject","inLanguage":"de","@id":"https:\/\/kuken.es\/producto\/cortapelo-metalico-profesional-dorado-5w-kuken\/#primaryimage","url":"https:\/\/kuken.es\/wp-content\/uploads\/8425160340179_01.jpg","contentUrl":"https:\/\/kuken.es\/wp-content\/uploads\/8425160340179_01.jpg","width":2000,"height":2000},{"@type":"BreadcrumbList","@id":"https:\/\/kuken.es\/producto\/cortapelo-metalico-profesional-dorado-5w-kuken\/#breadcrumb","itemListElement":[{"@type":"ListItem","position":1,"name":"Portada","item":"https:\/\/kuken.es\/"},{"@type":"ListItem","position":2,"name":"Productos","item":"https:\/\/kuken.es\/productos\/"},{"@type":"ListItem","position":3,"name":"CORTAPELO MET\u00c1LICO PROFESIONAL DORADO 5W. KUKEN"}]},{"@type":"WebSite","@id":"https:\/\/kuken.es\/#website","url":"https:\/\/kuken.es\/","name":"K\u00fcken","description":"Gro\u00dfe Auswahl an k\u00fcken Haushaltskleinger\u00e4ten","publisher":{"@id":"https:\/\/kuken.es\/#organization"},"potentialAction":[{"@type":"SearchAction","target":{"@type":"EntryPoint","urlTemplate":"https:\/\/kuken.es\/?s={search_term_string}"},"query-input":{"@type":"PropertyValueSpecification","valueRequired":true,"valueName":"search_term_string"}}],"inLanguage":"de"},{"@type":"Organization","@id":"https:\/\/kuken.es\/#organization","name":"Alpha Dyser","url":"https:\/\/kuken.es\/","logo":{"@type":"ImageObject","inLanguage":"de","@id":"https:\/\/kuken.es\/#\/schema\/logo\/image\/","url":"https:\/\/kuken.es\/wp-content\/uploads\/2019\/04\/kuken-logo.png","contentUrl":"https:\/\/kuken.es\/wp-content\/uploads\/2019\/04\/kuken-logo.png","width":500,"height":191,"caption":"Alfa Dyser"},"image":{"@id":"https:\/\/kuken.es\/#\/schema\/logo\/image\/"},"sameAs":["https:\/\/es-es.facebook.com\/alfadyser\/","https:\/\/www.instagram.com\/kuken_appliances\/"]}]},"product_price_amount":"0.00","product_price_currency":"EUR","og_availability":"instock","product_availability":"instock","product_retailer_item_id":"34017","product_condition":"new"},"_links":{"self":[{"href":"https:\/\/kuken.es\/de\/wp-json\/wp\/v2\/product\/9195","targetHints":{"allow":["GET"]}}],"collection":[{"href":"https:\/\/kuken.es\/de\/wp-json\/wp\/v2\/product"}],"about":[{"href":"https:\/\/kuken.es\/de\/wp-json\/wp\/v2\/types\/product"}],"wp:featuredmedia":[{"embeddable":true,"href":"https:\/\/kuken.es\/de\/wp-json\/wp\/v2\/media\/9196"}],"wp:attachment":[{"href":"https:\/\/kuken.es\/de\/wp-json\/wp\/v2\/media?parent=9195"}],"wp:term":[{"taxonomy":"product_brand","embeddable":true,"href":"https:\/\/kuken.es\/de\/wp-json\/wp\/v2\/product_brand?post=9195"},{"taxonomy":"product_cat","embeddable":true,"href":"https:\/\/kuken.es\/de\/wp-json\/wp\/v2\/product_cat?post=9195"},{"taxonomy":"product_tag","embeddable":true,"href":"https:\/\/kuken.es\/de\/wp-json\/wp\/v2\/product_tag?post=9195"}],"curies":[{"name":"wp","href":"https:\/\/api.w.org\/{rel}","templated":true}]}}