{"id":6150,"date":"2020-10-27T13:42:00","date_gmt":"2020-10-27T12:42:00","guid":{"rendered":"https:\/\/kuken.es\/producto\/ventilador-de-pie-kuken-100w\/"},"modified":"2026-02-19T12:43:02","modified_gmt":"2026-02-19T11:43:02","slug":"fus-ventilator-hochgeschwindigkeits-ventilator-kuken-100w","status":"publish","type":"product","link":"https:\/\/kuken.es\/de\/produkt\/fus-ventilator-hochgeschwindigkeits-ventilator-kuken-100w\/","title":{"rendered":"K\u00dcKEN 100W LEISTUNGSSTARKER BODENVENTILATOR"},"content":{"rendered":"<p>K\u00dcKEN 100W LEISTUNGSSTARKER BODENVENTILATOR<\/p>\n<ul>\n<li data-start=\"567\" data-end=\"640\">Motor de 100W: proporciona una ventilaci\u00f3n potente y constante.<\/li>\n<li data-start=\"643\" data-end=\"729\">Altura regulable de 104 a 127 cm: se adapta a diferentes necesidades y espacios.<\/li>\n<li data-start=\"732\" data-end=\"808\">Aspas met\u00e1licas de alto rendimiento: ofrecen mayor caudal de aire.<\/li>\n<li data-start=\"732\" data-end=\"808\">Caudal de aire 45600-48000 m\u00b3\/h.<\/li>\n<li data-start=\"732\" data-end=\"808\">Nivel sonoro 65dB.<\/li>\n<li data-start=\"811\" data-end=\"890\">Selector mec\u00e1nico: tres velocidades para ajustar la intensidad del flujo.<\/li>\n<li data-start=\"893\" data-end=\"975\">Cabezal orientable verticalmente: permite dirigir el aire con precisi\u00f3n.<\/li>\n<li data-start=\"978\" data-end=\"1066\">Funci\u00f3n oscilante de hasta 180\u00b0: mejora la distribuci\u00f3n del aire en la habitaci\u00f3n.<\/li>\n<li data-start=\"1069\" data-end=\"1150\">Rejilla de seguridad met\u00e1lica: protege durante el uso y aporta durabilidad.<\/li>\n<li data-start=\"1153\" data-end=\"1213\">Asa de transporte trasera: facilita el desplazamiento.<\/li>\n<li data-start=\"1216\" data-end=\"1293\">Base antideslizante: ofrece estabilidad incluso a m\u00e1xima velocidad.<\/li>\n<li data-start=\"1296\" data-end=\"1358\">Cable de 1,7 metros: permite mayor libertad de colocaci\u00f3n.<\/li>\n<\/ul>\n<p><div class=\"accordion\"><div class=\"mfn-acc accordion_wrapper  toggle\"><div class=\"question\"><div class=\"title\"><i class=\"icon-plus acc-icon-plus\" aria-hidden=\"true\"><\/i><i class=\"icon-minus acc-icon-minus\" aria-hidden=\"true\"><\/i>Produktdaten<\/div><div class=\"answer\">EAN: 8425160338114<\/p>\n<p>K\u00dcKEN 100W LEISTUNGSSTARKER BODENVENTILATOR<\/p>\n<p>Einheiten: 1<br \/>\nFarbe: Chrom und Schwarz<br \/>\nVerpackung: Farbige Schachtel<br \/>\nLeistung: 100W<br \/>\nSpannung: 230V<br \/>\nRutschfester Boden: Ja<br \/>\nGeschwindigkeiten: 3<br \/>\nGewicht: 3,34 kg<br \/>\nDurchmesser: 420 mm<\/div><\/div>\n<\/div><\/div>\n<br \/>\n<div class=\"accordion\"><div class=\"mfn-acc accordion_wrapper  toggle\"><div class=\"question\"><div class=\"title\"><i class=\"icon-plus acc-icon-plus\" aria-hidden=\"true\"><\/i><i class=\"icon-minus acc-icon-minus\" aria-hidden=\"true\"><\/i>Zubeh\u00f6r<\/div><div class=\"answer\"><\/div><\/div>\n<\/div><\/div>\n<\/p>\n<div class=\"descargas-producto\"><a href=\"https:\/\/kuken.es\/wp-content\/uploads\/8425160338114_ficha_tecnica.pdf\" target=\"_blank\" rel=\"noopener noreferrer\"><br \/>\n<img loading=\"lazy\" decoding=\"async\" src=\"\/wp-content\/uploads\/2019\/12\/picto-descarrega.png\" alt=\"Datenblatt herunterladen\" width=\"23\" height=\"16\" \/>Blatt herunterladen<\/a><a href=\"https:\/\/kuken.es\/wp-content\/uploads\/instrucciones-33811.pdf\" target=\"_blank\" rel=\"noopener noreferrer\"><br \/>\n<img loading=\"lazy\" decoding=\"async\" src=\"\/wp-content\/uploads\/2019\/12\/picto-descarrega.png\" alt=\"Gebrauchsanweisung herunterladen\" width=\"23\" height=\"16\" \/>Handbuch herunterladen<\/a><\/div>\n<div><\/div>\n<div><span style=\"color: #bf2121;\">Folgen Sie uns auf den sozialen Medien!<\/span><\/div>\n<div><a href=\"https:\/\/www.instagram.com\/kuken_appliances\/\">https:\/\/www.instagram.com\/kuken_appliances\/<\/a><\/div>\n<p><iframe loading=\"lazy\" title=\"Ventilatoren Kuken\" width=\"560\" height=\"315\" src=\"https:\/\/www.youtube.com\/embed\/YiLHFxcebs0?feature=oembed\" frameborder=\"0\" allow=\"accelerometer; autoplay; clipboard-write; encrypted-media; gyroscope; picture-in-picture; web-share\" referrerpolicy=\"strict-origin-when-cross-origin\" allowfullscreen><\/iframe><\/p>","protected":false},"excerpt":{"rendered":"<p data-start=\"372\" data-end=\"527\">Refresca tus espacios con m\u00e1xima potencia y estabilidad. Ideal para estancias amplias, combina un dise\u00f1o robusto, orientaci\u00f3n ajustable y control mec\u00e1nico.<\/p>","protected":false},"featured_media":8640,"template":"","meta":[],"product_brand":[],"product_cat":[38,65,135],"product_tag":[],"class_list":{"0":"post-6150","1":"product","2":"type-product","3":"status-publish","4":"has-post-thumbnail","6":"product_cat-premium","7":"product_cat-ventilacion-premium","8":"product_cat-ventiladores","10":"first","11":"instock","12":"product-type-simple"},"yoast_head":"<!-- This site is optimized with the Yoast SEO Premium plugin v24.0 (Yoast SEO v26.5) - https:\/\/yoast.com\/wordpress\/plugins\/seo\/ -->\n<title>VENTILADOR DE PIE DE ALTA POTENCIA K\u00dcKEN 100W - K\u00fcken<\/title>\n<meta name=\"description\" content=\"Ventilador de pie de alta potencia con acabado en color negro. Aspas met\u00e1licas y base de gran estabilidad. Desc\u00fabrelo aqu\u00ed.\" \/>\n<meta name=\"robots\" content=\"index, follow, max-snippet:-1, max-image-preview:large, max-video-preview:-1\" \/>\n<link rel=\"canonical\" href=\"https:\/\/kuken.es\/de\/produkt\/fus-ventilator-hochgeschwindigkeits-ventilator-kuken-100w\/\" \/>\n<meta property=\"og:locale\" content=\"de_DE\" \/>\n<meta property=\"og:type\" content=\"article\" \/>\n<meta property=\"og:title\" content=\"VENTILADOR DE PIE DE ALTA POTENCIA K\u00dcKEN 100W\" \/>\n<meta property=\"og:description\" content=\"Ventilador de pie de alta potencia con acabado en color negro. Aspas met\u00e1licas y base de gran estabilidad. Desc\u00fabrelo aqu\u00ed.\" \/>\n<meta property=\"og:url\" content=\"https:\/\/kuken.es\/de\/produkt\/fus-ventilator-hochgeschwindigkeits-ventilator-kuken-100w\/\" \/>\n<meta property=\"og:site_name\" content=\"K\u00fcken\" \/>\n<meta property=\"article:publisher\" content=\"https:\/\/es-es.facebook.com\/alfadyser\/\" \/>\n<meta property=\"article:modified_time\" content=\"2026-02-19T11:43:02+00:00\" \/>\n<meta property=\"og:image\" content=\"https:\/\/kuken.es\/wp-content\/uploads\/8425160338114_01.jpg\" \/>\n\t<meta property=\"og:image:width\" content=\"2000\" \/>\n\t<meta property=\"og:image:height\" content=\"2000\" \/>\n\t<meta property=\"og:image:type\" content=\"image\/jpeg\" \/>\n<meta name=\"twitter:card\" content=\"summary_large_image\" \/>\n<meta name=\"twitter:label1\" content=\"Preis\" \/>\n\t<meta name=\"twitter:data1\" content=\"\" \/>\n\t<meta name=\"twitter:label2\" content=\"Verf\u00fcgbarkeit\" \/>\n\t<meta name=\"twitter:data2\" content=\"Auf Lager\" \/>\n<script type=\"application\/ld+json\" class=\"yoast-schema-graph\">{\"@context\":\"https:\/\/schema.org\",\"@graph\":[{\"@type\":\"WebPage\",\"@id\":\"https:\/\/kuken.es\/producto\/ventilador-de-pie-de-alta-velocidad-kuken-100w\/\",\"url\":\"https:\/\/kuken.es\/producto\/ventilador-de-pie-de-alta-velocidad-kuken-100w\/\",\"name\":\"VENTILADOR DE PIE DE ALTA POTENCIA K\u00dcKEN 100W - K\u00fcken\",\"isPartOf\":{\"@id\":\"https:\/\/kuken.es\/#website\"},\"primaryImageOfPage\":{\"@id\":\"https:\/\/kuken.es\/producto\/ventilador-de-pie-de-alta-velocidad-kuken-100w\/#primaryimage\"},\"image\":{\"@id\":\"https:\/\/kuken.es\/producto\/ventilador-de-pie-de-alta-velocidad-kuken-100w\/#primaryimage\"},\"thumbnailUrl\":\"https:\/\/kuken.es\/wp-content\/uploads\/8425160338114_01.jpg\",\"datePublished\":\"2020-10-27T12:42:00+00:00\",\"dateModified\":\"2026-02-19T11:43:02+00:00\",\"description\":\"Ventilador de pie de alta potencia con acabado en color negro. Aspas met\u00e1licas y base de gran estabilidad. Desc\u00fabrelo aqu\u00ed.\",\"breadcrumb\":{\"@id\":\"https:\/\/kuken.es\/producto\/ventilador-de-pie-de-alta-velocidad-kuken-100w\/#breadcrumb\"},\"inLanguage\":\"de\",\"potentialAction\":[{\"@type\":\"ReadAction\",\"target\":[\"https:\/\/kuken.es\/producto\/ventilador-de-pie-de-alta-velocidad-kuken-100w\/\"]}]},{\"@type\":\"ImageObject\",\"inLanguage\":\"de\",\"@id\":\"https:\/\/kuken.es\/producto\/ventilador-de-pie-de-alta-velocidad-kuken-100w\/#primaryimage\",\"url\":\"https:\/\/kuken.es\/wp-content\/uploads\/8425160338114_01.jpg\",\"contentUrl\":\"https:\/\/kuken.es\/wp-content\/uploads\/8425160338114_01.jpg\",\"width\":2000,\"height\":2000},{\"@type\":\"BreadcrumbList\",\"@id\":\"https:\/\/kuken.es\/producto\/ventilador-de-pie-de-alta-velocidad-kuken-100w\/#breadcrumb\",\"itemListElement\":[{\"@type\":\"ListItem\",\"position\":1,\"name\":\"Portada\",\"item\":\"https:\/\/kuken.es\/\"},{\"@type\":\"ListItem\",\"position\":2,\"name\":\"Productos\",\"item\":\"https:\/\/kuken.es\/productos\/\"},{\"@type\":\"ListItem\",\"position\":3,\"name\":\"VENTILADOR DE PIE DE ALTA POTENCIA K\u00dcKEN 100W\"}]},{\"@type\":\"WebSite\",\"@id\":\"https:\/\/kuken.es\/#website\",\"url\":\"https:\/\/kuken.es\/\",\"name\":\"K\u00fcken\",\"description\":\"Amplia gama de peque\u00f1o electrodom\u00e9stico k\u00fcken\",\"publisher\":{\"@id\":\"https:\/\/kuken.es\/#organization\"},\"potentialAction\":[{\"@type\":\"SearchAction\",\"target\":{\"@type\":\"EntryPoint\",\"urlTemplate\":\"https:\/\/kuken.es\/?s={search_term_string}\"},\"query-input\":{\"@type\":\"PropertyValueSpecification\",\"valueRequired\":true,\"valueName\":\"search_term_string\"}}],\"inLanguage\":\"de\"},{\"@type\":\"Organization\",\"@id\":\"https:\/\/kuken.es\/#organization\",\"name\":\"Alfa Dyser\",\"url\":\"https:\/\/kuken.es\/\",\"logo\":{\"@type\":\"ImageObject\",\"inLanguage\":\"de\",\"@id\":\"https:\/\/kuken.es\/#\/schema\/logo\/image\/\",\"url\":\"https:\/\/kuken.es\/wp-content\/uploads\/2019\/04\/kuken-logo.png\",\"contentUrl\":\"https:\/\/kuken.es\/wp-content\/uploads\/2019\/04\/kuken-logo.png\",\"width\":500,\"height\":191,\"caption\":\"Alfa Dyser\"},\"image\":{\"@id\":\"https:\/\/kuken.es\/#\/schema\/logo\/image\/\"},\"sameAs\":[\"https:\/\/es-es.facebook.com\/alfadyser\/\",\"https:\/\/www.instagram.com\/kuken_appliances\/\"]}]}<\/script>\n<meta property=\"product:price:amount\" content=\"0.00\" \/>\n<meta property=\"product:price:currency\" content=\"EUR\" \/>\n<meta property=\"og:availability\" content=\"instock\" \/>\n<meta property=\"product:availability\" content=\"instock\" \/>\n<meta property=\"product:retailer_item_id\" content=\"33811\" \/>\n<meta property=\"product:condition\" content=\"new\" \/>\n<!-- \/ Yoast SEO Premium plugin. -->","yoast_head_json":{"title":"K\u00dcKEN 100W HIGH POWER FUSSL\u00dcFTER - K\u00fcken","description":"Leistungsstarker Standventilator mit schwarzer Oberfl\u00e4che. Metallklingen und sehr stabile Basis. Entdecken Sie es hier.","robots":{"index":"index","follow":"follow","max-snippet":"max-snippet:-1","max-image-preview":"max-image-preview:large","max-video-preview":"max-video-preview:-1"},"canonical":"https:\/\/kuken.es\/de\/produkt\/fus-ventilator-hochgeschwindigkeits-ventilator-kuken-100w\/","og_locale":"de_DE","og_type":"article","og_title":"VENTILADOR DE PIE DE ALTA POTENCIA K\u00dcKEN 100W","og_description":"Ventilador de pie de alta potencia con acabado en color negro. Aspas met\u00e1licas y base de gran estabilidad. Desc\u00fabrelo aqu\u00ed.","og_url":"https:\/\/kuken.es\/de\/produkt\/fus-ventilator-hochgeschwindigkeits-ventilator-kuken-100w\/","og_site_name":"K\u00fcken","article_publisher":"https:\/\/es-es.facebook.com\/alfadyser\/","article_modified_time":"2026-02-19T11:43:02+00:00","og_image":[{"width":2000,"height":2000,"url":"https:\/\/kuken.es\/wp-content\/uploads\/8425160338114_01.jpg","type":"image\/jpeg"}],"twitter_card":"summary_large_image","twitter_misc":{"Preis":"","Verf\u00fcgbarkeit":"Auf Lager"},"schema":{"@context":"https:\/\/schema.org","@graph":[{"@type":"WebPage","@id":"https:\/\/kuken.es\/producto\/ventilador-de-pie-de-alta-velocidad-kuken-100w\/","url":"https:\/\/kuken.es\/producto\/ventilador-de-pie-de-alta-velocidad-kuken-100w\/","name":"K\u00dcKEN 100W HIGH POWER FUSSL\u00dcFTER - K\u00fcken","isPartOf":{"@id":"https:\/\/kuken.es\/#website"},"primaryImageOfPage":{"@id":"https:\/\/kuken.es\/producto\/ventilador-de-pie-de-alta-velocidad-kuken-100w\/#primaryimage"},"image":{"@id":"https:\/\/kuken.es\/producto\/ventilador-de-pie-de-alta-velocidad-kuken-100w\/#primaryimage"},"thumbnailUrl":"https:\/\/kuken.es\/wp-content\/uploads\/8425160338114_01.jpg","datePublished":"2020-10-27T12:42:00+00:00","dateModified":"2026-02-19T11:43:02+00:00","description":"Leistungsstarker Standventilator mit schwarzer Oberfl\u00e4che. Metallklingen und sehr stabile Basis. Entdecken Sie es hier.","breadcrumb":{"@id":"https:\/\/kuken.es\/producto\/ventilador-de-pie-de-alta-velocidad-kuken-100w\/#breadcrumb"},"inLanguage":"de","potentialAction":[{"@type":"ReadAction","target":["https:\/\/kuken.es\/producto\/ventilador-de-pie-de-alta-velocidad-kuken-100w\/"]}]},{"@type":"ImageObject","inLanguage":"de","@id":"https:\/\/kuken.es\/producto\/ventilador-de-pie-de-alta-velocidad-kuken-100w\/#primaryimage","url":"https:\/\/kuken.es\/wp-content\/uploads\/8425160338114_01.jpg","contentUrl":"https:\/\/kuken.es\/wp-content\/uploads\/8425160338114_01.jpg","width":2000,"height":2000},{"@type":"BreadcrumbList","@id":"https:\/\/kuken.es\/producto\/ventilador-de-pie-de-alta-velocidad-kuken-100w\/#breadcrumb","itemListElement":[{"@type":"ListItem","position":1,"name":"Portada","item":"https:\/\/kuken.es\/"},{"@type":"ListItem","position":2,"name":"Productos","item":"https:\/\/kuken.es\/productos\/"},{"@type":"ListItem","position":3,"name":"VENTILADOR DE PIE DE ALTA POTENCIA K\u00dcKEN 100W"}]},{"@type":"WebSite","@id":"https:\/\/kuken.es\/#website","url":"https:\/\/kuken.es\/","name":"K\u00fcken","description":"Gro\u00dfe Auswahl an k\u00fcken Haushaltskleinger\u00e4ten","publisher":{"@id":"https:\/\/kuken.es\/#organization"},"potentialAction":[{"@type":"SearchAction","target":{"@type":"EntryPoint","urlTemplate":"https:\/\/kuken.es\/?s={search_term_string}"},"query-input":{"@type":"PropertyValueSpecification","valueRequired":true,"valueName":"search_term_string"}}],"inLanguage":"de"},{"@type":"Organization","@id":"https:\/\/kuken.es\/#organization","name":"Alpha Dyser","url":"https:\/\/kuken.es\/","logo":{"@type":"ImageObject","inLanguage":"de","@id":"https:\/\/kuken.es\/#\/schema\/logo\/image\/","url":"https:\/\/kuken.es\/wp-content\/uploads\/2019\/04\/kuken-logo.png","contentUrl":"https:\/\/kuken.es\/wp-content\/uploads\/2019\/04\/kuken-logo.png","width":500,"height":191,"caption":"Alfa Dyser"},"image":{"@id":"https:\/\/kuken.es\/#\/schema\/logo\/image\/"},"sameAs":["https:\/\/es-es.facebook.com\/alfadyser\/","https:\/\/www.instagram.com\/kuken_appliances\/"]}]},"product_price_amount":"0.00","product_price_currency":"EUR","og_availability":"instock","product_availability":"instock","product_retailer_item_id":"33811","product_condition":"new"},"_links":{"self":[{"href":"https:\/\/kuken.es\/de\/wp-json\/wp\/v2\/product\/6150","targetHints":{"allow":["GET"]}}],"collection":[{"href":"https:\/\/kuken.es\/de\/wp-json\/wp\/v2\/product"}],"about":[{"href":"https:\/\/kuken.es\/de\/wp-json\/wp\/v2\/types\/product"}],"wp:featuredmedia":[{"embeddable":true,"href":"https:\/\/kuken.es\/de\/wp-json\/wp\/v2\/media\/8640"}],"wp:attachment":[{"href":"https:\/\/kuken.es\/de\/wp-json\/wp\/v2\/media?parent=6150"}],"wp:term":[{"taxonomy":"product_brand","embeddable":true,"href":"https:\/\/kuken.es\/de\/wp-json\/wp\/v2\/product_brand?post=6150"},{"taxonomy":"product_cat","embeddable":true,"href":"https:\/\/kuken.es\/de\/wp-json\/wp\/v2\/product_cat?post=6150"},{"taxonomy":"product_tag","embeddable":true,"href":"https:\/\/kuken.es\/de\/wp-json\/wp\/v2\/product_tag?post=6150"}],"curies":[{"name":"wp","href":"https:\/\/api.w.org\/{rel}","templated":true}]}}