{"id":3801,"date":"2020-03-02T10:45:34","date_gmt":"2020-03-02T09:45:34","guid":{"rendered":"https:\/\/kuken.es\/producto\/hervidor-agua-electrico-1500w-red-kuken\/"},"modified":"2025-06-02T06:30:36","modified_gmt":"2025-06-02T04:30:36","slug":"wasserkocher-elektrisch-rot-1500w-kuken","status":"publish","type":"product","link":"https:\/\/kuken.es\/de\/produkt\/wasserkocher-elektrisch-rot-1500w-kuken\/","title":{"rendered":"ELEKTRISCHER WASSERKOCHER ROT 1500W K\u00dcKEN"},"content":{"rendered":"<p>ELEKTRISCHER WASSERKOCHER ROT 1500W K\u00dcKEN<\/p>\n<ul>\n<li data-start=\"563\" data-end=\"637\">\n<p data-start=\"565\" data-end=\"637\">Potencia de 1500W: garantiza un calentamiento r\u00e1pido del agua.<\/p>\n<\/li>\n<li data-start=\"638\" data-end=\"704\">\n<p data-start=\"640\" data-end=\"704\">Capacidad de 2,0 litros: ideal para uso diario o familiar.<\/p>\n<\/li>\n<li data-start=\"705\" data-end=\"805\">\n<p data-start=\"707\" data-end=\"805\">Cuerpo en acero inoxidable: con acabado en rojo metalizado y detalles en pl\u00e1stico negro.<\/p>\n<\/li>\n<li data-start=\"806\" data-end=\"902\">\n<p data-start=\"808\" data-end=\"902\">Apagado autom\u00e1tico: tras alcanzar los 70\u00b0 o el m\u00e1ximo de 100\u00b0C para mayor seguridad.<\/p>\n<\/li>\n<li data-start=\"903\" data-end=\"988\">\n<p data-start=\"905\" data-end=\"988\">Tapa con filtro integrado: y pulsador de apertura para un llenado c\u00f3modo.<\/p>\n<\/li>\n<li data-start=\"989\" data-end=\"1076\">\n<p data-start=\"991\" data-end=\"1076\">Base independiente con recogecables: permite un manejo m\u00e1s pr\u00e1ctico y ordenado.<\/p>\n<\/li>\n<li data-start=\"1077\" data-end=\"1160\">\n<p data-start=\"1079\" data-end=\"1160\">Asa ergon\u00f3mica: con pulsador de encendido integrado para control f\u00e1cil.<\/p>\n<\/li>\n<li data-start=\"1161\" data-end=\"1236\">\n<p data-start=\"1163\" data-end=\"1236\">Luz LED de encendido: indica visualmente el estado de funcionamiento.<\/p>\n<\/li>\n<\/ul>\n<p><div class=\"accordion\"><div class=\"mfn-acc accordion_wrapper  toggle\"><div class=\"question\"><div class=\"title\"><i class=\"icon-plus acc-icon-plus\" aria-hidden=\"true\"><\/i><i class=\"icon-minus acc-icon-minus\" aria-hidden=\"true\"><\/i>Produktdaten<\/div><div class=\"answer\">EAN 8425160335786<\/p>\n<p>ELEKTRISCHER WASSERKOCHER ROT 1500W K\u00dcKEN<\/p>\n<p>Packeinheit 1<br \/>\nFarbe Rot<br \/>\nVerpackung Box Farbe<br \/>\nLeistung 1500 W<br \/>\nSpannung 230 V<br \/>\nFassungsverm\u00f6gen 2,0 Liter<br \/>\nGro\u00dfes Format<br \/>\nMaterial Edelstahl \/ PC<br \/>\nRutschfeste F\u00fc\u00dfe Ja<br \/>\nGewicht 0,77 kg<\/div><\/div>\n<\/div><\/div>\n<br \/>\n<div class=\"accordion\"><div class=\"mfn-acc accordion_wrapper  toggle\"><div class=\"question\"><div class=\"title\"><i class=\"icon-plus acc-icon-plus\" aria-hidden=\"true\"><\/i><i class=\"icon-minus acc-icon-minus\" aria-hidden=\"true\"><\/i>Zubeh\u00f6r<\/div><div class=\"answer\"><\/div><\/div>\n<\/div><\/div>\n<\/p>\n<div class=\"descargas-producto\"><a href=\"\/wp-content\/uploads\/pdf\/8425160335786_ficha_tecnica.pdf\" target=\"_blank\" rel=\"noopener noreferrer\"><br \/>\n<img loading=\"lazy\" decoding=\"async\" src=\"\/wp-content\/uploads\/2019\/12\/picto-descarrega.png\" alt=\"Datenblatt herunterladen\" width=\"23\" height=\"16\" \/>Blatt herunterladen<\/a><br \/>\n<a href=\"\/wp-content\/uploads\/pdf\/33578.pdf\"><img loading=\"lazy\" decoding=\"async\" src=\"\/wp-content\/uploads\/2019\/12\/picto-descarrega.png\" alt=\"Gebrauchsanweisung herunterladen\" width=\"23\" height=\"16\" \/>Handbuch herunterladen<\/a><\/div>\n<div><\/div>\n<div><span style=\"color: #bf2121\">Folgen Sie uns auf den sozialen Medien!<\/span><\/div>\n<div><a href=\"https:\/\/www.instagram.com\/kuken_appliances\/\">https:\/\/www.instagram.com\/kuken_appliances\/<\/a><\/div>\n<p><iframe loading=\"lazy\" title=\"Elektrischer Wasserkocher 1500w k\u00fcken network\" width=\"560\" height=\"315\" src=\"https:\/\/www.youtube.com\/embed\/7xNP2ci8uZ0?feature=oembed\" frameborder=\"0\" allow=\"accelerometer; autoplay; clipboard-write; encrypted-media; gyroscope; picture-in-picture; web-share\" referrerpolicy=\"strict-origin-when-cross-origin\" allowfullscreen><\/iframe><\/p>","protected":false},"excerpt":{"rendered":"<p data-start=\"382\" data-end=\"525\">Dise\u00f1o llamativo y funcionalidad moderna para tu cocina. Ideal para hervir agua de forma segura y eficiente, con gran capacidad y f\u00e1cil manejo.<\/p>","protected":false},"featured_media":3802,"template":"","meta":[],"product_brand":[],"product_cat":[84,78],"product_tag":[],"class_list":{"0":"post-3801","1":"product","2":"type-product","3":"status-publish","4":"has-post-thumbnail","6":"product_cat-hervidores-red","7":"product_cat-red","9":"first","10":"instock","11":"product-type-simple"},"yoast_head":"<!-- This site is optimized with the Yoast SEO Premium plugin v24.0 (Yoast SEO v26.5) - https:\/\/yoast.com\/wordpress\/plugins\/seo\/ -->\n<title>HERVIDOR DE AGUA EL\u00c9CTRICO ROJO 1500W K\u00dcKEN - K\u00fcken<\/title>\n<meta name=\"description\" content=\"Hervidor de agua el\u00e9ctrico rojo k\u00fcken. Prepara infusiones o calienta agua para cocinar de manera m\u00e1s r\u00e1pida y f\u00e1cil. Desc\u00fabrelo ahora.\" \/>\n<meta name=\"robots\" content=\"index, follow, max-snippet:-1, max-image-preview:large, max-video-preview:-1\" \/>\n<link rel=\"canonical\" href=\"https:\/\/kuken.es\/de\/produkt\/wasserkocher-elektrisch-rot-1500w-kuken\/\" \/>\n<meta property=\"og:locale\" content=\"de_DE\" \/>\n<meta property=\"og:type\" content=\"article\" \/>\n<meta property=\"og:title\" content=\"HERVIDOR DE AGUA EL\u00c9CTRICO ROJO 1500W K\u00dcKEN\" \/>\n<meta property=\"og:description\" content=\"Hervidor de agua el\u00e9ctrico rojo k\u00fcken. Prepara infusiones o calienta agua para cocinar de manera m\u00e1s r\u00e1pida y f\u00e1cil. Desc\u00fabrelo ahora.\" \/>\n<meta property=\"og:url\" content=\"https:\/\/kuken.es\/de\/produkt\/wasserkocher-elektrisch-rot-1500w-kuken\/\" \/>\n<meta property=\"og:site_name\" content=\"K\u00fcken\" \/>\n<meta property=\"article:publisher\" content=\"https:\/\/es-es.facebook.com\/alfadyser\/\" \/>\n<meta property=\"article:modified_time\" content=\"2025-06-02T04:30:36+00:00\" \/>\n<meta property=\"og:image\" content=\"https:\/\/kuken.es\/wp-content\/uploads\/2020\/03\/HERVIDOR-AGUA-EL\u00c9CTRICO-1500W-RED-KUKEN.jpg\" \/>\n\t<meta property=\"og:image:width\" content=\"853\" \/>\n\t<meta property=\"og:image:height\" content=\"853\" \/>\n\t<meta property=\"og:image:type\" content=\"image\/jpeg\" \/>\n<meta name=\"twitter:card\" content=\"summary_large_image\" \/>\n<meta name=\"twitter:label1\" content=\"Preis\" \/>\n\t<meta name=\"twitter:data1\" content=\"\" \/>\n\t<meta name=\"twitter:label2\" content=\"Verf\u00fcgbarkeit\" \/>\n\t<meta name=\"twitter:data2\" content=\"Auf Lager\" \/>\n<script type=\"application\/ld+json\" class=\"yoast-schema-graph\">{\"@context\":\"https:\/\/schema.org\",\"@graph\":[{\"@type\":\"WebPage\",\"@id\":\"https:\/\/kuken.es\/producto\/hervidor-de-agua-electrico-rojo-1500w-kuken\/\",\"url\":\"https:\/\/kuken.es\/producto\/hervidor-de-agua-electrico-rojo-1500w-kuken\/\",\"name\":\"HERVIDOR DE AGUA EL\u00c9CTRICO ROJO 1500W K\u00dcKEN - K\u00fcken\",\"isPartOf\":{\"@id\":\"https:\/\/kuken.es\/#website\"},\"primaryImageOfPage\":{\"@id\":\"https:\/\/kuken.es\/producto\/hervidor-de-agua-electrico-rojo-1500w-kuken\/#primaryimage\"},\"image\":{\"@id\":\"https:\/\/kuken.es\/producto\/hervidor-de-agua-electrico-rojo-1500w-kuken\/#primaryimage\"},\"thumbnailUrl\":\"https:\/\/kuken.es\/wp-content\/uploads\/2020\/03\/HERVIDOR-AGUA-EL\u00c9CTRICO-1500W-RED-KUKEN.jpg\",\"datePublished\":\"2020-03-02T09:45:34+00:00\",\"dateModified\":\"2025-06-02T04:30:36+00:00\",\"description\":\"Hervidor de agua el\u00e9ctrico rojo k\u00fcken. Prepara infusiones o calienta agua para cocinar de manera m\u00e1s r\u00e1pida y f\u00e1cil. Desc\u00fabrelo ahora.\",\"breadcrumb\":{\"@id\":\"https:\/\/kuken.es\/producto\/hervidor-de-agua-electrico-rojo-1500w-kuken\/#breadcrumb\"},\"inLanguage\":\"de\",\"potentialAction\":[{\"@type\":\"ReadAction\",\"target\":[\"https:\/\/kuken.es\/producto\/hervidor-de-agua-electrico-rojo-1500w-kuken\/\"]}]},{\"@type\":\"ImageObject\",\"inLanguage\":\"de\",\"@id\":\"https:\/\/kuken.es\/producto\/hervidor-de-agua-electrico-rojo-1500w-kuken\/#primaryimage\",\"url\":\"https:\/\/kuken.es\/wp-content\/uploads\/2020\/03\/HERVIDOR-AGUA-EL\u00c9CTRICO-1500W-RED-KUKEN.jpg\",\"contentUrl\":\"https:\/\/kuken.es\/wp-content\/uploads\/2020\/03\/HERVIDOR-AGUA-EL\u00c9CTRICO-1500W-RED-KUKEN.jpg\",\"width\":853,\"height\":853,\"caption\":\"Hervidor de agua el\u00e9ctrico rojo k\u00fcken\"},{\"@type\":\"BreadcrumbList\",\"@id\":\"https:\/\/kuken.es\/producto\/hervidor-de-agua-electrico-rojo-1500w-kuken\/#breadcrumb\",\"itemListElement\":[{\"@type\":\"ListItem\",\"position\":1,\"name\":\"Portada\",\"item\":\"https:\/\/kuken.es\/\"},{\"@type\":\"ListItem\",\"position\":2,\"name\":\"Productos\",\"item\":\"https:\/\/kuken.es\/productos\/\"},{\"@type\":\"ListItem\",\"position\":3,\"name\":\"HERVIDOR DE AGUA EL\u00c9CTRICO ROJO 1500W K\u00dcKEN\"}]},{\"@type\":\"WebSite\",\"@id\":\"https:\/\/kuken.es\/#website\",\"url\":\"https:\/\/kuken.es\/\",\"name\":\"K\u00fcken\",\"description\":\"Amplia gama de peque\u00f1o electrodom\u00e9stico k\u00fcken\",\"publisher\":{\"@id\":\"https:\/\/kuken.es\/#organization\"},\"potentialAction\":[{\"@type\":\"SearchAction\",\"target\":{\"@type\":\"EntryPoint\",\"urlTemplate\":\"https:\/\/kuken.es\/?s={search_term_string}\"},\"query-input\":{\"@type\":\"PropertyValueSpecification\",\"valueRequired\":true,\"valueName\":\"search_term_string\"}}],\"inLanguage\":\"de\"},{\"@type\":\"Organization\",\"@id\":\"https:\/\/kuken.es\/#organization\",\"name\":\"Alfa Dyser\",\"url\":\"https:\/\/kuken.es\/\",\"logo\":{\"@type\":\"ImageObject\",\"inLanguage\":\"de\",\"@id\":\"https:\/\/kuken.es\/#\/schema\/logo\/image\/\",\"url\":\"https:\/\/kuken.es\/wp-content\/uploads\/2019\/04\/kuken-logo.png\",\"contentUrl\":\"https:\/\/kuken.es\/wp-content\/uploads\/2019\/04\/kuken-logo.png\",\"width\":500,\"height\":191,\"caption\":\"Alfa Dyser\"},\"image\":{\"@id\":\"https:\/\/kuken.es\/#\/schema\/logo\/image\/\"},\"sameAs\":[\"https:\/\/es-es.facebook.com\/alfadyser\/\",\"https:\/\/www.instagram.com\/kuken_appliances\/\"]}]}<\/script>\n<meta property=\"product:price:amount\" content=\"0.00\" \/>\n<meta property=\"product:price:currency\" content=\"EUR\" \/>\n<meta property=\"og:availability\" content=\"instock\" \/>\n<meta property=\"product:availability\" content=\"instock\" \/>\n<meta property=\"product:retailer_item_id\" content=\"33578\" \/>\n<meta property=\"product:condition\" content=\"new\" \/>\n<!-- \/ Yoast SEO Premium plugin. -->","yoast_head_json":{"title":"ELEKTRISCHER WASSERK\u00dcHLER ROT 1500W K\u00dcKEN - K\u00fcken","description":"K\u00fcken roter elektrischer Wasserkocher. Bereiten Sie Kr\u00e4utertees zu oder erhitzen Sie Wasser zum Kochen auf eine schnellere und einfachere Weise. Entdecken Sie es jetzt.","robots":{"index":"index","follow":"follow","max-snippet":"max-snippet:-1","max-image-preview":"max-image-preview:large","max-video-preview":"max-video-preview:-1"},"canonical":"https:\/\/kuken.es\/de\/produkt\/wasserkocher-elektrisch-rot-1500w-kuken\/","og_locale":"de_DE","og_type":"article","og_title":"HERVIDOR DE AGUA EL\u00c9CTRICO ROJO 1500W K\u00dcKEN","og_description":"Hervidor de agua el\u00e9ctrico rojo k\u00fcken. Prepara infusiones o calienta agua para cocinar de manera m\u00e1s r\u00e1pida y f\u00e1cil. Desc\u00fabrelo ahora.","og_url":"https:\/\/kuken.es\/de\/produkt\/wasserkocher-elektrisch-rot-1500w-kuken\/","og_site_name":"K\u00fcken","article_publisher":"https:\/\/es-es.facebook.com\/alfadyser\/","article_modified_time":"2025-06-02T04:30:36+00:00","og_image":[{"width":853,"height":853,"url":"https:\/\/kuken.es\/wp-content\/uploads\/2020\/03\/HERVIDOR-AGUA-EL\u00c9CTRICO-1500W-RED-KUKEN.jpg","type":"image\/jpeg"}],"twitter_card":"summary_large_image","twitter_misc":{"Preis":"","Verf\u00fcgbarkeit":"Auf Lager"},"schema":{"@context":"https:\/\/schema.org","@graph":[{"@type":"WebPage","@id":"https:\/\/kuken.es\/producto\/hervidor-de-agua-electrico-rojo-1500w-kuken\/","url":"https:\/\/kuken.es\/producto\/hervidor-de-agua-electrico-rojo-1500w-kuken\/","name":"ELEKTRISCHER WASSERK\u00dcHLER ROT 1500W K\u00dcKEN - K\u00fcken","isPartOf":{"@id":"https:\/\/kuken.es\/#website"},"primaryImageOfPage":{"@id":"https:\/\/kuken.es\/producto\/hervidor-de-agua-electrico-rojo-1500w-kuken\/#primaryimage"},"image":{"@id":"https:\/\/kuken.es\/producto\/hervidor-de-agua-electrico-rojo-1500w-kuken\/#primaryimage"},"thumbnailUrl":"https:\/\/kuken.es\/wp-content\/uploads\/2020\/03\/HERVIDOR-AGUA-EL\u00c9CTRICO-1500W-RED-KUKEN.jpg","datePublished":"2020-03-02T09:45:34+00:00","dateModified":"2025-06-02T04:30:36+00:00","description":"K\u00fcken roter elektrischer Wasserkocher. Bereiten Sie Kr\u00e4utertees zu oder erhitzen Sie Wasser zum Kochen auf eine schnellere und einfachere Weise. Entdecken Sie es jetzt.","breadcrumb":{"@id":"https:\/\/kuken.es\/producto\/hervidor-de-agua-electrico-rojo-1500w-kuken\/#breadcrumb"},"inLanguage":"de","potentialAction":[{"@type":"ReadAction","target":["https:\/\/kuken.es\/producto\/hervidor-de-agua-electrico-rojo-1500w-kuken\/"]}]},{"@type":"ImageObject","inLanguage":"de","@id":"https:\/\/kuken.es\/producto\/hervidor-de-agua-electrico-rojo-1500w-kuken\/#primaryimage","url":"https:\/\/kuken.es\/wp-content\/uploads\/2020\/03\/HERVIDOR-AGUA-EL\u00c9CTRICO-1500W-RED-KUKEN.jpg","contentUrl":"https:\/\/kuken.es\/wp-content\/uploads\/2020\/03\/HERVIDOR-AGUA-EL\u00c9CTRICO-1500W-RED-KUKEN.jpg","width":853,"height":853,"caption":"Hervidor de agua el\u00e9ctrico rojo k\u00fcken"},{"@type":"BreadcrumbList","@id":"https:\/\/kuken.es\/producto\/hervidor-de-agua-electrico-rojo-1500w-kuken\/#breadcrumb","itemListElement":[{"@type":"ListItem","position":1,"name":"Portada","item":"https:\/\/kuken.es\/"},{"@type":"ListItem","position":2,"name":"Productos","item":"https:\/\/kuken.es\/productos\/"},{"@type":"ListItem","position":3,"name":"HERVIDOR DE AGUA EL\u00c9CTRICO ROJO 1500W K\u00dcKEN"}]},{"@type":"WebSite","@id":"https:\/\/kuken.es\/#website","url":"https:\/\/kuken.es\/","name":"K\u00fcken","description":"Gro\u00dfe Auswahl an k\u00fcken Haushaltskleinger\u00e4ten","publisher":{"@id":"https:\/\/kuken.es\/#organization"},"potentialAction":[{"@type":"SearchAction","target":{"@type":"EntryPoint","urlTemplate":"https:\/\/kuken.es\/?s={search_term_string}"},"query-input":{"@type":"PropertyValueSpecification","valueRequired":true,"valueName":"search_term_string"}}],"inLanguage":"de"},{"@type":"Organization","@id":"https:\/\/kuken.es\/#organization","name":"Alpha Dyser","url":"https:\/\/kuken.es\/","logo":{"@type":"ImageObject","inLanguage":"de","@id":"https:\/\/kuken.es\/#\/schema\/logo\/image\/","url":"https:\/\/kuken.es\/wp-content\/uploads\/2019\/04\/kuken-logo.png","contentUrl":"https:\/\/kuken.es\/wp-content\/uploads\/2019\/04\/kuken-logo.png","width":500,"height":191,"caption":"Alfa Dyser"},"image":{"@id":"https:\/\/kuken.es\/#\/schema\/logo\/image\/"},"sameAs":["https:\/\/es-es.facebook.com\/alfadyser\/","https:\/\/www.instagram.com\/kuken_appliances\/"]}]},"product_price_amount":"0.00","product_price_currency":"EUR","og_availability":"instock","product_availability":"instock","product_retailer_item_id":"33578","product_condition":"new"},"_links":{"self":[{"href":"https:\/\/kuken.es\/de\/wp-json\/wp\/v2\/product\/3801","targetHints":{"allow":["GET"]}}],"collection":[{"href":"https:\/\/kuken.es\/de\/wp-json\/wp\/v2\/product"}],"about":[{"href":"https:\/\/kuken.es\/de\/wp-json\/wp\/v2\/types\/product"}],"wp:featuredmedia":[{"embeddable":true,"href":"https:\/\/kuken.es\/de\/wp-json\/wp\/v2\/media\/3802"}],"wp:attachment":[{"href":"https:\/\/kuken.es\/de\/wp-json\/wp\/v2\/media?parent=3801"}],"wp:term":[{"taxonomy":"product_brand","embeddable":true,"href":"https:\/\/kuken.es\/de\/wp-json\/wp\/v2\/product_brand?post=3801"},{"taxonomy":"product_cat","embeddable":true,"href":"https:\/\/kuken.es\/de\/wp-json\/wp\/v2\/product_cat?post=3801"},{"taxonomy":"product_tag","embeddable":true,"href":"https:\/\/kuken.es\/de\/wp-json\/wp\/v2\/product_tag?post=3801"}],"curies":[{"name":"wp","href":"https:\/\/api.w.org\/{rel}","templated":true}]}}