{"id":3587,"date":"2020-03-02T10:31:41","date_gmt":"2020-03-02T09:31:41","guid":{"rendered":"https:\/\/kuken.es\/producto\/reloj-cocina-blanco-negro-redondo-30cm-kuken\/"},"modified":"2025-05-30T12:55:07","modified_gmt":"2025-05-30T10:55:07","slug":"kuchenuhr-schwarz-weiss-rund-30cm-kuken","status":"publish","type":"product","link":"https:\/\/kuken.es\/de\/produkt\/kuchenuhr-schwarz-weiss-rund-30cm-kuken\/","title":{"rendered":"K\u00dcCHENUHR SCHWARZ\/WEISS RUND 30CM K\u00dcKEN"},"content":{"rendered":"<p>K\u00dcCHENUHR SCHWARZ\/WEISS RUND 30CM K\u00dcKEN<\/p>\n<ul>\n<li class=\"\" data-start=\"681\" data-end=\"776\">\n<p class=\"\" data-start=\"683\" data-end=\"776\">Dise\u00f1o redondo de 30\u202fcm, en blanco y negro, ideal para cocinas modernas o cl\u00e1sicas.<\/p>\n<\/li>\n<li class=\"\" data-start=\"777\" data-end=\"857\">\n<p class=\"\" data-start=\"779\" data-end=\"857\">N\u00fameros y agujas en negro sobre fondo blanco, lectura clara a distancia.<\/p>\n<\/li>\n<li class=\"\" data-start=\"858\" data-end=\"933\">\n<p class=\"\" data-start=\"860\" data-end=\"933\">Movimiento \u201cNO TICKING\u201d, silencioso y preciso, sin ruido constante.<\/p>\n<\/li>\n<li class=\"\" data-start=\"934\" data-end=\"994\">\n<p class=\"\" data-start=\"936\" data-end=\"994\">Mecanismo de cuarzo, garantiza la exactitud horaria.<\/p>\n<\/li>\n<li class=\"\" data-start=\"995\" data-end=\"1059\">\n<p class=\"\" data-start=\"997\" data-end=\"1059\">Carcasa pl\u00e1stica con acabado negro, resistente y ligera.<\/p>\n<\/li>\n<li class=\"\" data-start=\"1060\" data-end=\"1123\">\n<p class=\"\" data-start=\"1062\" data-end=\"1123\">Funciona con 1 pila AA (incluida), f\u00e1cil de reemplazar.<\/p>\n<\/li>\n<li class=\"\" data-start=\"1124\" data-end=\"1186\">\n<p class=\"\" data-start=\"1126\" data-end=\"1186\">Instalaci\u00f3n sencilla, solo requiere un clavo o gancho.<\/p>\n<\/li>\n<li class=\"\" data-start=\"1187\" data-end=\"1256\">\n<p class=\"\" data-start=\"1189\" data-end=\"1256\">Combina est\u00e9tica y funcionalidad, perfecto para el d\u00eda a d\u00eda.<\/p>\n<\/li>\n<li class=\"\" data-start=\"1257\" data-end=\"1316\">\n<p class=\"\" data-start=\"1259\" data-end=\"1316\">Ideal als Wanduhr f\u00fcr K\u00fcche, B\u00fcro oder Esszimmer.<\/p>\n<\/li>\n<\/ul>\n<p><div class=\"accordion\"><div class=\"mfn-acc accordion_wrapper  toggle\"><div class=\"question\"><div class=\"title\"><i class=\"icon-plus acc-icon-plus\" aria-hidden=\"true\"><\/i><i class=\"icon-minus acc-icon-minus\" aria-hidden=\"true\"><\/i>Produktdaten<\/div><div class=\"answer\">EAN 8425160336769<\/p>\n<p>K\u00dcCHENUHR SCHWARZ\/WEISS RUND 30CM K\u00dcKEN<\/p>\n<p>Packeinheit 1<br \/>\nFarbe Wei\u00df \/ Schwarz<br \/>\nVerpackung Neutrale Box<br \/>\nSpannung 1,5 V<br \/>\nGro\u00dfes Format<br \/>\nAbmessungen \u00d8 300 mm<br \/>\nMaterial Kunststoff<br \/>\nBatteriebetrieben Ja<br \/>\nBatterien enthalten Ja<br \/>\nGewicht 0,50 kg.<\/div><\/div>\n<\/div><\/div>\n<br \/>\n<div class=\"accordion\"><div class=\"mfn-acc accordion_wrapper  toggle\"><div class=\"question\"><div class=\"title\"><i class=\"icon-plus acc-icon-plus\" aria-hidden=\"true\"><\/i><i class=\"icon-minus acc-icon-minus\" aria-hidden=\"true\"><\/i>Zubeh\u00f6r<\/div><div class=\"answer\"><\/div><\/div>\n<\/div><\/div>\n<\/p>\n<div class=\"descargas-producto\"><a href=\"\/wp-content\/uploads\/pdf\/8425160336769_ficha_tecnica.pdf\" target=\"_blank\" rel=\"noopener noreferrer\"><br \/>\n<img loading=\"lazy\" decoding=\"async\" src=\"\/wp-content\/uploads\/2019\/12\/picto-descarrega.png\" alt=\"Datenblatt herunterladen\" width=\"23\" height=\"16\" \/>Blatt herunterladen<\/a><a href=\"\/wp-content\/uploads\/pdf\/home\" target=\"_blank\" rel=\"noopener noreferrer\"><br \/>\n<img loading=\"lazy\" decoding=\"async\" src=\"\/wp-content\/uploads\/2019\/12\/picto-descarrega.png\" alt=\"Gebrauchsanweisung herunterladen\" width=\"23\" height=\"16\" \/>Handbuch herunterladen<\/a><\/div>\n<div><\/div>\n<div><span style=\"color: #bf2121\">Folgen Sie uns auf den sozialen Medien!<\/span><\/div>\n<div><a href=\"https:\/\/www.instagram.com\/kuken_appliances\/\">https:\/\/www.instagram.com\/kuken_appliances\/<\/a><\/div>\n<div><\/div>\n<div>\n<p><iframe loading=\"lazy\" title=\"K\u00fcchenuhr wei\u00df\/schwarz rund 30cm k\u00fcken \/ K\u00fcchenuhr wei\u00df\/chrom rund 25cm k\u00fcken\" width=\"560\" height=\"315\" src=\"https:\/\/www.youtube.com\/embed\/uuoLuJB8xRQ?feature=oembed\" frameborder=\"0\" allow=\"accelerometer; autoplay; clipboard-write; encrypted-media; gyroscope; picture-in-picture; web-share\" referrerpolicy=\"strict-origin-when-cross-origin\" allowfullscreen><\/iframe><\/p>\n<\/div>","protected":false},"excerpt":{"rendered":"<p class=\"\" data-start=\"459\" data-end=\"604\">Funktionelles und elegantes Design f\u00fcr jede K\u00fcche. Leiser Mechanismus, gro\u00dfe Zahlen und robustes Geh\u00e4use. Pr\u00e4zise, leicht abzulesen und zu installieren.<\/p>","protected":false},"featured_media":3588,"template":"","meta":[],"product_brand":[],"product_cat":[38,70],"product_tag":[],"class_list":{"0":"post-3587","1":"product","2":"type-product","3":"status-publish","4":"has-post-thumbnail","6":"product_cat-premium","7":"product_cat-relojes-premium","9":"first","10":"instock","11":"product-type-simple"},"yoast_head":"<!-- This site is optimized with the Yoast SEO Premium plugin v24.0 (Yoast SEO v26.5) - https:\/\/yoast.com\/wordpress\/plugins\/seo\/ -->\n<title>RELOJ COCINA BLANCO\/NEGRO REDONDO 30CM K\u00dcKEN - K\u00fcken<\/title>\n<meta name=\"description\" content=\"Descubre el nuevo y elegante reloj de cocina blanco y negro k\u00fcken. Dale a tu cocina un toque diferente con relojes de dise\u00f1o. Encuentra el tuyo ahora.\" \/>\n<meta name=\"robots\" content=\"index, follow, max-snippet:-1, max-image-preview:large, max-video-preview:-1\" \/>\n<link rel=\"canonical\" href=\"https:\/\/kuken.es\/de\/produkt\/kuchenuhr-schwarz-weiss-rund-30cm-kuken\/\" \/>\n<meta property=\"og:locale\" content=\"de_DE\" \/>\n<meta property=\"og:type\" content=\"article\" \/>\n<meta property=\"og:title\" content=\"RELOJ COCINA BLANCO\/NEGRO REDONDO 30CM K\u00dcKEN\" \/>\n<meta property=\"og:description\" content=\"Descubre el nuevo y elegante reloj de cocina blanco y negro k\u00fcken. Dale a tu cocina un toque diferente con relojes de dise\u00f1o. Encuentra el tuyo ahora.\" \/>\n<meta property=\"og:url\" content=\"https:\/\/kuken.es\/de\/produkt\/kuchenuhr-schwarz-weiss-rund-30cm-kuken\/\" \/>\n<meta property=\"og:site_name\" content=\"K\u00fcken\" \/>\n<meta property=\"article:publisher\" content=\"https:\/\/es-es.facebook.com\/alfadyser\/\" \/>\n<meta property=\"article:modified_time\" content=\"2025-05-30T10:55:07+00:00\" \/>\n<meta property=\"og:image\" content=\"https:\/\/kuken.es\/wp-content\/uploads\/2020\/03\/RELOJ-COCINA-BLANCONEGRO-REDONDO-30CM-KUKEN.jpg\" \/>\n\t<meta property=\"og:image:width\" content=\"853\" \/>\n\t<meta property=\"og:image:height\" content=\"853\" \/>\n\t<meta property=\"og:image:type\" content=\"image\/jpeg\" \/>\n<meta name=\"twitter:card\" content=\"summary_large_image\" \/>\n<meta name=\"twitter:label1\" content=\"Preis\" \/>\n\t<meta name=\"twitter:data1\" content=\"\" \/>\n\t<meta name=\"twitter:label2\" content=\"Verf\u00fcgbarkeit\" \/>\n\t<meta name=\"twitter:data2\" content=\"Auf Lager\" \/>\n<script type=\"application\/ld+json\" class=\"yoast-schema-graph\">{\"@context\":\"https:\/\/schema.org\",\"@graph\":[{\"@type\":\"WebPage\",\"@id\":\"https:\/\/kuken.es\/producto\/reloj-cocina-blanco-negro-redondo-30cm-kuken\/\",\"url\":\"https:\/\/kuken.es\/producto\/reloj-cocina-blanco-negro-redondo-30cm-kuken\/\",\"name\":\"RELOJ COCINA BLANCO\/NEGRO REDONDO 30CM K\u00dcKEN - K\u00fcken\",\"isPartOf\":{\"@id\":\"https:\/\/kuken.es\/#website\"},\"primaryImageOfPage\":{\"@id\":\"https:\/\/kuken.es\/producto\/reloj-cocina-blanco-negro-redondo-30cm-kuken\/#primaryimage\"},\"image\":{\"@id\":\"https:\/\/kuken.es\/producto\/reloj-cocina-blanco-negro-redondo-30cm-kuken\/#primaryimage\"},\"thumbnailUrl\":\"https:\/\/kuken.es\/wp-content\/uploads\/2020\/03\/RELOJ-COCINA-BLANCONEGRO-REDONDO-30CM-KUKEN.jpg\",\"datePublished\":\"2020-03-02T09:31:41+00:00\",\"dateModified\":\"2025-05-30T10:55:07+00:00\",\"description\":\"Descubre el nuevo y elegante reloj de cocina blanco y negro k\u00fcken. Dale a tu cocina un toque diferente con relojes de dise\u00f1o. Encuentra el tuyo ahora.\",\"breadcrumb\":{\"@id\":\"https:\/\/kuken.es\/producto\/reloj-cocina-blanco-negro-redondo-30cm-kuken\/#breadcrumb\"},\"inLanguage\":\"de\",\"potentialAction\":[{\"@type\":\"ReadAction\",\"target\":[\"https:\/\/kuken.es\/producto\/reloj-cocina-blanco-negro-redondo-30cm-kuken\/\"]}]},{\"@type\":\"ImageObject\",\"inLanguage\":\"de\",\"@id\":\"https:\/\/kuken.es\/producto\/reloj-cocina-blanco-negro-redondo-30cm-kuken\/#primaryimage\",\"url\":\"https:\/\/kuken.es\/wp-content\/uploads\/2020\/03\/RELOJ-COCINA-BLANCONEGRO-REDONDO-30CM-KUKEN.jpg\",\"contentUrl\":\"https:\/\/kuken.es\/wp-content\/uploads\/2020\/03\/RELOJ-COCINA-BLANCONEGRO-REDONDO-30CM-KUKEN.jpg\",\"width\":853,\"height\":853,\"caption\":\"Reloj de cocina k\u00fcken blanco y negro\"},{\"@type\":\"BreadcrumbList\",\"@id\":\"https:\/\/kuken.es\/producto\/reloj-cocina-blanco-negro-redondo-30cm-kuken\/#breadcrumb\",\"itemListElement\":[{\"@type\":\"ListItem\",\"position\":1,\"name\":\"Portada\",\"item\":\"https:\/\/kuken.es\/\"},{\"@type\":\"ListItem\",\"position\":2,\"name\":\"Productos\",\"item\":\"https:\/\/kuken.es\/productos\/\"},{\"@type\":\"ListItem\",\"position\":3,\"name\":\"RELOJ COCINA BLANCO\/NEGRO REDONDO 30CM K\u00dcKEN\"}]},{\"@type\":\"WebSite\",\"@id\":\"https:\/\/kuken.es\/#website\",\"url\":\"https:\/\/kuken.es\/\",\"name\":\"K\u00fcken\",\"description\":\"Amplia gama de peque\u00f1o electrodom\u00e9stico k\u00fcken\",\"publisher\":{\"@id\":\"https:\/\/kuken.es\/#organization\"},\"potentialAction\":[{\"@type\":\"SearchAction\",\"target\":{\"@type\":\"EntryPoint\",\"urlTemplate\":\"https:\/\/kuken.es\/?s={search_term_string}\"},\"query-input\":{\"@type\":\"PropertyValueSpecification\",\"valueRequired\":true,\"valueName\":\"search_term_string\"}}],\"inLanguage\":\"de\"},{\"@type\":\"Organization\",\"@id\":\"https:\/\/kuken.es\/#organization\",\"name\":\"Alfa Dyser\",\"url\":\"https:\/\/kuken.es\/\",\"logo\":{\"@type\":\"ImageObject\",\"inLanguage\":\"de\",\"@id\":\"https:\/\/kuken.es\/#\/schema\/logo\/image\/\",\"url\":\"https:\/\/kuken.es\/wp-content\/uploads\/2019\/04\/kuken-logo.png\",\"contentUrl\":\"https:\/\/kuken.es\/wp-content\/uploads\/2019\/04\/kuken-logo.png\",\"width\":500,\"height\":191,\"caption\":\"Alfa Dyser\"},\"image\":{\"@id\":\"https:\/\/kuken.es\/#\/schema\/logo\/image\/\"},\"sameAs\":[\"https:\/\/es-es.facebook.com\/alfadyser\/\",\"https:\/\/www.instagram.com\/kuken_appliances\/\"]}]}<\/script>\n<meta property=\"product:price:amount\" content=\"0.00\" \/>\n<meta property=\"product:price:currency\" content=\"EUR\" \/>\n<meta property=\"og:availability\" content=\"instock\" \/>\n<meta property=\"product:availability\" content=\"instock\" \/>\n<meta property=\"product:retailer_item_id\" content=\"33676\" \/>\n<meta property=\"product:condition\" content=\"new\" \/>\n<!-- \/ Yoast SEO Premium plugin. -->","yoast_head_json":{"title":"K\u00dcCHENUHR SCHWARZ\/WEISS RUND 30CM K\u00dcKEN - K\u00fcken","description":"Entdecken Sie die neue und elegante schwarz-wei\u00dfe K\u00fcchenuhr von k\u00fcken. Verleihen Sie Ihrer K\u00fcche einen anderen Touch mit Designer-Uhren. Finden Sie Ihre jetzt.","robots":{"index":"index","follow":"follow","max-snippet":"max-snippet:-1","max-image-preview":"max-image-preview:large","max-video-preview":"max-video-preview:-1"},"canonical":"https:\/\/kuken.es\/de\/produkt\/kuchenuhr-schwarz-weiss-rund-30cm-kuken\/","og_locale":"de_DE","og_type":"article","og_title":"RELOJ COCINA BLANCO\/NEGRO REDONDO 30CM K\u00dcKEN","og_description":"Descubre el nuevo y elegante reloj de cocina blanco y negro k\u00fcken. Dale a tu cocina un toque diferente con relojes de dise\u00f1o. Encuentra el tuyo ahora.","og_url":"https:\/\/kuken.es\/de\/produkt\/kuchenuhr-schwarz-weiss-rund-30cm-kuken\/","og_site_name":"K\u00fcken","article_publisher":"https:\/\/es-es.facebook.com\/alfadyser\/","article_modified_time":"2025-05-30T10:55:07+00:00","og_image":[{"width":853,"height":853,"url":"https:\/\/kuken.es\/wp-content\/uploads\/2020\/03\/RELOJ-COCINA-BLANCONEGRO-REDONDO-30CM-KUKEN.jpg","type":"image\/jpeg"}],"twitter_card":"summary_large_image","twitter_misc":{"Preis":"","Verf\u00fcgbarkeit":"Auf Lager"},"schema":{"@context":"https:\/\/schema.org","@graph":[{"@type":"WebPage","@id":"https:\/\/kuken.es\/producto\/reloj-cocina-blanco-negro-redondo-30cm-kuken\/","url":"https:\/\/kuken.es\/producto\/reloj-cocina-blanco-negro-redondo-30cm-kuken\/","name":"K\u00dcCHENUHR SCHWARZ\/WEISS RUND 30CM K\u00dcKEN - K\u00fcken","isPartOf":{"@id":"https:\/\/kuken.es\/#website"},"primaryImageOfPage":{"@id":"https:\/\/kuken.es\/producto\/reloj-cocina-blanco-negro-redondo-30cm-kuken\/#primaryimage"},"image":{"@id":"https:\/\/kuken.es\/producto\/reloj-cocina-blanco-negro-redondo-30cm-kuken\/#primaryimage"},"thumbnailUrl":"https:\/\/kuken.es\/wp-content\/uploads\/2020\/03\/RELOJ-COCINA-BLANCONEGRO-REDONDO-30CM-KUKEN.jpg","datePublished":"2020-03-02T09:31:41+00:00","dateModified":"2025-05-30T10:55:07+00:00","description":"Entdecken Sie die neue und elegante schwarz-wei\u00dfe K\u00fcchenuhr von k\u00fcken. Verleihen Sie Ihrer K\u00fcche einen anderen Touch mit Designer-Uhren. Finden Sie Ihre jetzt.","breadcrumb":{"@id":"https:\/\/kuken.es\/producto\/reloj-cocina-blanco-negro-redondo-30cm-kuken\/#breadcrumb"},"inLanguage":"de","potentialAction":[{"@type":"ReadAction","target":["https:\/\/kuken.es\/producto\/reloj-cocina-blanco-negro-redondo-30cm-kuken\/"]}]},{"@type":"ImageObject","inLanguage":"de","@id":"https:\/\/kuken.es\/producto\/reloj-cocina-blanco-negro-redondo-30cm-kuken\/#primaryimage","url":"https:\/\/kuken.es\/wp-content\/uploads\/2020\/03\/RELOJ-COCINA-BLANCONEGRO-REDONDO-30CM-KUKEN.jpg","contentUrl":"https:\/\/kuken.es\/wp-content\/uploads\/2020\/03\/RELOJ-COCINA-BLANCONEGRO-REDONDO-30CM-KUKEN.jpg","width":853,"height":853,"caption":"Reloj de cocina k\u00fcken blanco y negro"},{"@type":"BreadcrumbList","@id":"https:\/\/kuken.es\/producto\/reloj-cocina-blanco-negro-redondo-30cm-kuken\/#breadcrumb","itemListElement":[{"@type":"ListItem","position":1,"name":"Portada","item":"https:\/\/kuken.es\/"},{"@type":"ListItem","position":2,"name":"Productos","item":"https:\/\/kuken.es\/productos\/"},{"@type":"ListItem","position":3,"name":"RELOJ COCINA BLANCO\/NEGRO REDONDO 30CM K\u00dcKEN"}]},{"@type":"WebSite","@id":"https:\/\/kuken.es\/#website","url":"https:\/\/kuken.es\/","name":"K\u00fcken","description":"Gro\u00dfe Auswahl an k\u00fcken Haushaltskleinger\u00e4ten","publisher":{"@id":"https:\/\/kuken.es\/#organization"},"potentialAction":[{"@type":"SearchAction","target":{"@type":"EntryPoint","urlTemplate":"https:\/\/kuken.es\/?s={search_term_string}"},"query-input":{"@type":"PropertyValueSpecification","valueRequired":true,"valueName":"search_term_string"}}],"inLanguage":"de"},{"@type":"Organization","@id":"https:\/\/kuken.es\/#organization","name":"Alpha Dyser","url":"https:\/\/kuken.es\/","logo":{"@type":"ImageObject","inLanguage":"de","@id":"https:\/\/kuken.es\/#\/schema\/logo\/image\/","url":"https:\/\/kuken.es\/wp-content\/uploads\/2019\/04\/kuken-logo.png","contentUrl":"https:\/\/kuken.es\/wp-content\/uploads\/2019\/04\/kuken-logo.png","width":500,"height":191,"caption":"Alfa Dyser"},"image":{"@id":"https:\/\/kuken.es\/#\/schema\/logo\/image\/"},"sameAs":["https:\/\/es-es.facebook.com\/alfadyser\/","https:\/\/www.instagram.com\/kuken_appliances\/"]}]},"product_price_amount":"0.00","product_price_currency":"EUR","og_availability":"instock","product_availability":"instock","product_retailer_item_id":"33676","product_condition":"new"},"_links":{"self":[{"href":"https:\/\/kuken.es\/de\/wp-json\/wp\/v2\/product\/3587","targetHints":{"allow":["GET"]}}],"collection":[{"href":"https:\/\/kuken.es\/de\/wp-json\/wp\/v2\/product"}],"about":[{"href":"https:\/\/kuken.es\/de\/wp-json\/wp\/v2\/types\/product"}],"wp:featuredmedia":[{"embeddable":true,"href":"https:\/\/kuken.es\/de\/wp-json\/wp\/v2\/media\/3588"}],"wp:attachment":[{"href":"https:\/\/kuken.es\/de\/wp-json\/wp\/v2\/media?parent=3587"}],"wp:term":[{"taxonomy":"product_brand","embeddable":true,"href":"https:\/\/kuken.es\/de\/wp-json\/wp\/v2\/product_brand?post=3587"},{"taxonomy":"product_cat","embeddable":true,"href":"https:\/\/kuken.es\/de\/wp-json\/wp\/v2\/product_cat?post=3587"},{"taxonomy":"product_tag","embeddable":true,"href":"https:\/\/kuken.es\/de\/wp-json\/wp\/v2\/product_tag?post=3587"}],"curies":[{"name":"wp","href":"https:\/\/api.w.org\/{rel}","templated":true}]}}