{"id":3373,"date":"2020-03-02T10:16:22","date_gmt":"2020-03-02T09:16:22","guid":{"rendered":"https:\/\/kuken.es\/producto\/balanzas-cocina-electronica-inox-precision-5kg-kuken\/"},"modified":"2025-05-30T11:05:40","modified_gmt":"2025-05-30T09:05:40","slug":"kuchen-inox-prazisions-5kg-kuken-kuchenwaage","status":"publish","type":"product","link":"https:\/\/kuken.es\/de\/produkt\/kuchen-inox-prazisions-5kg-kuken-kuchenwaage\/","title":{"rendered":"K\u00dcKEN K\u00dcCHENWAAGE EDELSTAHL PR\u00c4ZISION 5KG"},"content":{"rendered":"<p>K\u00dcKEN K\u00dcCHENWAAGE EDELSTAHL PR\u00c4ZISION 5KG<\/p>\n<ul data-start=\"762\" data-end=\"1451\">\n<li data-start=\"762\" data-end=\"834\">\n<p data-start=\"764\" data-end=\"834\">Dise\u00f1o elegante y compacto, ideal para cualquier cocina moderna.<\/p>\n<\/li>\n<li data-start=\"835\" data-end=\"890\">\n<p data-start=\"837\" data-end=\"890\">Formato extraplanar, ligero y f\u00e1cil de guardar.<\/p>\n<\/li>\n<li data-start=\"891\" data-end=\"961\">\n<p data-start=\"893\" data-end=\"961\">Fabricada en acero inoxidable, resistente y de f\u00e1cil limpieza.<\/p>\n<\/li>\n<li data-start=\"962\" data-end=\"1027\">\n<p data-start=\"964\" data-end=\"1027\">Pantalla LCD clara, permite una lectura r\u00e1pida y precisa.<\/p>\n<\/li>\n<li data-start=\"1028\" data-end=\"1103\">\n<p data-start=\"1030\" data-end=\"1103\">Capacidad: peso m\u00ednimo 1 g \/ m\u00e1ximo 5 kg, adecuada para uso diario.<\/p>\n<\/li>\n<li data-start=\"1104\" data-end=\"1183\">\n<p data-start=\"1106\" data-end=\"1183\">Funci\u00f3n TARA, permite pesar ingredientes en secuencia o con recipiente.<\/p>\n<\/li>\n<li data-start=\"1184\" data-end=\"1258\">\n<p data-start=\"1186\" data-end=\"1258\">Bot\u00f3n UNIT, selecciona entre g \/ lb \/ oz \/ ml seg\u00fan necesidad.<\/p>\n<\/li>\n<li data-start=\"1259\" data-end=\"1322\">\n<p data-start=\"1261\" data-end=\"1322\">Apagado autom\u00e1tico, prolonga la vida \u00fatil de las pilas.<\/p>\n<\/li>\n<li data-start=\"1323\" data-end=\"1386\">\n<p data-start=\"1325\" data-end=\"1386\">Patas antideslizantes, garantizan estabilidad al pesar.<\/p>\n<\/li>\n<li data-start=\"1387\" data-end=\"1451\">\n<p data-start=\"1389\" data-end=\"1451\">Funciona con 2 pilas AAA, incluidas para un uso inmediato.<\/p>\n<\/li>\n<\/ul>\n<p><div class=\"accordion\"><div class=\"mfn-acc accordion_wrapper  toggle\"><div class=\"question\"><div class=\"title\"><i class=\"icon-plus acc-icon-plus\" aria-hidden=\"true\"><\/i><i class=\"icon-minus acc-icon-minus\" aria-hidden=\"true\"><\/i>Produktdaten<\/div><div class=\"answer\">EAN 8425160337018<\/p>\n<p>K\u00dcKEN K\u00dcCHENWAAGE EDELSTAHL PR\u00c4ZISION 5KG<\/p>\n<p>Packeinheit 1<br \/>\nFarbe Edelstahl<br \/>\nVerpackung Box Farbe<br \/>\nMaterial Edelstahl \/ PC<br \/>\nRutschfeste F\u00fc\u00dfe Ja<br \/>\nStromversorgung durch 2 AAA-Batterien (im Lieferumfang enthalten)<br \/>\nGewicht 0,22 kg.<\/div><\/div>\n<\/div><\/div>\n<br \/>\n<div class=\"accordion\"><div class=\"mfn-acc accordion_wrapper  toggle\"><div class=\"question\"><div class=\"title\"><i class=\"icon-plus acc-icon-plus\" aria-hidden=\"true\"><\/i><i class=\"icon-minus acc-icon-minus\" aria-hidden=\"true\"><\/i>Zubeh\u00f6r<\/div><div class=\"answer\"><\/div><\/div>\n<\/div><\/div>\n<\/p>\n<div class=\"descargas-producto\"><a href=\"https:\/\/kuken.es\/wp-content\/uploads\/8425160337018_ficha_tecnica.pdf\" target=\"_blank\" rel=\"noopener noreferrer\"><br \/>\n<img loading=\"lazy\" decoding=\"async\" src=\"\/wp-content\/uploads\/2019\/12\/picto-descarrega.png\" alt=\"Datenblatt herunterladen\" width=\"23\" height=\"16\" \/>Blatt herunterladen<\/a><a href=\"https:\/\/kuken.es\/wp-content\/uploads\/8425160337018_manual.pdf\" target=\"_blank\" rel=\"noopener noreferrer\"><br \/>\n<img loading=\"lazy\" decoding=\"async\" src=\"\/wp-content\/uploads\/2019\/12\/picto-descarrega.png\" alt=\"Gebrauchsanweisung herunterladen\" width=\"23\" height=\"16\" \/>Handbuch herunterladen<\/a><\/div>\n<div><\/div>\n<div><span style=\"color: #bf2121\">Folgen Sie uns auf den sozialen Medien!<\/span><\/div>\n<div><a href=\"https:\/\/www.instagram.com\/kuken_appliances\/\">https:\/\/www.instagram.com\/kuken_appliances\/<\/a><\/div>","protected":false},"excerpt":{"rendered":"<p data-start=\"463\" data-end=\"615\">Compacta y precisa, ideal para pesar ingredientes con estilo. Con funci\u00f3n TARA, pantalla LCD y dise\u00f1o extraplanar en inox, se adapta a cualquier cocina.<\/p>\n<p data-start=\"617\" data-end=\"688\">","protected":false},"featured_media":3374,"template":"","meta":[],"product_brand":[],"product_cat":[55,38],"product_tag":[],"class_list":{"0":"post-3373","1":"product","2":"type-product","3":"status-publish","4":"has-post-thumbnail","6":"product_cat-balanzas-cocina-premium","7":"product_cat-premium","9":"first","10":"instock","11":"product-type-simple"},"yoast_head":"<!-- This site is optimized with the Yoast SEO Premium plugin v24.0 (Yoast SEO v26.5) - https:\/\/yoast.com\/wordpress\/plugins\/seo\/ -->\n<title>BALANZA DE COCINA INOX PRECISI\u00d3N 5KG K\u00dcKEN - K\u00fcken<\/title>\n<meta name=\"description\" content=\"Nueva y exclusiva balanza de cocina digital k\u00fcken de acero inox. Pesa con exactitud hasta 5kg de manera r\u00e1pida y f\u00e1cil, desc\u00fabrela ahora.\" \/>\n<meta name=\"robots\" content=\"index, follow, max-snippet:-1, max-image-preview:large, max-video-preview:-1\" \/>\n<link rel=\"canonical\" href=\"https:\/\/kuken.es\/de\/produkt\/kuchen-inox-prazisions-5kg-kuken-kuchenwaage\/\" \/>\n<meta property=\"og:locale\" content=\"de_DE\" \/>\n<meta property=\"og:type\" content=\"article\" \/>\n<meta property=\"og:title\" content=\"BALANZA DE COCINA INOX PRECISI\u00d3N 5KG K\u00dcKEN\" \/>\n<meta property=\"og:description\" content=\"Nueva y exclusiva balanza de cocina digital k\u00fcken de acero inox. Pesa con exactitud hasta 5kg de manera r\u00e1pida y f\u00e1cil, desc\u00fabrela ahora.\" \/>\n<meta property=\"og:url\" content=\"https:\/\/kuken.es\/de\/produkt\/kuchen-inox-prazisions-5kg-kuken-kuchenwaage\/\" \/>\n<meta property=\"og:site_name\" content=\"K\u00fcken\" \/>\n<meta property=\"article:publisher\" content=\"https:\/\/es-es.facebook.com\/alfadyser\/\" \/>\n<meta property=\"article:modified_time\" content=\"2025-05-30T09:05:40+00:00\" \/>\n<meta property=\"og:image\" content=\"https:\/\/kuken.es\/wp-content\/uploads\/2020\/03\/Balanzas-cocina-ELECTR\u00d3NICA-INOX-PRECISI\u00d3N-5KG-KUKEN.jpg\" \/>\n\t<meta property=\"og:image:width\" content=\"853\" \/>\n\t<meta property=\"og:image:height\" content=\"853\" \/>\n\t<meta property=\"og:image:type\" content=\"image\/jpeg\" \/>\n<meta name=\"twitter:card\" content=\"summary_large_image\" \/>\n<meta name=\"twitter:label1\" content=\"Preis\" \/>\n\t<meta name=\"twitter:data1\" content=\"\" \/>\n\t<meta name=\"twitter:label2\" content=\"Verf\u00fcgbarkeit\" \/>\n\t<meta name=\"twitter:data2\" content=\"Auf Lager\" \/>\n<script type=\"application\/ld+json\" class=\"yoast-schema-graph\">{\"@context\":\"https:\/\/schema.org\",\"@graph\":[{\"@type\":\"WebPage\",\"@id\":\"https:\/\/kuken.es\/producto\/balanza-de-cocina-inox-precision-5kg-kuken\/\",\"url\":\"https:\/\/kuken.es\/producto\/balanza-de-cocina-inox-precision-5kg-kuken\/\",\"name\":\"BALANZA DE COCINA INOX PRECISI\u00d3N 5KG K\u00dcKEN - K\u00fcken\",\"isPartOf\":{\"@id\":\"https:\/\/kuken.es\/#website\"},\"primaryImageOfPage\":{\"@id\":\"https:\/\/kuken.es\/producto\/balanza-de-cocina-inox-precision-5kg-kuken\/#primaryimage\"},\"image\":{\"@id\":\"https:\/\/kuken.es\/producto\/balanza-de-cocina-inox-precision-5kg-kuken\/#primaryimage\"},\"thumbnailUrl\":\"https:\/\/kuken.es\/wp-content\/uploads\/2020\/03\/Balanzas-cocina-ELECTR\u00d3NICA-INOX-PRECISI\u00d3N-5KG-KUKEN.jpg\",\"datePublished\":\"2020-03-02T09:16:22+00:00\",\"dateModified\":\"2025-05-30T09:05:40+00:00\",\"description\":\"Nueva y exclusiva balanza de cocina digital k\u00fcken de acero inox. Pesa con exactitud hasta 5kg de manera r\u00e1pida y f\u00e1cil, desc\u00fabrela ahora.\",\"breadcrumb\":{\"@id\":\"https:\/\/kuken.es\/producto\/balanza-de-cocina-inox-precision-5kg-kuken\/#breadcrumb\"},\"inLanguage\":\"de\",\"potentialAction\":[{\"@type\":\"ReadAction\",\"target\":[\"https:\/\/kuken.es\/producto\/balanza-de-cocina-inox-precision-5kg-kuken\/\"]}]},{\"@type\":\"ImageObject\",\"inLanguage\":\"de\",\"@id\":\"https:\/\/kuken.es\/producto\/balanza-de-cocina-inox-precision-5kg-kuken\/#primaryimage\",\"url\":\"https:\/\/kuken.es\/wp-content\/uploads\/2020\/03\/Balanzas-cocina-ELECTR\u00d3NICA-INOX-PRECISI\u00d3N-5KG-KUKEN.jpg\",\"contentUrl\":\"https:\/\/kuken.es\/wp-content\/uploads\/2020\/03\/Balanzas-cocina-ELECTR\u00d3NICA-INOX-PRECISI\u00d3N-5KG-KUKEN.jpg\",\"width\":853,\"height\":853,\"caption\":\"Balanza de cocina k\u00fcken de 5kg con acabado inox\"},{\"@type\":\"BreadcrumbList\",\"@id\":\"https:\/\/kuken.es\/producto\/balanza-de-cocina-inox-precision-5kg-kuken\/#breadcrumb\",\"itemListElement\":[{\"@type\":\"ListItem\",\"position\":1,\"name\":\"Portada\",\"item\":\"https:\/\/kuken.es\/\"},{\"@type\":\"ListItem\",\"position\":2,\"name\":\"Productos\",\"item\":\"https:\/\/kuken.es\/productos\/\"},{\"@type\":\"ListItem\",\"position\":3,\"name\":\"BALANZA DE COCINA INOX PRECISI\u00d3N 5KG K\u00dcKEN\"}]},{\"@type\":\"WebSite\",\"@id\":\"https:\/\/kuken.es\/#website\",\"url\":\"https:\/\/kuken.es\/\",\"name\":\"K\u00fcken\",\"description\":\"Amplia gama de peque\u00f1o electrodom\u00e9stico k\u00fcken\",\"publisher\":{\"@id\":\"https:\/\/kuken.es\/#organization\"},\"potentialAction\":[{\"@type\":\"SearchAction\",\"target\":{\"@type\":\"EntryPoint\",\"urlTemplate\":\"https:\/\/kuken.es\/?s={search_term_string}\"},\"query-input\":{\"@type\":\"PropertyValueSpecification\",\"valueRequired\":true,\"valueName\":\"search_term_string\"}}],\"inLanguage\":\"de\"},{\"@type\":\"Organization\",\"@id\":\"https:\/\/kuken.es\/#organization\",\"name\":\"Alfa Dyser\",\"url\":\"https:\/\/kuken.es\/\",\"logo\":{\"@type\":\"ImageObject\",\"inLanguage\":\"de\",\"@id\":\"https:\/\/kuken.es\/#\/schema\/logo\/image\/\",\"url\":\"https:\/\/kuken.es\/wp-content\/uploads\/2019\/04\/kuken-logo.png\",\"contentUrl\":\"https:\/\/kuken.es\/wp-content\/uploads\/2019\/04\/kuken-logo.png\",\"width\":500,\"height\":191,\"caption\":\"Alfa Dyser\"},\"image\":{\"@id\":\"https:\/\/kuken.es\/#\/schema\/logo\/image\/\"},\"sameAs\":[\"https:\/\/es-es.facebook.com\/alfadyser\/\",\"https:\/\/www.instagram.com\/kuken_appliances\/\"]}]}<\/script>\n<meta property=\"product:price:amount\" content=\"0.00\" \/>\n<meta property=\"product:price:currency\" content=\"EUR\" \/>\n<meta property=\"og:availability\" content=\"instock\" \/>\n<meta property=\"product:availability\" content=\"instock\" \/>\n<meta property=\"product:retailer_item_id\" content=\"33701\" \/>\n<meta property=\"product:condition\" content=\"new\" \/>\n<!-- \/ Yoast SEO Premium plugin. -->","yoast_head_json":{"title":"K\u00dcKEN PR\u00c4ZISION EDELSTAHL-K\u00dcCHENWAAGE 5KG - K\u00fcken","description":"Neue und exklusive k\u00fcken digitale K\u00fcchenwaage aus Edelstahl. Wiegen Sie schnell und einfach bis zu 5 kg genau, entdecken Sie es jetzt.","robots":{"index":"index","follow":"follow","max-snippet":"max-snippet:-1","max-image-preview":"max-image-preview:large","max-video-preview":"max-video-preview:-1"},"canonical":"https:\/\/kuken.es\/de\/produkt\/kuchen-inox-prazisions-5kg-kuken-kuchenwaage\/","og_locale":"de_DE","og_type":"article","og_title":"BALANZA DE COCINA INOX PRECISI\u00d3N 5KG K\u00dcKEN","og_description":"Nueva y exclusiva balanza de cocina digital k\u00fcken de acero inox. Pesa con exactitud hasta 5kg de manera r\u00e1pida y f\u00e1cil, desc\u00fabrela ahora.","og_url":"https:\/\/kuken.es\/de\/produkt\/kuchen-inox-prazisions-5kg-kuken-kuchenwaage\/","og_site_name":"K\u00fcken","article_publisher":"https:\/\/es-es.facebook.com\/alfadyser\/","article_modified_time":"2025-05-30T09:05:40+00:00","og_image":[{"width":853,"height":853,"url":"https:\/\/kuken.es\/wp-content\/uploads\/2020\/03\/Balanzas-cocina-ELECTR\u00d3NICA-INOX-PRECISI\u00d3N-5KG-KUKEN.jpg","type":"image\/jpeg"}],"twitter_card":"summary_large_image","twitter_misc":{"Preis":"","Verf\u00fcgbarkeit":"Auf Lager"},"schema":{"@context":"https:\/\/schema.org","@graph":[{"@type":"WebPage","@id":"https:\/\/kuken.es\/producto\/balanza-de-cocina-inox-precision-5kg-kuken\/","url":"https:\/\/kuken.es\/producto\/balanza-de-cocina-inox-precision-5kg-kuken\/","name":"K\u00dcKEN PR\u00c4ZISION EDELSTAHL-K\u00dcCHENWAAGE 5KG - K\u00fcken","isPartOf":{"@id":"https:\/\/kuken.es\/#website"},"primaryImageOfPage":{"@id":"https:\/\/kuken.es\/producto\/balanza-de-cocina-inox-precision-5kg-kuken\/#primaryimage"},"image":{"@id":"https:\/\/kuken.es\/producto\/balanza-de-cocina-inox-precision-5kg-kuken\/#primaryimage"},"thumbnailUrl":"https:\/\/kuken.es\/wp-content\/uploads\/2020\/03\/Balanzas-cocina-ELECTR\u00d3NICA-INOX-PRECISI\u00d3N-5KG-KUKEN.jpg","datePublished":"2020-03-02T09:16:22+00:00","dateModified":"2025-05-30T09:05:40+00:00","description":"Neue und exklusive k\u00fcken digitale K\u00fcchenwaage aus Edelstahl. Wiegen Sie schnell und einfach bis zu 5 kg genau, entdecken Sie es jetzt.","breadcrumb":{"@id":"https:\/\/kuken.es\/producto\/balanza-de-cocina-inox-precision-5kg-kuken\/#breadcrumb"},"inLanguage":"de","potentialAction":[{"@type":"ReadAction","target":["https:\/\/kuken.es\/producto\/balanza-de-cocina-inox-precision-5kg-kuken\/"]}]},{"@type":"ImageObject","inLanguage":"de","@id":"https:\/\/kuken.es\/producto\/balanza-de-cocina-inox-precision-5kg-kuken\/#primaryimage","url":"https:\/\/kuken.es\/wp-content\/uploads\/2020\/03\/Balanzas-cocina-ELECTR\u00d3NICA-INOX-PRECISI\u00d3N-5KG-KUKEN.jpg","contentUrl":"https:\/\/kuken.es\/wp-content\/uploads\/2020\/03\/Balanzas-cocina-ELECTR\u00d3NICA-INOX-PRECISI\u00d3N-5KG-KUKEN.jpg","width":853,"height":853,"caption":"Balanza de cocina k\u00fcken de 5kg con acabado inox"},{"@type":"BreadcrumbList","@id":"https:\/\/kuken.es\/producto\/balanza-de-cocina-inox-precision-5kg-kuken\/#breadcrumb","itemListElement":[{"@type":"ListItem","position":1,"name":"Portada","item":"https:\/\/kuken.es\/"},{"@type":"ListItem","position":2,"name":"Productos","item":"https:\/\/kuken.es\/productos\/"},{"@type":"ListItem","position":3,"name":"BALANZA DE COCINA INOX PRECISI\u00d3N 5KG K\u00dcKEN"}]},{"@type":"WebSite","@id":"https:\/\/kuken.es\/#website","url":"https:\/\/kuken.es\/","name":"K\u00fcken","description":"Gro\u00dfe Auswahl an k\u00fcken Haushaltskleinger\u00e4ten","publisher":{"@id":"https:\/\/kuken.es\/#organization"},"potentialAction":[{"@type":"SearchAction","target":{"@type":"EntryPoint","urlTemplate":"https:\/\/kuken.es\/?s={search_term_string}"},"query-input":{"@type":"PropertyValueSpecification","valueRequired":true,"valueName":"search_term_string"}}],"inLanguage":"de"},{"@type":"Organization","@id":"https:\/\/kuken.es\/#organization","name":"Alpha Dyser","url":"https:\/\/kuken.es\/","logo":{"@type":"ImageObject","inLanguage":"de","@id":"https:\/\/kuken.es\/#\/schema\/logo\/image\/","url":"https:\/\/kuken.es\/wp-content\/uploads\/2019\/04\/kuken-logo.png","contentUrl":"https:\/\/kuken.es\/wp-content\/uploads\/2019\/04\/kuken-logo.png","width":500,"height":191,"caption":"Alfa Dyser"},"image":{"@id":"https:\/\/kuken.es\/#\/schema\/logo\/image\/"},"sameAs":["https:\/\/es-es.facebook.com\/alfadyser\/","https:\/\/www.instagram.com\/kuken_appliances\/"]}]},"product_price_amount":"0.00","product_price_currency":"EUR","og_availability":"instock","product_availability":"instock","product_retailer_item_id":"33701","product_condition":"new"},"_links":{"self":[{"href":"https:\/\/kuken.es\/de\/wp-json\/wp\/v2\/product\/3373","targetHints":{"allow":["GET"]}}],"collection":[{"href":"https:\/\/kuken.es\/de\/wp-json\/wp\/v2\/product"}],"about":[{"href":"https:\/\/kuken.es\/de\/wp-json\/wp\/v2\/types\/product"}],"wp:featuredmedia":[{"embeddable":true,"href":"https:\/\/kuken.es\/de\/wp-json\/wp\/v2\/media\/3374"}],"wp:attachment":[{"href":"https:\/\/kuken.es\/de\/wp-json\/wp\/v2\/media?parent=3373"}],"wp:term":[{"taxonomy":"product_brand","embeddable":true,"href":"https:\/\/kuken.es\/de\/wp-json\/wp\/v2\/product_brand?post=3373"},{"taxonomy":"product_cat","embeddable":true,"href":"https:\/\/kuken.es\/de\/wp-json\/wp\/v2\/product_cat?post=3373"},{"taxonomy":"product_tag","embeddable":true,"href":"https:\/\/kuken.es\/de\/wp-json\/wp\/v2\/product_tag?post=3373"}],"curies":[{"name":"wp","href":"https:\/\/api.w.org\/{rel}","templated":true}]}}