{"id":3251,"date":"2020-03-02T10:00:50","date_gmt":"2020-03-02T09:00:50","guid":{"rendered":"https:\/\/kuken.es\/producto\/hornillo-electrico-blanco-2-fuegos-2500w-kuken\/"},"modified":"2025-05-30T09:30:07","modified_gmt":"2025-05-30T07:30:07","slug":"herd-elektro-2-feuer-weiss-2500w-kuken","status":"publish","type":"product","link":"https:\/\/kuken.es\/de\/produkt\/herd-elektro-2-feuer-weiss-2500w-kuken\/","title":{"rendered":"2-FLAMMEN-ELEKTROHERD WEISS 2500W K\u00dcKEN"},"content":{"rendered":"<p>2-FLAMMEN-ELEKTROHERD WEISS 2500W K\u00dcKEN<\/p>\n<ul data-start=\"725\" data-end=\"1415\">\n<li data-start=\"725\" data-end=\"809\">\n<p data-start=\"727\" data-end=\"809\">Acabado en color blanco, resistente y f\u00e1cil de integrar en cualquier cocina.<\/p>\n<\/li>\n<li data-start=\"810\" data-end=\"894\">\n<p data-start=\"812\" data-end=\"894\">Equipado con 2 placas el\u00e9ctricas blindadas, cal\u00f3ricas y de alto rendimiento.<\/p>\n<\/li>\n<li data-start=\"895\" data-end=\"986\">\n<p data-start=\"897\" data-end=\"986\">Selector giratorio de temperatura con 5 niveles independientes para cada fuego.<\/p>\n<\/li>\n<li data-start=\"987\" data-end=\"1047\">\n<p data-start=\"989\" data-end=\"1047\">Luz LED indicadora de encendido, para un uso seguro.<\/p>\n<\/li>\n<li data-start=\"1048\" data-end=\"1115\">\n<p data-start=\"1050\" data-end=\"1115\">Ideal para cocinas peque\u00f1as, camping o como fuego auxiliar.<\/p>\n<\/li>\n<li data-start=\"1116\" data-end=\"1193\">\n<p data-start=\"1118\" data-end=\"1193\">F\u00e1cil de usar y limpiar, superficie lisa y de mantenimiento sencillo.<\/p>\n<\/li>\n<li data-start=\"1194\" data-end=\"1281\">\n<p data-start=\"1196\" data-end=\"1281\">Patas de goma antideslizantes, aseguran estabilidad sobre cualquier superficie.<\/p>\n<\/li>\n<li data-start=\"1282\" data-end=\"1351\">\n<p data-start=\"1284\" data-end=\"1351\">Potencia total de 2500W, para una cocci\u00f3n eficiente y r\u00e1pida.<\/p>\n<\/li>\n<li data-start=\"1352\" data-end=\"1415\">\n<p data-start=\"1354\" data-end=\"1415\">Una soluci\u00f3n compacta y funcional para cocinar con comodidad.<\/p>\n<\/li>\n<\/ul>\n<p><div class=\"accordion\"><div class=\"mfn-acc accordion_wrapper  toggle\"><div class=\"question\"><div class=\"title\"><i class=\"icon-plus acc-icon-plus\" aria-hidden=\"true\"><\/i><i class=\"icon-minus acc-icon-minus\" aria-hidden=\"true\"><\/i>Produktdaten<\/div><div class=\"answer\">EAN 8425160336691<br \/>\nPackeinheit 1<\/p>\n<p>2-FLAMMEN-ELEKTROHERD WEISS 2500W K\u00dcKEN<\/p>\n<p>Farbe Wei\u00df<br \/>\nVerpackung Box Farbe<br \/>\nLeistung 2500 W<br \/>\nSpannung 230 V<br \/>\nGro\u00dfes Format<br \/>\nMaterial Lackiertes Aluminium<br \/>\nRutschfeste F\u00fc\u00dfe Ja<br \/>\nHerdplatten 2<br \/>\nAbmessungen 460mm (Breite)\/50mm(H\u00f6he)\/245mm(Tiefe)<br \/>\nDurchmesser 150-190 mm.<br \/>\nGewicht 2,9 kg.<\/div><\/div>\n<\/div><\/div>\n<br \/>\n<div class=\"accordion\"><div class=\"mfn-acc accordion_wrapper  toggle\"><div class=\"question\"><div class=\"title\"><i class=\"icon-plus acc-icon-plus\" aria-hidden=\"true\"><\/i><i class=\"icon-minus acc-icon-minus\" aria-hidden=\"true\"><\/i>Zubeh\u00f6r<\/div><div class=\"answer\"><\/div><\/div>\n<\/div><\/div>\n<\/p>\n<div class=\"descargas-producto\"><a href=\"\/wp-content\/uploads\/pdf\/8425160336691_ficha_tecnica.pdf\" target=\"_blank\" rel=\"noopener noreferrer\"><br \/>\n<img loading=\"lazy\" decoding=\"async\" src=\"\/wp-content\/uploads\/2019\/12\/picto-descarrega.png\" alt=\"Datenblatt herunterladen\" width=\"23\" height=\"16\" \/>Blatt herunterladen<\/a><br \/>\n<a href=\"\/wp-content\/uploads\/pdf\/33669.pdf\"><img loading=\"lazy\" decoding=\"async\" src=\"\/wp-content\/uploads\/2019\/12\/picto-descarrega.png\" alt=\"Gebrauchsanweisung herunterladen\" width=\"23\" height=\"16\" \/>Handbuch herunterladen<\/a><\/div>\n<div><\/div>\n<div><span style=\"color: #bf2121\">Folgen Sie uns auf den sozialen Medien!<\/span><\/div>\n<div><a href=\"https:\/\/www.instagram.com\/kuken_appliances\/\">https:\/\/www.instagram.com\/kuken_appliances\/<\/a><\/div>","protected":false},"excerpt":{"rendered":"<p data-start=\"432\" data-end=\"578\">Pr\u00e1ctico y potente con dos placas independientes. Ideal para cocinas auxiliares, f\u00e1cil de limpiar, con control individual y patas antideslizantes.<\/p>\n<p data-start=\"580\" data-end=\"651\">","protected":false},"featured_media":3252,"template":"","meta":[],"product_brand":[],"product_cat":[50,38],"product_tag":[],"class_list":{"0":"post-3251","1":"product","2":"type-product","3":"status-publish","4":"has-post-thumbnail","6":"product_cat-hornillos-premium","7":"product_cat-premium","9":"first","10":"instock","11":"product-type-simple"},"yoast_head":"<!-- This site is optimized with the Yoast SEO Premium plugin v24.0 (Yoast SEO v26.5) - https:\/\/yoast.com\/wordpress\/plugins\/seo\/ -->\n<title>HORNILLO EL\u00c9CTRICO 2 FUEGOS BLANCO 2500W K\u00dcKEN - K\u00fcken<\/title>\n<meta name=\"description\" content=\"Nuevo y exclusivo hornillo el\u00e9ctrico k\u00fcken de 2 fuegos. Prepara deliciosas recetas donde quieras de manera m\u00e1s r\u00e1pida y f\u00e1cil.\" \/>\n<meta name=\"robots\" content=\"index, follow, max-snippet:-1, max-image-preview:large, max-video-preview:-1\" \/>\n<link rel=\"canonical\" href=\"https:\/\/kuken.es\/de\/produkt\/herd-elektro-2-feuer-weiss-2500w-kuken\/\" \/>\n<meta property=\"og:locale\" content=\"de_DE\" \/>\n<meta property=\"og:type\" content=\"article\" \/>\n<meta property=\"og:title\" content=\"HORNILLO EL\u00c9CTRICO 2 FUEGOS BLANCO 2500W K\u00dcKEN\" \/>\n<meta property=\"og:description\" content=\"Nuevo y exclusivo hornillo el\u00e9ctrico k\u00fcken de 2 fuegos. Prepara deliciosas recetas donde quieras de manera m\u00e1s r\u00e1pida y f\u00e1cil.\" \/>\n<meta property=\"og:url\" content=\"https:\/\/kuken.es\/de\/produkt\/herd-elektro-2-feuer-weiss-2500w-kuken\/\" \/>\n<meta property=\"og:site_name\" content=\"K\u00fcken\" \/>\n<meta property=\"article:publisher\" content=\"https:\/\/es-es.facebook.com\/alfadyser\/\" \/>\n<meta property=\"article:modified_time\" content=\"2025-05-30T07:30:07+00:00\" \/>\n<meta property=\"og:image\" content=\"https:\/\/kuken.es\/wp-content\/uploads\/2020\/03\/HORNILLO-EL\u00c9CTRICO-BLANCO-2-FUEGOS-2500W-KUKEN.jpg\" \/>\n\t<meta property=\"og:image:width\" content=\"853\" \/>\n\t<meta property=\"og:image:height\" content=\"853\" \/>\n\t<meta property=\"og:image:type\" content=\"image\/jpeg\" \/>\n<meta name=\"twitter:card\" content=\"summary_large_image\" \/>\n<meta name=\"twitter:label1\" content=\"Preis\" \/>\n\t<meta name=\"twitter:data1\" content=\"\" \/>\n\t<meta name=\"twitter:label2\" content=\"Verf\u00fcgbarkeit\" \/>\n\t<meta name=\"twitter:data2\" content=\"Auf Lager\" \/>\n<script type=\"application\/ld+json\" class=\"yoast-schema-graph\">{\"@context\":\"https:\/\/schema.org\",\"@graph\":[{\"@type\":\"WebPage\",\"@id\":\"https:\/\/kuken.es\/producto\/hornillo-electrico-2-fuegos-blanco-2500w-kuken\/\",\"url\":\"https:\/\/kuken.es\/producto\/hornillo-electrico-2-fuegos-blanco-2500w-kuken\/\",\"name\":\"HORNILLO EL\u00c9CTRICO 2 FUEGOS BLANCO 2500W K\u00dcKEN - K\u00fcken\",\"isPartOf\":{\"@id\":\"https:\/\/kuken.es\/#website\"},\"primaryImageOfPage\":{\"@id\":\"https:\/\/kuken.es\/producto\/hornillo-electrico-2-fuegos-blanco-2500w-kuken\/#primaryimage\"},\"image\":{\"@id\":\"https:\/\/kuken.es\/producto\/hornillo-electrico-2-fuegos-blanco-2500w-kuken\/#primaryimage\"},\"thumbnailUrl\":\"https:\/\/kuken.es\/wp-content\/uploads\/2020\/03\/HORNILLO-EL\u00c9CTRICO-BLANCO-2-FUEGOS-2500W-KUKEN.jpg\",\"datePublished\":\"2020-03-02T09:00:50+00:00\",\"dateModified\":\"2025-05-30T07:30:07+00:00\",\"description\":\"Nuevo y exclusivo hornillo el\u00e9ctrico k\u00fcken de 2 fuegos. Prepara deliciosas recetas donde quieras de manera m\u00e1s r\u00e1pida y f\u00e1cil.\",\"breadcrumb\":{\"@id\":\"https:\/\/kuken.es\/producto\/hornillo-electrico-2-fuegos-blanco-2500w-kuken\/#breadcrumb\"},\"inLanguage\":\"de\",\"potentialAction\":[{\"@type\":\"ReadAction\",\"target\":[\"https:\/\/kuken.es\/producto\/hornillo-electrico-2-fuegos-blanco-2500w-kuken\/\"]}]},{\"@type\":\"ImageObject\",\"inLanguage\":\"de\",\"@id\":\"https:\/\/kuken.es\/producto\/hornillo-electrico-2-fuegos-blanco-2500w-kuken\/#primaryimage\",\"url\":\"https:\/\/kuken.es\/wp-content\/uploads\/2020\/03\/HORNILLO-EL\u00c9CTRICO-BLANCO-2-FUEGOS-2500W-KUKEN.jpg\",\"contentUrl\":\"https:\/\/kuken.es\/wp-content\/uploads\/2020\/03\/HORNILLO-EL\u00c9CTRICO-BLANCO-2-FUEGOS-2500W-KUKEN.jpg\",\"width\":853,\"height\":853,\"caption\":\"Hornillo el\u00e9ctrico k\u00fcken de dos fuegos\"},{\"@type\":\"BreadcrumbList\",\"@id\":\"https:\/\/kuken.es\/producto\/hornillo-electrico-2-fuegos-blanco-2500w-kuken\/#breadcrumb\",\"itemListElement\":[{\"@type\":\"ListItem\",\"position\":1,\"name\":\"Portada\",\"item\":\"https:\/\/kuken.es\/\"},{\"@type\":\"ListItem\",\"position\":2,\"name\":\"Productos\",\"item\":\"https:\/\/kuken.es\/productos\/\"},{\"@type\":\"ListItem\",\"position\":3,\"name\":\"HORNILLO EL\u00c9CTRICO 2 FUEGOS BLANCO 2500W K\u00dcKEN\"}]},{\"@type\":\"WebSite\",\"@id\":\"https:\/\/kuken.es\/#website\",\"url\":\"https:\/\/kuken.es\/\",\"name\":\"K\u00fcken\",\"description\":\"Amplia gama de peque\u00f1o electrodom\u00e9stico k\u00fcken\",\"publisher\":{\"@id\":\"https:\/\/kuken.es\/#organization\"},\"potentialAction\":[{\"@type\":\"SearchAction\",\"target\":{\"@type\":\"EntryPoint\",\"urlTemplate\":\"https:\/\/kuken.es\/?s={search_term_string}\"},\"query-input\":{\"@type\":\"PropertyValueSpecification\",\"valueRequired\":true,\"valueName\":\"search_term_string\"}}],\"inLanguage\":\"de\"},{\"@type\":\"Organization\",\"@id\":\"https:\/\/kuken.es\/#organization\",\"name\":\"Alfa Dyser\",\"url\":\"https:\/\/kuken.es\/\",\"logo\":{\"@type\":\"ImageObject\",\"inLanguage\":\"de\",\"@id\":\"https:\/\/kuken.es\/#\/schema\/logo\/image\/\",\"url\":\"https:\/\/kuken.es\/wp-content\/uploads\/2019\/04\/kuken-logo.png\",\"contentUrl\":\"https:\/\/kuken.es\/wp-content\/uploads\/2019\/04\/kuken-logo.png\",\"width\":500,\"height\":191,\"caption\":\"Alfa Dyser\"},\"image\":{\"@id\":\"https:\/\/kuken.es\/#\/schema\/logo\/image\/\"},\"sameAs\":[\"https:\/\/es-es.facebook.com\/alfadyser\/\",\"https:\/\/www.instagram.com\/kuken_appliances\/\"]}]}<\/script>\n<meta property=\"product:price:amount\" content=\"0.00\" \/>\n<meta property=\"product:price:currency\" content=\"EUR\" \/>\n<meta property=\"og:availability\" content=\"instock\" \/>\n<meta property=\"product:availability\" content=\"instock\" \/>\n<meta property=\"product:retailer_item_id\" content=\"33669\" \/>\n<meta property=\"product:condition\" content=\"new\" \/>\n<!-- \/ Yoast SEO Premium plugin. -->","yoast_head_json":{"title":"ELEKTROBACKOFEN 2 BRENNER WEISS 2500W K\u00dcKEN - K\u00fcken","description":"Neuer und exklusiver k\u00fcken Elektroherd mit 2 Brennern. Bereiten Sie k\u00f6stliche Rezepte schneller und einfacher zu, wo immer Sie wollen.","robots":{"index":"index","follow":"follow","max-snippet":"max-snippet:-1","max-image-preview":"max-image-preview:large","max-video-preview":"max-video-preview:-1"},"canonical":"https:\/\/kuken.es\/de\/produkt\/herd-elektro-2-feuer-weiss-2500w-kuken\/","og_locale":"de_DE","og_type":"article","og_title":"HORNILLO EL\u00c9CTRICO 2 FUEGOS BLANCO 2500W K\u00dcKEN","og_description":"Nuevo y exclusivo hornillo el\u00e9ctrico k\u00fcken de 2 fuegos. Prepara deliciosas recetas donde quieras de manera m\u00e1s r\u00e1pida y f\u00e1cil.","og_url":"https:\/\/kuken.es\/de\/produkt\/herd-elektro-2-feuer-weiss-2500w-kuken\/","og_site_name":"K\u00fcken","article_publisher":"https:\/\/es-es.facebook.com\/alfadyser\/","article_modified_time":"2025-05-30T07:30:07+00:00","og_image":[{"width":853,"height":853,"url":"https:\/\/kuken.es\/wp-content\/uploads\/2020\/03\/HORNILLO-EL\u00c9CTRICO-BLANCO-2-FUEGOS-2500W-KUKEN.jpg","type":"image\/jpeg"}],"twitter_card":"summary_large_image","twitter_misc":{"Preis":"","Verf\u00fcgbarkeit":"Auf Lager"},"schema":{"@context":"https:\/\/schema.org","@graph":[{"@type":"WebPage","@id":"https:\/\/kuken.es\/producto\/hornillo-electrico-2-fuegos-blanco-2500w-kuken\/","url":"https:\/\/kuken.es\/producto\/hornillo-electrico-2-fuegos-blanco-2500w-kuken\/","name":"ELEKTROBACKOFEN 2 BRENNER WEISS 2500W K\u00dcKEN - K\u00fcken","isPartOf":{"@id":"https:\/\/kuken.es\/#website"},"primaryImageOfPage":{"@id":"https:\/\/kuken.es\/producto\/hornillo-electrico-2-fuegos-blanco-2500w-kuken\/#primaryimage"},"image":{"@id":"https:\/\/kuken.es\/producto\/hornillo-electrico-2-fuegos-blanco-2500w-kuken\/#primaryimage"},"thumbnailUrl":"https:\/\/kuken.es\/wp-content\/uploads\/2020\/03\/HORNILLO-EL\u00c9CTRICO-BLANCO-2-FUEGOS-2500W-KUKEN.jpg","datePublished":"2020-03-02T09:00:50+00:00","dateModified":"2025-05-30T07:30:07+00:00","description":"Neuer und exklusiver k\u00fcken Elektroherd mit 2 Brennern. Bereiten Sie k\u00f6stliche Rezepte schneller und einfacher zu, wo immer Sie wollen.","breadcrumb":{"@id":"https:\/\/kuken.es\/producto\/hornillo-electrico-2-fuegos-blanco-2500w-kuken\/#breadcrumb"},"inLanguage":"de","potentialAction":[{"@type":"ReadAction","target":["https:\/\/kuken.es\/producto\/hornillo-electrico-2-fuegos-blanco-2500w-kuken\/"]}]},{"@type":"ImageObject","inLanguage":"de","@id":"https:\/\/kuken.es\/producto\/hornillo-electrico-2-fuegos-blanco-2500w-kuken\/#primaryimage","url":"https:\/\/kuken.es\/wp-content\/uploads\/2020\/03\/HORNILLO-EL\u00c9CTRICO-BLANCO-2-FUEGOS-2500W-KUKEN.jpg","contentUrl":"https:\/\/kuken.es\/wp-content\/uploads\/2020\/03\/HORNILLO-EL\u00c9CTRICO-BLANCO-2-FUEGOS-2500W-KUKEN.jpg","width":853,"height":853,"caption":"Hornillo el\u00e9ctrico k\u00fcken de dos fuegos"},{"@type":"BreadcrumbList","@id":"https:\/\/kuken.es\/producto\/hornillo-electrico-2-fuegos-blanco-2500w-kuken\/#breadcrumb","itemListElement":[{"@type":"ListItem","position":1,"name":"Portada","item":"https:\/\/kuken.es\/"},{"@type":"ListItem","position":2,"name":"Productos","item":"https:\/\/kuken.es\/productos\/"},{"@type":"ListItem","position":3,"name":"HORNILLO EL\u00c9CTRICO 2 FUEGOS BLANCO 2500W K\u00dcKEN"}]},{"@type":"WebSite","@id":"https:\/\/kuken.es\/#website","url":"https:\/\/kuken.es\/","name":"K\u00fcken","description":"Gro\u00dfe Auswahl an k\u00fcken Haushaltskleinger\u00e4ten","publisher":{"@id":"https:\/\/kuken.es\/#organization"},"potentialAction":[{"@type":"SearchAction","target":{"@type":"EntryPoint","urlTemplate":"https:\/\/kuken.es\/?s={search_term_string}"},"query-input":{"@type":"PropertyValueSpecification","valueRequired":true,"valueName":"search_term_string"}}],"inLanguage":"de"},{"@type":"Organization","@id":"https:\/\/kuken.es\/#organization","name":"Alpha Dyser","url":"https:\/\/kuken.es\/","logo":{"@type":"ImageObject","inLanguage":"de","@id":"https:\/\/kuken.es\/#\/schema\/logo\/image\/","url":"https:\/\/kuken.es\/wp-content\/uploads\/2019\/04\/kuken-logo.png","contentUrl":"https:\/\/kuken.es\/wp-content\/uploads\/2019\/04\/kuken-logo.png","width":500,"height":191,"caption":"Alfa Dyser"},"image":{"@id":"https:\/\/kuken.es\/#\/schema\/logo\/image\/"},"sameAs":["https:\/\/es-es.facebook.com\/alfadyser\/","https:\/\/www.instagram.com\/kuken_appliances\/"]}]},"product_price_amount":"0.00","product_price_currency":"EUR","og_availability":"instock","product_availability":"instock","product_retailer_item_id":"33669","product_condition":"new"},"_links":{"self":[{"href":"https:\/\/kuken.es\/de\/wp-json\/wp\/v2\/product\/3251","targetHints":{"allow":["GET"]}}],"collection":[{"href":"https:\/\/kuken.es\/de\/wp-json\/wp\/v2\/product"}],"about":[{"href":"https:\/\/kuken.es\/de\/wp-json\/wp\/v2\/types\/product"}],"wp:featuredmedia":[{"embeddable":true,"href":"https:\/\/kuken.es\/de\/wp-json\/wp\/v2\/media\/3252"}],"wp:attachment":[{"href":"https:\/\/kuken.es\/de\/wp-json\/wp\/v2\/media?parent=3251"}],"wp:term":[{"taxonomy":"product_brand","embeddable":true,"href":"https:\/\/kuken.es\/de\/wp-json\/wp\/v2\/product_brand?post=3251"},{"taxonomy":"product_cat","embeddable":true,"href":"https:\/\/kuken.es\/de\/wp-json\/wp\/v2\/product_cat?post=3251"},{"taxonomy":"product_tag","embeddable":true,"href":"https:\/\/kuken.es\/de\/wp-json\/wp\/v2\/product_tag?post=3251"}],"curies":[{"name":"wp","href":"https:\/\/api.w.org\/{rel}","templated":true}]}}