{"id":3137,"date":"2020-03-02T09:43:31","date_gmt":"2020-03-02T08:43:31","guid":{"rendered":"https:\/\/kuken.es\/producto\/hervidor-agua-electrico-1100w-0-5l-kuken\/"},"modified":"2025-05-30T08:00:33","modified_gmt":"2025-05-30T06:00:33","slug":"kessel-wasser-elektrisch-500ml-kuken","status":"publish","type":"product","link":"https:\/\/kuken.es\/de\/produkt\/kessel-wasser-elektrisch-500ml-kuken\/","title":{"rendered":"500ML ELEKTRISCHER WASSERKOCHER K\u00dcKEN"},"content":{"rendered":"<p>500ML ELEKTRISCHER WASSERKOCHER K\u00dcKEN<\/p>\n<ul data-start=\"713\" data-end=\"1421\">\n<li data-start=\"713\" data-end=\"789\">\n<p data-start=\"715\" data-end=\"789\">Acabado en acero inoxidable y pl\u00e1stico negro, resistente y elegante.<\/p>\n<\/li>\n<li data-start=\"790\" data-end=\"849\">\n<p data-start=\"792\" data-end=\"849\">Capacidad de 500 ml, perfecto para una o dos tazas.<\/p>\n<\/li>\n<li data-start=\"850\" data-end=\"925\">\n<p data-start=\"852\" data-end=\"925\">Asa ergon\u00f3mica con pulsador de encendido, c\u00f3moda y segura al tacto.<\/p>\n<\/li>\n<li data-start=\"926\" data-end=\"1006\">\n<p data-start=\"928\" data-end=\"1006\">Apagado autom\u00e1tico a 70\u202f\u00b0C \/ 100\u202f\u00b0C \/ m\u00e1ximo, evita sobrecalentamientos.<\/p>\n<\/li>\n<li data-start=\"1007\" data-end=\"1072\">\n<p data-start=\"1009\" data-end=\"1072\">Luz LED indicadora de encendido, indica el estado de uso.<\/p>\n<\/li>\n<li data-start=\"1073\" data-end=\"1145\">\n<p data-start=\"1075\" data-end=\"1145\">Tapa con filtro incorporado, ideal para mantener el agua limpia.<\/p>\n<\/li>\n<li data-start=\"1146\" data-end=\"1204\">\n<p data-start=\"1148\" data-end=\"1204\">Base con recogecables, facilita su almacenamiento.<\/p>\n<\/li>\n<li data-start=\"1205\" data-end=\"1281\">\n<p data-start=\"1207\" data-end=\"1281\">Incluye 2 vasos, ideal para viajes, oficina o habitaciones de hotel.<\/p>\n<\/li>\n<li data-start=\"1282\" data-end=\"1349\">\n<p data-start=\"1284\" data-end=\"1349\">Dise\u00f1o compacto y pr\u00e1ctico, f\u00e1cil de transportar y guardar.<\/p>\n<\/li>\n<li data-start=\"1350\" data-end=\"1421\">\n<p data-start=\"1352\" data-end=\"1421\">Potencia adecuada para calentar agua de forma r\u00e1pida y eficiente.<\/p>\n<\/li>\n<\/ul>\n<p><div class=\"accordion\"><div class=\"mfn-acc accordion_wrapper  toggle\"><div class=\"question\"><div class=\"title\"><i class=\"icon-plus acc-icon-plus\" aria-hidden=\"true\"><\/i><i class=\"icon-minus acc-icon-minus\" aria-hidden=\"true\"><\/i>Produktdaten<\/div><div class=\"answer\">EAN 8425160335984<\/p>\n<p>500ML ELEKTRISCHER WASSERKOCHER K\u00dcKEN<\/p>\n<p>Packeinheit 1<br \/>\nFarbe Edelstahl<br \/>\nVerpackung Farbige Schachtel<br \/>\nLeistung 1100 W<br \/>\nSpannung 230 V<br \/>\nFassungsverm\u00f6gen 0,5 Liter<br \/>\nGr\u00f6\u00dfe Klein<br \/>\nMaterial Rostfreier Stahl<br \/>\nGewicht 0,5 kg<\/div><\/div>\n<\/div><\/div>\n<br \/>\n<div class=\"accordion\"><div class=\"mfn-acc accordion_wrapper  toggle\"><div class=\"question\"><div class=\"title\"><i class=\"icon-plus acc-icon-plus\" aria-hidden=\"true\"><\/i><i class=\"icon-minus acc-icon-minus\" aria-hidden=\"true\"><\/i>Zubeh\u00f6r<\/div><div class=\"answer\"><\/div><\/div>\n<\/div><\/div>\n<\/p>\n<div class=\"descargas-producto\"><a href=\"\/wp-content\/uploads\/pdf\/8425160335984_ficha_tecnica.pdf\" target=\"_blank\" rel=\"noopener noreferrer\"><br \/>\n<img loading=\"lazy\" decoding=\"async\" src=\"\/wp-content\/uploads\/2019\/12\/picto-descarrega.png\" alt=\"Datenblatt herunterladen\" width=\"23\" height=\"16\" \/>Blatt herunterladen<\/a><a href=\"\/wp-content\/uploads\/pdf\/8425160335984_ficha_tecnica.pdf\" target=\"_blank\" rel=\"noopener noreferrer\"><br \/>\n<img loading=\"lazy\" decoding=\"async\" src=\"\/wp-content\/uploads\/2019\/12\/picto-descarrega.png\" alt=\"Gebrauchsanweisung herunterladen\" width=\"23\" height=\"16\" \/>Handbuch herunterladen<\/a><\/div>\n<div><\/div>\n<div><span style=\"color: #bf2121\">Folgen Sie uns auf den sozialen Medien!<\/span><\/div>\n<div><a href=\"https:\/\/www.instagram.com\/kuken_appliances\/\">https:\/\/www.instagram.com\/kuken_appliances\/<\/a><\/div>","protected":false},"excerpt":{"rendered":"<p data-start=\"420\" data-end=\"566\">Hervidor compacto ideal para viajes o uso individual. Con tapa con filtro, apagado autom\u00e1tico, luz LED y dos vasos incluidos para mayor comodidad.<\/p>\n<p data-start=\"568\" data-end=\"639\">","protected":false},"featured_media":3138,"template":"","meta":[],"product_brand":[],"product_cat":[46,38],"product_tag":[],"class_list":{"0":"post-3137","1":"product","2":"type-product","3":"status-publish","4":"has-post-thumbnail","6":"product_cat-hervidores-premium","7":"product_cat-premium","9":"first","10":"instock","11":"product-type-simple"},"yoast_head":"<!-- This site is optimized with the Yoast SEO Premium plugin v24.0 (Yoast SEO v26.5) - https:\/\/yoast.com\/wordpress\/plugins\/seo\/ -->\n<title>HERVIDOR AGUA EL\u00c9CTRICO 500ML K\u00dcKEN - K\u00fcken<\/title>\n<meta name=\"description\" content=\"Exclusivo hervidor de agua el\u00e9ctrico 500ml k\u00fcken. Prepara infusiones y calienta agua para cocinar de manera m\u00e1s r\u00e1pida y f\u00e1cil\" \/>\n<meta name=\"robots\" content=\"index, follow, max-snippet:-1, max-image-preview:large, max-video-preview:-1\" \/>\n<link rel=\"canonical\" href=\"https:\/\/kuken.es\/de\/produkt\/kessel-wasser-elektrisch-500ml-kuken\/\" \/>\n<meta property=\"og:locale\" content=\"de_DE\" \/>\n<meta property=\"og:type\" content=\"article\" \/>\n<meta property=\"og:title\" content=\"HERVIDOR AGUA EL\u00c9CTRICO 500ML K\u00dcKEN\" \/>\n<meta property=\"og:description\" content=\"Exclusivo hervidor de agua el\u00e9ctrico 500ml k\u00fcken. Prepara infusiones y calienta agua para cocinar de manera m\u00e1s r\u00e1pida y f\u00e1cil\" \/>\n<meta property=\"og:url\" content=\"https:\/\/kuken.es\/de\/produkt\/kessel-wasser-elektrisch-500ml-kuken\/\" \/>\n<meta property=\"og:site_name\" content=\"K\u00fcken\" \/>\n<meta property=\"article:publisher\" content=\"https:\/\/es-es.facebook.com\/alfadyser\/\" \/>\n<meta property=\"article:modified_time\" content=\"2025-05-30T06:00:33+00:00\" \/>\n<meta property=\"og:image\" content=\"https:\/\/kuken.es\/wp-content\/uploads\/2020\/03\/HERVIDOR-AGUA-EL\u00c9CTRICO-1100W-0.5L-KUKEN.jpg\" \/>\n\t<meta property=\"og:image:width\" content=\"853\" \/>\n\t<meta property=\"og:image:height\" content=\"853\" \/>\n\t<meta property=\"og:image:type\" content=\"image\/jpeg\" \/>\n<meta name=\"twitter:card\" content=\"summary_large_image\" \/>\n<meta name=\"twitter:label1\" content=\"Preis\" \/>\n\t<meta name=\"twitter:data1\" content=\"\" \/>\n\t<meta name=\"twitter:label2\" content=\"Verf\u00fcgbarkeit\" \/>\n\t<meta name=\"twitter:data2\" content=\"Auf Lager\" \/>\n<script type=\"application\/ld+json\" class=\"yoast-schema-graph\">{\"@context\":\"https:\/\/schema.org\",\"@graph\":[{\"@type\":\"WebPage\",\"@id\":\"https:\/\/kuken.es\/producto\/hervidor-agua-electrico-500ml-kuken\/\",\"url\":\"https:\/\/kuken.es\/producto\/hervidor-agua-electrico-500ml-kuken\/\",\"name\":\"HERVIDOR AGUA EL\u00c9CTRICO 500ML K\u00dcKEN - K\u00fcken\",\"isPartOf\":{\"@id\":\"https:\/\/kuken.es\/#website\"},\"primaryImageOfPage\":{\"@id\":\"https:\/\/kuken.es\/producto\/hervidor-agua-electrico-500ml-kuken\/#primaryimage\"},\"image\":{\"@id\":\"https:\/\/kuken.es\/producto\/hervidor-agua-electrico-500ml-kuken\/#primaryimage\"},\"thumbnailUrl\":\"https:\/\/kuken.es\/wp-content\/uploads\/2020\/03\/HERVIDOR-AGUA-EL\u00c9CTRICO-1100W-0.5L-KUKEN.jpg\",\"datePublished\":\"2020-03-02T08:43:31+00:00\",\"dateModified\":\"2025-05-30T06:00:33+00:00\",\"description\":\"Exclusivo hervidor de agua el\u00e9ctrico 500ml k\u00fcken. Prepara infusiones y calienta agua para cocinar de manera m\u00e1s r\u00e1pida y f\u00e1cil\",\"breadcrumb\":{\"@id\":\"https:\/\/kuken.es\/producto\/hervidor-agua-electrico-500ml-kuken\/#breadcrumb\"},\"inLanguage\":\"de\",\"potentialAction\":[{\"@type\":\"ReadAction\",\"target\":[\"https:\/\/kuken.es\/producto\/hervidor-agua-electrico-500ml-kuken\/\"]}]},{\"@type\":\"ImageObject\",\"inLanguage\":\"de\",\"@id\":\"https:\/\/kuken.es\/producto\/hervidor-agua-electrico-500ml-kuken\/#primaryimage\",\"url\":\"https:\/\/kuken.es\/wp-content\/uploads\/2020\/03\/HERVIDOR-AGUA-EL\u00c9CTRICO-1100W-0.5L-KUKEN.jpg\",\"contentUrl\":\"https:\/\/kuken.es\/wp-content\/uploads\/2020\/03\/HERVIDOR-AGUA-EL\u00c9CTRICO-1100W-0.5L-KUKEN.jpg\",\"width\":853,\"height\":853,\"caption\":\"Hervidor de agua el\u00e9ctrico k\u00fcken de 500ml\"},{\"@type\":\"BreadcrumbList\",\"@id\":\"https:\/\/kuken.es\/producto\/hervidor-agua-electrico-500ml-kuken\/#breadcrumb\",\"itemListElement\":[{\"@type\":\"ListItem\",\"position\":1,\"name\":\"Portada\",\"item\":\"https:\/\/kuken.es\/\"},{\"@type\":\"ListItem\",\"position\":2,\"name\":\"Productos\",\"item\":\"https:\/\/kuken.es\/productos\/\"},{\"@type\":\"ListItem\",\"position\":3,\"name\":\"HERVIDOR AGUA EL\u00c9CTRICO 500ML K\u00dcKEN\"}]},{\"@type\":\"WebSite\",\"@id\":\"https:\/\/kuken.es\/#website\",\"url\":\"https:\/\/kuken.es\/\",\"name\":\"K\u00fcken\",\"description\":\"Amplia gama de peque\u00f1o electrodom\u00e9stico k\u00fcken\",\"publisher\":{\"@id\":\"https:\/\/kuken.es\/#organization\"},\"potentialAction\":[{\"@type\":\"SearchAction\",\"target\":{\"@type\":\"EntryPoint\",\"urlTemplate\":\"https:\/\/kuken.es\/?s={search_term_string}\"},\"query-input\":{\"@type\":\"PropertyValueSpecification\",\"valueRequired\":true,\"valueName\":\"search_term_string\"}}],\"inLanguage\":\"de\"},{\"@type\":\"Organization\",\"@id\":\"https:\/\/kuken.es\/#organization\",\"name\":\"Alfa Dyser\",\"url\":\"https:\/\/kuken.es\/\",\"logo\":{\"@type\":\"ImageObject\",\"inLanguage\":\"de\",\"@id\":\"https:\/\/kuken.es\/#\/schema\/logo\/image\/\",\"url\":\"https:\/\/kuken.es\/wp-content\/uploads\/2019\/04\/kuken-logo.png\",\"contentUrl\":\"https:\/\/kuken.es\/wp-content\/uploads\/2019\/04\/kuken-logo.png\",\"width\":500,\"height\":191,\"caption\":\"Alfa Dyser\"},\"image\":{\"@id\":\"https:\/\/kuken.es\/#\/schema\/logo\/image\/\"},\"sameAs\":[\"https:\/\/es-es.facebook.com\/alfadyser\/\",\"https:\/\/www.instagram.com\/kuken_appliances\/\"]}]}<\/script>\n<meta property=\"product:price:amount\" content=\"0.00\" \/>\n<meta property=\"product:price:currency\" content=\"EUR\" \/>\n<meta property=\"og:availability\" content=\"instock\" \/>\n<meta property=\"product:availability\" content=\"instock\" \/>\n<meta property=\"product:retailer_item_id\" content=\"33598\" \/>\n<meta property=\"product:condition\" content=\"new\" \/>\n<!-- \/ Yoast SEO Premium plugin. -->","yoast_head_json":{"title":"K\u00dcKEN ELEKTRISCHER WASSERK\u00dcHLER 500ML - K\u00fcken","description":"Exklusiver k\u00fcken-Wasserkocher 500ml. Bereitet Kr\u00e4utertees zu und erhitzt Wasser zum schnelleren und einfacheren Kochen.","robots":{"index":"index","follow":"follow","max-snippet":"max-snippet:-1","max-image-preview":"max-image-preview:large","max-video-preview":"max-video-preview:-1"},"canonical":"https:\/\/kuken.es\/de\/produkt\/kessel-wasser-elektrisch-500ml-kuken\/","og_locale":"de_DE","og_type":"article","og_title":"HERVIDOR AGUA EL\u00c9CTRICO 500ML K\u00dcKEN","og_description":"Exclusivo hervidor de agua el\u00e9ctrico 500ml k\u00fcken. Prepara infusiones y calienta agua para cocinar de manera m\u00e1s r\u00e1pida y f\u00e1cil","og_url":"https:\/\/kuken.es\/de\/produkt\/kessel-wasser-elektrisch-500ml-kuken\/","og_site_name":"K\u00fcken","article_publisher":"https:\/\/es-es.facebook.com\/alfadyser\/","article_modified_time":"2025-05-30T06:00:33+00:00","og_image":[{"width":853,"height":853,"url":"https:\/\/kuken.es\/wp-content\/uploads\/2020\/03\/HERVIDOR-AGUA-EL\u00c9CTRICO-1100W-0.5L-KUKEN.jpg","type":"image\/jpeg"}],"twitter_card":"summary_large_image","twitter_misc":{"Preis":"","Verf\u00fcgbarkeit":"Auf Lager"},"schema":{"@context":"https:\/\/schema.org","@graph":[{"@type":"WebPage","@id":"https:\/\/kuken.es\/producto\/hervidor-agua-electrico-500ml-kuken\/","url":"https:\/\/kuken.es\/producto\/hervidor-agua-electrico-500ml-kuken\/","name":"K\u00dcKEN ELEKTRISCHER WASSERK\u00dcHLER 500ML - K\u00fcken","isPartOf":{"@id":"https:\/\/kuken.es\/#website"},"primaryImageOfPage":{"@id":"https:\/\/kuken.es\/producto\/hervidor-agua-electrico-500ml-kuken\/#primaryimage"},"image":{"@id":"https:\/\/kuken.es\/producto\/hervidor-agua-electrico-500ml-kuken\/#primaryimage"},"thumbnailUrl":"https:\/\/kuken.es\/wp-content\/uploads\/2020\/03\/HERVIDOR-AGUA-EL\u00c9CTRICO-1100W-0.5L-KUKEN.jpg","datePublished":"2020-03-02T08:43:31+00:00","dateModified":"2025-05-30T06:00:33+00:00","description":"Exklusiver k\u00fcken-Wasserkocher 500ml. Bereitet Kr\u00e4utertees zu und erhitzt Wasser zum schnelleren und einfacheren Kochen.","breadcrumb":{"@id":"https:\/\/kuken.es\/producto\/hervidor-agua-electrico-500ml-kuken\/#breadcrumb"},"inLanguage":"de","potentialAction":[{"@type":"ReadAction","target":["https:\/\/kuken.es\/producto\/hervidor-agua-electrico-500ml-kuken\/"]}]},{"@type":"ImageObject","inLanguage":"de","@id":"https:\/\/kuken.es\/producto\/hervidor-agua-electrico-500ml-kuken\/#primaryimage","url":"https:\/\/kuken.es\/wp-content\/uploads\/2020\/03\/HERVIDOR-AGUA-EL\u00c9CTRICO-1100W-0.5L-KUKEN.jpg","contentUrl":"https:\/\/kuken.es\/wp-content\/uploads\/2020\/03\/HERVIDOR-AGUA-EL\u00c9CTRICO-1100W-0.5L-KUKEN.jpg","width":853,"height":853,"caption":"Hervidor de agua el\u00e9ctrico k\u00fcken de 500ml"},{"@type":"BreadcrumbList","@id":"https:\/\/kuken.es\/producto\/hervidor-agua-electrico-500ml-kuken\/#breadcrumb","itemListElement":[{"@type":"ListItem","position":1,"name":"Portada","item":"https:\/\/kuken.es\/"},{"@type":"ListItem","position":2,"name":"Productos","item":"https:\/\/kuken.es\/productos\/"},{"@type":"ListItem","position":3,"name":"HERVIDOR AGUA EL\u00c9CTRICO 500ML K\u00dcKEN"}]},{"@type":"WebSite","@id":"https:\/\/kuken.es\/#website","url":"https:\/\/kuken.es\/","name":"K\u00fcken","description":"Gro\u00dfe Auswahl an k\u00fcken Haushaltskleinger\u00e4ten","publisher":{"@id":"https:\/\/kuken.es\/#organization"},"potentialAction":[{"@type":"SearchAction","target":{"@type":"EntryPoint","urlTemplate":"https:\/\/kuken.es\/?s={search_term_string}"},"query-input":{"@type":"PropertyValueSpecification","valueRequired":true,"valueName":"search_term_string"}}],"inLanguage":"de"},{"@type":"Organization","@id":"https:\/\/kuken.es\/#organization","name":"Alpha Dyser","url":"https:\/\/kuken.es\/","logo":{"@type":"ImageObject","inLanguage":"de","@id":"https:\/\/kuken.es\/#\/schema\/logo\/image\/","url":"https:\/\/kuken.es\/wp-content\/uploads\/2019\/04\/kuken-logo.png","contentUrl":"https:\/\/kuken.es\/wp-content\/uploads\/2019\/04\/kuken-logo.png","width":500,"height":191,"caption":"Alfa Dyser"},"image":{"@id":"https:\/\/kuken.es\/#\/schema\/logo\/image\/"},"sameAs":["https:\/\/es-es.facebook.com\/alfadyser\/","https:\/\/www.instagram.com\/kuken_appliances\/"]}]},"product_price_amount":"0.00","product_price_currency":"EUR","og_availability":"instock","product_availability":"instock","product_retailer_item_id":"33598","product_condition":"new"},"_links":{"self":[{"href":"https:\/\/kuken.es\/de\/wp-json\/wp\/v2\/product\/3137","targetHints":{"allow":["GET"]}}],"collection":[{"href":"https:\/\/kuken.es\/de\/wp-json\/wp\/v2\/product"}],"about":[{"href":"https:\/\/kuken.es\/de\/wp-json\/wp\/v2\/types\/product"}],"wp:featuredmedia":[{"embeddable":true,"href":"https:\/\/kuken.es\/de\/wp-json\/wp\/v2\/media\/3138"}],"wp:attachment":[{"href":"https:\/\/kuken.es\/de\/wp-json\/wp\/v2\/media?parent=3137"}],"wp:term":[{"taxonomy":"product_brand","embeddable":true,"href":"https:\/\/kuken.es\/de\/wp-json\/wp\/v2\/product_brand?post=3137"},{"taxonomy":"product_cat","embeddable":true,"href":"https:\/\/kuken.es\/de\/wp-json\/wp\/v2\/product_cat?post=3137"},{"taxonomy":"product_tag","embeddable":true,"href":"https:\/\/kuken.es\/de\/wp-json\/wp\/v2\/product_tag?post=3137"}],"curies":[{"name":"wp","href":"https:\/\/api.w.org\/{rel}","templated":true}]}}