{"id":3088,"date":"2020-03-02T09:41:55","date_gmt":"2020-03-02T08:41:55","guid":{"rendered":"https:\/\/kuken.es\/producto\/sandwichera-electrica-750w-blanca-kuken\/"},"modified":"2025-05-30T07:46:24","modified_gmt":"2025-05-30T05:46:24","slug":"sandwich-maker-elektrisch-750w-weis-weis-kuken","status":"publish","type":"product","link":"https:\/\/kuken.es\/de\/produkt\/sandwich-maker-elektrisch-750w-weis-weis-kuken\/","title":{"rendered":"ELEKTRISCHE SANDWICHMASCHINE 750W WEISS K\u00dcKEN"},"content":{"rendered":"<p>ELEKTRISCHE SANDWICHMASCHINE 750W WEISS K\u00dcKEN<\/p>\n<ul>\n<li data-start=\"734\" data-end=\"820\">\n<p data-start=\"736\" data-end=\"820\">Dise\u00f1o con acabado en blanco, moderno y f\u00e1cil de integrar en cualquier cocina.<\/p>\n<\/li>\n<li data-start=\"821\" data-end=\"934\">\n<p data-start=\"823\" data-end=\"934\">Placas con corte tipo s\u00e1ndwich, recubiertas con material antiadherente de alta resistencia al rayado.<\/p>\n<\/li>\n<li data-start=\"935\" data-end=\"1018\">\n<p data-start=\"937\" data-end=\"1018\">Capacidad para dos s\u00e1ndwiches, con sellado perfecto y cocci\u00f3n uniforme.<\/p>\n<\/li>\n<li data-start=\"1019\" data-end=\"1104\">\n<p data-start=\"1021\" data-end=\"1104\">Cierre en click, asegura el contacto entre las placas para un tostado \u00f3ptimo.<\/p>\n<\/li>\n<li data-start=\"1105\" data-end=\"1186\">\n<p data-start=\"1107\" data-end=\"1186\">Seguro de apertura, ofrece mayor estabilidad y protecci\u00f3n durante el uso.<\/p>\n<\/li>\n<li data-start=\"1187\" data-end=\"1264\">\n<p data-start=\"1189\" data-end=\"1264\">Termostato autom\u00e1tico, mantiene la temperatura ideal en todo momento.<\/p>\n<\/li>\n<li data-start=\"1265\" data-end=\"1343\">\n<p data-start=\"1267\" data-end=\"1343\">Avisos luminosos que indican cu\u00e1ndo est\u00e1 calentando y listo para usar.<\/p>\n<\/li>\n<li data-start=\"1344\" data-end=\"1422\">\n<p data-start=\"1346\" data-end=\"1422\">Asa con tacto fr\u00edo, segura al abrir incluso durante el funcionamiento.<\/p>\n<\/li>\n<li data-start=\"1423\" data-end=\"1488\">\n<p data-start=\"1425\" data-end=\"1488\">Potencia de 750W, ideal para un uso pr\u00e1ctico y eficiente.<\/p>\n<\/li>\n<li data-start=\"1489\" data-end=\"1560\">\n<p data-start=\"1491\" data-end=\"1560\">Perfecta para desayunos r\u00e1pidos o meriendas calientes en minutos.<\/p>\n<\/li>\n<\/ul>\n<p><div class=\"accordion\"><div class=\"mfn-acc accordion_wrapper  toggle\"><div class=\"question\"><div class=\"title\"><i class=\"icon-plus acc-icon-plus\" aria-hidden=\"true\"><\/i><i class=\"icon-minus acc-icon-minus\" aria-hidden=\"true\"><\/i>Produktdaten<\/div><div class=\"answer\">EAN 8425160360078<\/p>\n<p>ELEKTRISCHE SANDWICHMASCHINE 750W WEISS K\u00dcKEN<\/p>\n<p>Packeinheit 1<br \/>\nFarbe Wei\u00df<br \/>\nVerpackung Box Farbe<br \/>\nLeistung 750 W<br \/>\nSpannung 230 V<br \/>\nKapazit\u00e4t 2 Sandwiches<br \/>\nWerkstoff PC<br \/>\nAbmessungen (LxBxH): 215x205x80 mm<br \/>\nRutschfeste F\u00fc\u00dfe Ja<br \/>\nGewicht 0,6 kg<\/div><\/div>\n<\/div><\/div>\n<br \/>\n<div class=\"accordion\"><div class=\"mfn-acc accordion_wrapper  toggle\"><div class=\"question\"><div class=\"title\"><i class=\"icon-plus acc-icon-plus\" aria-hidden=\"true\"><\/i><i class=\"icon-minus acc-icon-minus\" aria-hidden=\"true\"><\/i>Zubeh\u00f6r<\/div><div class=\"answer\"><\/div><\/div>\n<\/div><\/div>\n<\/p>\n<div class=\"descargas-producto\"><a href=\"\/wp-content\/uploads\/pdf\/8425160360078_ficha_tecnica.pdf\" target=\"_blank\" rel=\"noopener noreferrer\"><br \/>\n<img loading=\"lazy\" decoding=\"async\" src=\"\/wp-content\/uploads\/2019\/12\/picto-descarrega.png\" alt=\"Datenblatt herunterladen\" width=\"23\" height=\"16\" \/>Blatt herunterladen<\/a><a href=\"https:\/\/kuken.es\/wp-content\/uploads\/36007_instrucciones-1.pdf\" target=\"_blank\" rel=\"noopener noreferrer\"><br \/>\n<img loading=\"lazy\" decoding=\"async\" src=\"\/wp-content\/uploads\/2019\/12\/picto-descarrega.png\" alt=\"Gebrauchsanweisung herunterladen\" width=\"23\" height=\"16\" \/>Handbuch herunterladen<\/a><\/div>\n<div><\/div>\n<div><span style=\"color: #bf2121\">Folgen Sie uns auf den sozialen Medien!<\/span><\/div>\n<div><a href=\"https:\/\/www.instagram.com\/kuken_appliances\/\">https:\/\/www.instagram.com\/kuken_appliances\/<\/a><\/div>\n<div><\/div>\n<div><\/div>\n<div>\n<p><iframe loading=\"lazy\" title=\"Sandwichera el\u00e9ctrica 750w sin corte k\u00fcken\" width=\"560\" height=\"315\" src=\"https:\/\/www.youtube.com\/embed\/As5-jBO7cIU?feature=oembed\" frameborder=\"0\" allow=\"accelerometer; autoplay; clipboard-write; encrypted-media; gyroscope; picture-in-picture; web-share\" referrerpolicy=\"strict-origin-when-cross-origin\" allowfullscreen><\/iframe><\/p>\n<\/div>","protected":false},"excerpt":{"rendered":"<p data-start=\"439\" data-end=\"587\">Sandwichera compacta y funcional para dos s\u00e1ndwiches con corte y sellado perfecto. Con placas antiadherentes, cierre seguro y termostato autom\u00e1tico.<\/p>\n<p data-start=\"589\" data-end=\"660\">","protected":false},"featured_media":3089,"template":"","meta":[],"product_brand":[],"product_cat":[38,45],"product_tag":[],"class_list":{"0":"post-3088","1":"product","2":"type-product","3":"status-publish","4":"has-post-thumbnail","6":"product_cat-premium","7":"product_cat-sandwicheras-premium","9":"first","10":"instock","11":"product-type-simple"},"yoast_head":"<!-- This site is optimized with the Yoast SEO Premium plugin v24.0 (Yoast SEO v26.5) - https:\/\/yoast.com\/wordpress\/plugins\/seo\/ -->\n<title>SANDWICHERA EL\u00c9CTRICA 750W BLANCA K\u00dcKEN - K\u00fcken<\/title>\n<meta name=\"description\" content=\"Sandwichera el\u00e9ctrica k\u00fcken de 750W. Prepara tus s\u00e1ndwiches favoritos f\u00e1cilmente y en muy poco tiempo. Descubre aqu\u00ed sus caracter\u00edsticas.\" \/>\n<meta name=\"robots\" content=\"index, follow, max-snippet:-1, max-image-preview:large, max-video-preview:-1\" \/>\n<link rel=\"canonical\" href=\"https:\/\/kuken.es\/de\/produkt\/sandwich-maker-elektrisch-750w-weis-weis-kuken\/\" \/>\n<meta property=\"og:locale\" content=\"de_DE\" \/>\n<meta property=\"og:type\" content=\"article\" \/>\n<meta property=\"og:title\" content=\"SANDWICHERA EL\u00c9CTRICA 750W BLANCA K\u00dcKEN\" \/>\n<meta property=\"og:description\" content=\"Sandwichera el\u00e9ctrica k\u00fcken de 750W. Prepara tus s\u00e1ndwiches favoritos f\u00e1cilmente y en muy poco tiempo. Descubre aqu\u00ed sus caracter\u00edsticas.\" \/>\n<meta property=\"og:url\" content=\"https:\/\/kuken.es\/de\/produkt\/sandwich-maker-elektrisch-750w-weis-weis-kuken\/\" \/>\n<meta property=\"og:site_name\" content=\"K\u00fcken\" \/>\n<meta property=\"article:publisher\" content=\"https:\/\/es-es.facebook.com\/alfadyser\/\" \/>\n<meta property=\"article:modified_time\" content=\"2025-05-30T05:46:24+00:00\" \/>\n<meta property=\"og:image\" content=\"https:\/\/kuken.es\/wp-content\/uploads\/2020\/03\/SANDWICHERA-EL\u00c9CTRICA-750W-BLANCA-KUKEN.jpg\" \/>\n\t<meta property=\"og:image:width\" content=\"853\" \/>\n\t<meta property=\"og:image:height\" content=\"853\" \/>\n\t<meta property=\"og:image:type\" content=\"image\/jpeg\" \/>\n<meta name=\"twitter:card\" content=\"summary_large_image\" \/>\n<meta name=\"twitter:label1\" content=\"Preis\" \/>\n\t<meta name=\"twitter:data1\" content=\"\" \/>\n\t<meta name=\"twitter:label2\" content=\"Verf\u00fcgbarkeit\" \/>\n\t<meta name=\"twitter:data2\" content=\"Auf Lager\" \/>\n<script type=\"application\/ld+json\" class=\"yoast-schema-graph\">{\"@context\":\"https:\/\/schema.org\",\"@graph\":[{\"@type\":\"WebPage\",\"@id\":\"https:\/\/kuken.es\/producto\/sandwichera-electrica-750w-blanca-kuken\/\",\"url\":\"https:\/\/kuken.es\/producto\/sandwichera-electrica-750w-blanca-kuken\/\",\"name\":\"SANDWICHERA EL\u00c9CTRICA 750W BLANCA K\u00dcKEN - K\u00fcken\",\"isPartOf\":{\"@id\":\"https:\/\/kuken.es\/#website\"},\"primaryImageOfPage\":{\"@id\":\"https:\/\/kuken.es\/producto\/sandwichera-electrica-750w-blanca-kuken\/#primaryimage\"},\"image\":{\"@id\":\"https:\/\/kuken.es\/producto\/sandwichera-electrica-750w-blanca-kuken\/#primaryimage\"},\"thumbnailUrl\":\"https:\/\/kuken.es\/wp-content\/uploads\/2020\/03\/SANDWICHERA-EL\u00c9CTRICA-750W-BLANCA-KUKEN.jpg\",\"datePublished\":\"2020-03-02T08:41:55+00:00\",\"dateModified\":\"2025-05-30T05:46:24+00:00\",\"description\":\"Sandwichera el\u00e9ctrica k\u00fcken de 750W. Prepara tus s\u00e1ndwiches favoritos f\u00e1cilmente y en muy poco tiempo. Descubre aqu\u00ed sus caracter\u00edsticas.\",\"breadcrumb\":{\"@id\":\"https:\/\/kuken.es\/producto\/sandwichera-electrica-750w-blanca-kuken\/#breadcrumb\"},\"inLanguage\":\"de\",\"potentialAction\":[{\"@type\":\"ReadAction\",\"target\":[\"https:\/\/kuken.es\/producto\/sandwichera-electrica-750w-blanca-kuken\/\"]}]},{\"@type\":\"ImageObject\",\"inLanguage\":\"de\",\"@id\":\"https:\/\/kuken.es\/producto\/sandwichera-electrica-750w-blanca-kuken\/#primaryimage\",\"url\":\"https:\/\/kuken.es\/wp-content\/uploads\/2020\/03\/SANDWICHERA-EL\u00c9CTRICA-750W-BLANCA-KUKEN.jpg\",\"contentUrl\":\"https:\/\/kuken.es\/wp-content\/uploads\/2020\/03\/SANDWICHERA-EL\u00c9CTRICA-750W-BLANCA-KUKEN.jpg\",\"width\":853,\"height\":853,\"caption\":\"Sandwichera el\u00e9ctrica k\u00fcken de 750W\"},{\"@type\":\"BreadcrumbList\",\"@id\":\"https:\/\/kuken.es\/producto\/sandwichera-electrica-750w-blanca-kuken\/#breadcrumb\",\"itemListElement\":[{\"@type\":\"ListItem\",\"position\":1,\"name\":\"Portada\",\"item\":\"https:\/\/kuken.es\/\"},{\"@type\":\"ListItem\",\"position\":2,\"name\":\"Productos\",\"item\":\"https:\/\/kuken.es\/productos\/\"},{\"@type\":\"ListItem\",\"position\":3,\"name\":\"SANDWICHERA EL\u00c9CTRICA 750W BLANCA K\u00dcKEN\"}]},{\"@type\":\"WebSite\",\"@id\":\"https:\/\/kuken.es\/#website\",\"url\":\"https:\/\/kuken.es\/\",\"name\":\"K\u00fcken\",\"description\":\"Amplia gama de peque\u00f1o electrodom\u00e9stico k\u00fcken\",\"publisher\":{\"@id\":\"https:\/\/kuken.es\/#organization\"},\"potentialAction\":[{\"@type\":\"SearchAction\",\"target\":{\"@type\":\"EntryPoint\",\"urlTemplate\":\"https:\/\/kuken.es\/?s={search_term_string}\"},\"query-input\":{\"@type\":\"PropertyValueSpecification\",\"valueRequired\":true,\"valueName\":\"search_term_string\"}}],\"inLanguage\":\"de\"},{\"@type\":\"Organization\",\"@id\":\"https:\/\/kuken.es\/#organization\",\"name\":\"Alfa Dyser\",\"url\":\"https:\/\/kuken.es\/\",\"logo\":{\"@type\":\"ImageObject\",\"inLanguage\":\"de\",\"@id\":\"https:\/\/kuken.es\/#\/schema\/logo\/image\/\",\"url\":\"https:\/\/kuken.es\/wp-content\/uploads\/2019\/04\/kuken-logo.png\",\"contentUrl\":\"https:\/\/kuken.es\/wp-content\/uploads\/2019\/04\/kuken-logo.png\",\"width\":500,\"height\":191,\"caption\":\"Alfa Dyser\"},\"image\":{\"@id\":\"https:\/\/kuken.es\/#\/schema\/logo\/image\/\"},\"sameAs\":[\"https:\/\/es-es.facebook.com\/alfadyser\/\",\"https:\/\/www.instagram.com\/kuken_appliances\/\"]}]}<\/script>\n<meta property=\"product:price:amount\" content=\"0.00\" \/>\n<meta property=\"product:price:currency\" content=\"EUR\" \/>\n<meta property=\"og:availability\" content=\"instock\" \/>\n<meta property=\"product:availability\" content=\"instock\" \/>\n<meta property=\"product:retailer_item_id\" content=\"36007\" \/>\n<meta property=\"product:condition\" content=\"new\" \/>\n<!-- \/ Yoast SEO Premium plugin. -->","yoast_head_json":{"title":"ELEKTRISCHER SANDWICHER 750W WEISS K\u00dcKEN - K\u00fcken","description":"K\u00fcken 750W elektrischer Sandwichmaker. Bereiten Sie Ihre Lieblingssandwiches einfach und im Handumdrehen zu. Entdecken Sie seine Funktionen hier.","robots":{"index":"index","follow":"follow","max-snippet":"max-snippet:-1","max-image-preview":"max-image-preview:large","max-video-preview":"max-video-preview:-1"},"canonical":"https:\/\/kuken.es\/de\/produkt\/sandwich-maker-elektrisch-750w-weis-weis-kuken\/","og_locale":"de_DE","og_type":"article","og_title":"SANDWICHERA EL\u00c9CTRICA 750W BLANCA K\u00dcKEN","og_description":"Sandwichera el\u00e9ctrica k\u00fcken de 750W. Prepara tus s\u00e1ndwiches favoritos f\u00e1cilmente y en muy poco tiempo. Descubre aqu\u00ed sus caracter\u00edsticas.","og_url":"https:\/\/kuken.es\/de\/produkt\/sandwich-maker-elektrisch-750w-weis-weis-kuken\/","og_site_name":"K\u00fcken","article_publisher":"https:\/\/es-es.facebook.com\/alfadyser\/","article_modified_time":"2025-05-30T05:46:24+00:00","og_image":[{"width":853,"height":853,"url":"https:\/\/kuken.es\/wp-content\/uploads\/2020\/03\/SANDWICHERA-EL\u00c9CTRICA-750W-BLANCA-KUKEN.jpg","type":"image\/jpeg"}],"twitter_card":"summary_large_image","twitter_misc":{"Preis":"","Verf\u00fcgbarkeit":"Auf Lager"},"schema":{"@context":"https:\/\/schema.org","@graph":[{"@type":"WebPage","@id":"https:\/\/kuken.es\/producto\/sandwichera-electrica-750w-blanca-kuken\/","url":"https:\/\/kuken.es\/producto\/sandwichera-electrica-750w-blanca-kuken\/","name":"ELEKTRISCHER SANDWICHER 750W WEISS K\u00dcKEN - K\u00fcken","isPartOf":{"@id":"https:\/\/kuken.es\/#website"},"primaryImageOfPage":{"@id":"https:\/\/kuken.es\/producto\/sandwichera-electrica-750w-blanca-kuken\/#primaryimage"},"image":{"@id":"https:\/\/kuken.es\/producto\/sandwichera-electrica-750w-blanca-kuken\/#primaryimage"},"thumbnailUrl":"https:\/\/kuken.es\/wp-content\/uploads\/2020\/03\/SANDWICHERA-EL\u00c9CTRICA-750W-BLANCA-KUKEN.jpg","datePublished":"2020-03-02T08:41:55+00:00","dateModified":"2025-05-30T05:46:24+00:00","description":"K\u00fcken 750W elektrischer Sandwichmaker. Bereiten Sie Ihre Lieblingssandwiches einfach und im Handumdrehen zu. Entdecken Sie seine Funktionen hier.","breadcrumb":{"@id":"https:\/\/kuken.es\/producto\/sandwichera-electrica-750w-blanca-kuken\/#breadcrumb"},"inLanguage":"de","potentialAction":[{"@type":"ReadAction","target":["https:\/\/kuken.es\/producto\/sandwichera-electrica-750w-blanca-kuken\/"]}]},{"@type":"ImageObject","inLanguage":"de","@id":"https:\/\/kuken.es\/producto\/sandwichera-electrica-750w-blanca-kuken\/#primaryimage","url":"https:\/\/kuken.es\/wp-content\/uploads\/2020\/03\/SANDWICHERA-EL\u00c9CTRICA-750W-BLANCA-KUKEN.jpg","contentUrl":"https:\/\/kuken.es\/wp-content\/uploads\/2020\/03\/SANDWICHERA-EL\u00c9CTRICA-750W-BLANCA-KUKEN.jpg","width":853,"height":853,"caption":"Sandwichera el\u00e9ctrica k\u00fcken de 750W"},{"@type":"BreadcrumbList","@id":"https:\/\/kuken.es\/producto\/sandwichera-electrica-750w-blanca-kuken\/#breadcrumb","itemListElement":[{"@type":"ListItem","position":1,"name":"Portada","item":"https:\/\/kuken.es\/"},{"@type":"ListItem","position":2,"name":"Productos","item":"https:\/\/kuken.es\/productos\/"},{"@type":"ListItem","position":3,"name":"SANDWICHERA EL\u00c9CTRICA 750W BLANCA K\u00dcKEN"}]},{"@type":"WebSite","@id":"https:\/\/kuken.es\/#website","url":"https:\/\/kuken.es\/","name":"K\u00fcken","description":"Gro\u00dfe Auswahl an k\u00fcken Haushaltskleinger\u00e4ten","publisher":{"@id":"https:\/\/kuken.es\/#organization"},"potentialAction":[{"@type":"SearchAction","target":{"@type":"EntryPoint","urlTemplate":"https:\/\/kuken.es\/?s={search_term_string}"},"query-input":{"@type":"PropertyValueSpecification","valueRequired":true,"valueName":"search_term_string"}}],"inLanguage":"de"},{"@type":"Organization","@id":"https:\/\/kuken.es\/#organization","name":"Alpha Dyser","url":"https:\/\/kuken.es\/","logo":{"@type":"ImageObject","inLanguage":"de","@id":"https:\/\/kuken.es\/#\/schema\/logo\/image\/","url":"https:\/\/kuken.es\/wp-content\/uploads\/2019\/04\/kuken-logo.png","contentUrl":"https:\/\/kuken.es\/wp-content\/uploads\/2019\/04\/kuken-logo.png","width":500,"height":191,"caption":"Alfa Dyser"},"image":{"@id":"https:\/\/kuken.es\/#\/schema\/logo\/image\/"},"sameAs":["https:\/\/es-es.facebook.com\/alfadyser\/","https:\/\/www.instagram.com\/kuken_appliances\/"]}]},"product_price_amount":"0.00","product_price_currency":"EUR","og_availability":"instock","product_availability":"instock","product_retailer_item_id":"36007","product_condition":"new"},"_links":{"self":[{"href":"https:\/\/kuken.es\/de\/wp-json\/wp\/v2\/product\/3088","targetHints":{"allow":["GET"]}}],"collection":[{"href":"https:\/\/kuken.es\/de\/wp-json\/wp\/v2\/product"}],"about":[{"href":"https:\/\/kuken.es\/de\/wp-json\/wp\/v2\/types\/product"}],"wp:featuredmedia":[{"embeddable":true,"href":"https:\/\/kuken.es\/de\/wp-json\/wp\/v2\/media\/3089"}],"wp:attachment":[{"href":"https:\/\/kuken.es\/de\/wp-json\/wp\/v2\/media?parent=3088"}],"wp:term":[{"taxonomy":"product_brand","embeddable":true,"href":"https:\/\/kuken.es\/de\/wp-json\/wp\/v2\/product_brand?post=3088"},{"taxonomy":"product_cat","embeddable":true,"href":"https:\/\/kuken.es\/de\/wp-json\/wp\/v2\/product_cat?post=3088"},{"taxonomy":"product_tag","embeddable":true,"href":"https:\/\/kuken.es\/de\/wp-json\/wp\/v2\/product_tag?post=3088"}],"curies":[{"name":"wp","href":"https:\/\/api.w.org\/{rel}","templated":true}]}}