{"id":12713,"date":"2026-02-09T10:31:35","date_gmt":"2026-02-09T09:31:35","guid":{"rendered":"https:\/\/kuken.es\/?post_type=product&#038;p=12713"},"modified":"2026-02-09T10:55:07","modified_gmt":"2026-02-09T09:55:07","slug":"balanza-cocina-electronica-5-kg-roja-kuken","status":"publish","type":"product","link":"https:\/\/kuken.es\/de\/produkt\/balanza-cocina-electronica-5-kg-roja-kuken\/","title":{"rendered":"BALANZA COCINA ELECTR\u00d3NICA 5KG ROJA K\u00dcKEN"},"content":{"rendered":"<p>BALANZA COCINA ELECTR\u00d3NICA 5KG ROJA K\u00dcKEN<\/p>\n<ul>\n<li data-start=\"141\" data-end=\"212\">Balanza de cocina digital de dise\u00f1o compacto, moderno y elegante.<\/li>\n<li data-start=\"215\" data-end=\"326\">Acabado en color rojo con superficie de cristal templado transparente, resistente y f\u00e1cil de limpiar.<\/li>\n<li data-start=\"329\" data-end=\"394\">Dise\u00f1o extraplano y ligero, ideal para guardar c\u00f3modamente.<\/li>\n<li data-start=\"397\" data-end=\"458\">Pantalla LCD de f\u00e1cil lectura con botones t\u00e1ctiles.<\/li>\n<li data-start=\"461\" data-end=\"509\">Rango de pesaje: m\u00ednimo 1 g \/ m\u00e1ximo 5 kg.<\/li>\n<li data-start=\"512\" data-end=\"598\">Funci\u00f3n TARA \/ puesta a cero, permite pesar ingredientes de forma independiente.<\/li>\n<li data-start=\"601\" data-end=\"677\">Selector de unidades (UNIT) con cuatro opciones: g \/ lb \/ oz \/ ml.<\/li>\n<li data-start=\"680\" data-end=\"737\">Apagado autom\u00e1tico para un mayor ahorro de bater\u00eda.<\/li>\n<li data-start=\"740\" data-end=\"824\">Patas de goma antideslizantes que garantizan mayor estabilidad durante el uso.<\/li>\n<li data-start=\"827\" data-end=\"894\">Funcionamiento mediante 1 pila de litio CR2032 (no incluida).<\/li>\n<\/ul>\n<p><div class=\"accordion\"><div class=\"mfn-acc accordion_wrapper  toggle\"><div class=\"question\"><div class=\"title\"><i class=\"icon-plus acc-icon-plus\" aria-hidden=\"true\"><\/i><i class=\"icon-minus acc-icon-minus\" aria-hidden=\"true\"><\/i>Produktdaten<\/div><div class=\"answer\">EAN 8425160337087<\/p>\n<p>BALANZA COCINA ELECTR\u00d3NICA 5KG ROJA K\u00dcKEN<\/p>\n<p>Packeinheit 1<br \/>\nColor Rojo<br \/>\nVerpackung Box Farbe<br \/>\nMaterial Geh\u00e4rtetes Glas.<br \/>\nDigitale Klasse<br \/>\nRutschfeste F\u00fc\u00dfe Ja<br \/>\nFunciona con 1 x Litio CR 2032 (no incluida)<br \/>\nGewicht 0,45 kg.<\/div><\/div>\n<\/div><\/div>\n<br \/>\n<div class=\"accordion\"><div class=\"mfn-acc accordion_wrapper  toggle\"><div class=\"question\"><div class=\"title\"><i class=\"icon-plus acc-icon-plus\" aria-hidden=\"true\"><\/i><i class=\"icon-minus acc-icon-minus\" aria-hidden=\"true\"><\/i>Zubeh\u00f6r<\/div><div class=\"answer\"><\/div><\/div>\n<\/div><\/div>\n<\/p>\n<div class=\"descargas-producto\"><a href=\"https:\/\/kuken.es\/wp-content\/uploads\/33707_-33708_ficha_tecnica.pdf\" target=\"_blank\" rel=\"noopener noreferrer\"><br \/>\n<img loading=\"lazy\" decoding=\"async\" src=\"\/wp-content\/uploads\/2019\/12\/picto-descarrega.png\" alt=\"Datenblatt herunterladen\" width=\"23\" height=\"16\" \/>Blatt herunterladen<\/a><a href=\"https:\/\/kuken.es\/wp-content\/uploads\/33708_instrucciones.pdf\" target=\"_blank\" rel=\"noopener noreferrer\"><br \/>\n<img loading=\"lazy\" decoding=\"async\" src=\"\/wp-content\/uploads\/2019\/12\/picto-descarrega.png\" alt=\"Gebrauchsanweisung herunterladen\" width=\"23\" height=\"16\" \/>Handbuch herunterladen<\/a><\/div>\n<div><\/div>\n<div><span style=\"color: #bf2121;\">Folgen Sie uns auf den sozialen Medien!<\/span><\/div>\n<div><a href=\"https:\/\/www.instagram.com\/kuken_appliances\/\">https:\/\/www.instagram.com\/kuken_appliances\/<\/a><\/div>\n<div><\/div>\n<div>\n<p><iframe loading=\"lazy\" title=\"Balanza de cristal cuadrada k\u00fcken\" width=\"560\" height=\"315\" src=\"https:\/\/www.youtube.com\/embed\/Er4EmF8dQa8?feature=oembed\" frameborder=\"0\" allow=\"accelerometer; autoplay; clipboard-write; encrypted-media; gyroscope; picture-in-picture; web-share\" referrerpolicy=\"strict-origin-when-cross-origin\" allowfullscreen><\/iframe><\/p>\n<p class=\"p1\">\n<\/div>","protected":false},"excerpt":{"rendered":"<article class=\"text-token-text-primary w-full focus:outline-none [--shadow-height:45px] has-data-writing-block:pointer-events-none has-data-writing-block:-mt-(--shadow-height) has-data-writing-block:pt-(--shadow-height) [&amp;:has([data-writing-block])&gt;*]:pointer-events-auto scroll-mt-(--header-height)\" dir=\"auto\" tabindex=\"-1\" data-turn-id=\"e4065004-95ae-4c4a-97e7-5b7e35bf88a4\" data-testid=\"conversation-turn-91\" data-scroll-anchor=\"false\" data-turn=\"user\"><\/article>\n<article class=\"text-token-text-primary w-full focus:outline-none [--shadow-height:45px] has-data-writing-block:pointer-events-none has-data-writing-block:-mt-(--shadow-height) has-data-writing-block:pt-(--shadow-height) [&amp;:has([data-writing-block])&gt;*]:pointer-events-auto scroll-mt-[calc(var(--header-height)+min(200px,max(70px,20svh)))]\" dir=\"auto\" tabindex=\"-1\" data-turn-id=\"request-WEB:ea80524f-fca3-4c23-83f0-0e1e76a54768-45\" data-testid=\"conversation-turn-92\" data-scroll-anchor=\"true\" data-turn=\"assistant\">\n<div class=\"text-base my-auto mx-auto pb-10 [--thread-content-margin:--spacing(4)] @w-sm\/main:[--thread-content-margin:--spacing(6)] @w-lg\/main:[--thread-content-margin:--spacing(16)] px-(--thread-content-margin)\">\n<div class=\"[--thread-content-max-width:40rem] @w-lg\/main:[--thread-content-max-width:48rem] mx-auto max-w-(--thread-content-max-width) flex-1 group\/turn-messages focus-visible:outline-hidden relative flex w-full min-w-0 flex-col agent-turn\" tabindex=\"-1\">\n<div class=\"flex max-w-full flex-col grow\">\n<div class=\"min-h-8 text-message relative flex w-full flex-col items-end gap-2 text-start break-words whitespace-normal [.text-message+&amp;]:mt-1\" dir=\"auto\" data-message-author-role=\"assistant\" data-message-id=\"6d7acb55-2d1b-4705-874a-2835eab4964b\" data-message-model-slug=\"gpt-5-2-instant\">\n<div class=\"flex w-full flex-col gap-1 empty:hidden first:pt-[1px]\">\n<div class=\"markdown prose dark:prose-invert w-full wrap-break-word light markdown-new-styling\">\n<p data-start=\"0\" data-end=\"246\" data-is-last-node=\"\" data-is-only-node=\"\">Balanza de cocina digital compacta y elegante con superficie de cristal templado. Ofrece pesaje preciso de 1 g a 5 kg, funci\u00f3n tara, varias unidades de medida y pantalla LCD t\u00e1ctil. Dise\u00f1o extraplanos con apagado autom\u00e1tico y base antideslizante.<\/p>\n<\/div>\n<\/div>\n<\/div>\n<\/div>\n<\/div>\n<\/div>\n<\/article>\n<p data-start=\"609\" data-end=\"680\">","protected":false},"featured_media":12714,"template":"","meta":[],"product_brand":[],"product_cat":[55,38],"product_tag":[],"class_list":{"0":"post-12713","1":"product","2":"type-product","3":"status-publish","4":"has-post-thumbnail","6":"product_cat-balanzas-cocina-premium","7":"product_cat-premium","9":"first","10":"instock","11":"product-type-simple"},"yoast_head":"<!-- This site is optimized with the Yoast SEO Premium plugin v24.0 (Yoast SEO v26.5) - https:\/\/yoast.com\/wordpress\/plugins\/seo\/ -->\n<title>BALANZA COCINA ELECTR\u00d3NICA 5KG ROJA K\u00dcKEN - K\u00fcken<\/title>\n<meta name=\"description\" content=\"Nueva y exclusiva balanza de cocina digital k\u00fcken roja de cristal templado. Pesa con exactitud hasta 5kg de manera r\u00e1pida y f\u00e1cil, desc\u00fabrela ahora.\" \/>\n<meta name=\"robots\" content=\"index, follow, max-snippet:-1, max-image-preview:large, max-video-preview:-1\" \/>\n<link rel=\"canonical\" href=\"https:\/\/kuken.es\/de\/produkt\/balanza-cocina-electronica-5-kg-roja-kuken\/\" \/>\n<meta property=\"og:locale\" content=\"de_DE\" \/>\n<meta property=\"og:type\" content=\"article\" \/>\n<meta property=\"og:title\" content=\"BALANZA COCINA ELECTR\u00d3NICA 5KG ROJA K\u00dcKEN\" \/>\n<meta property=\"og:description\" content=\"Nueva y exclusiva balanza de cocina digital k\u00fcken roja de cristal templado. Pesa con exactitud hasta 5kg de manera r\u00e1pida y f\u00e1cil, desc\u00fabrela ahora.\" \/>\n<meta property=\"og:url\" content=\"https:\/\/kuken.es\/de\/produkt\/balanza-cocina-electronica-5-kg-roja-kuken\/\" \/>\n<meta property=\"og:site_name\" content=\"K\u00fcken\" \/>\n<meta property=\"article:publisher\" content=\"https:\/\/es-es.facebook.com\/alfadyser\/\" \/>\n<meta property=\"article:modified_time\" content=\"2026-02-09T09:55:07+00:00\" \/>\n<meta property=\"og:image\" content=\"https:\/\/kuken.es\/wp-content\/uploads\/8425160337087_01.jpg\" \/>\n\t<meta property=\"og:image:width\" content=\"2000\" \/>\n\t<meta property=\"og:image:height\" content=\"2000\" \/>\n\t<meta property=\"og:image:type\" content=\"image\/jpeg\" \/>\n<meta name=\"twitter:card\" content=\"summary_large_image\" \/>\n<meta name=\"twitter:label1\" content=\"Preis\" \/>\n\t<meta name=\"twitter:data1\" content=\"\" \/>\n\t<meta name=\"twitter:label2\" content=\"Verf\u00fcgbarkeit\" \/>\n\t<meta name=\"twitter:data2\" content=\"Auf Lager\" \/>\n<script type=\"application\/ld+json\" class=\"yoast-schema-graph\">{\"@context\":\"https:\/\/schema.org\",\"@graph\":[{\"@type\":\"WebPage\",\"@id\":\"https:\/\/kuken.es\/producto\/balanza-cocina-electronica-5-kg-roja-kuken\/\",\"url\":\"https:\/\/kuken.es\/producto\/balanza-cocina-electronica-5-kg-roja-kuken\/\",\"name\":\"BALANZA COCINA ELECTR\u00d3NICA 5KG ROJA K\u00dcKEN - K\u00fcken\",\"isPartOf\":{\"@id\":\"https:\/\/kuken.es\/#website\"},\"primaryImageOfPage\":{\"@id\":\"https:\/\/kuken.es\/producto\/balanza-cocina-electronica-5-kg-roja-kuken\/#primaryimage\"},\"image\":{\"@id\":\"https:\/\/kuken.es\/producto\/balanza-cocina-electronica-5-kg-roja-kuken\/#primaryimage\"},\"thumbnailUrl\":\"https:\/\/kuken.es\/wp-content\/uploads\/8425160337087_01.jpg\",\"datePublished\":\"2026-02-09T09:31:35+00:00\",\"dateModified\":\"2026-02-09T09:55:07+00:00\",\"description\":\"Nueva y exclusiva balanza de cocina digital k\u00fcken roja de cristal templado. Pesa con exactitud hasta 5kg de manera r\u00e1pida y f\u00e1cil, desc\u00fabrela ahora.\",\"breadcrumb\":{\"@id\":\"https:\/\/kuken.es\/producto\/balanza-cocina-electronica-5-kg-roja-kuken\/#breadcrumb\"},\"inLanguage\":\"de\",\"potentialAction\":[{\"@type\":\"ReadAction\",\"target\":[\"https:\/\/kuken.es\/producto\/balanza-cocina-electronica-5-kg-roja-kuken\/\"]}]},{\"@type\":\"ImageObject\",\"inLanguage\":\"de\",\"@id\":\"https:\/\/kuken.es\/producto\/balanza-cocina-electronica-5-kg-roja-kuken\/#primaryimage\",\"url\":\"https:\/\/kuken.es\/wp-content\/uploads\/8425160337087_01.jpg\",\"contentUrl\":\"https:\/\/kuken.es\/wp-content\/uploads\/8425160337087_01.jpg\",\"width\":2000,\"height\":2000},{\"@type\":\"BreadcrumbList\",\"@id\":\"https:\/\/kuken.es\/producto\/balanza-cocina-electronica-5-kg-roja-kuken\/#breadcrumb\",\"itemListElement\":[{\"@type\":\"ListItem\",\"position\":1,\"name\":\"Portada\",\"item\":\"https:\/\/kuken.es\/\"},{\"@type\":\"ListItem\",\"position\":2,\"name\":\"Productos\",\"item\":\"https:\/\/kuken.es\/productos\/\"},{\"@type\":\"ListItem\",\"position\":3,\"name\":\"BALANZA COCINA ELECTR\u00d3NICA 5KG ROJA K\u00dcKEN\"}]},{\"@type\":\"WebSite\",\"@id\":\"https:\/\/kuken.es\/#website\",\"url\":\"https:\/\/kuken.es\/\",\"name\":\"K\u00fcken\",\"description\":\"Amplia gama de peque\u00f1o electrodom\u00e9stico k\u00fcken\",\"publisher\":{\"@id\":\"https:\/\/kuken.es\/#organization\"},\"potentialAction\":[{\"@type\":\"SearchAction\",\"target\":{\"@type\":\"EntryPoint\",\"urlTemplate\":\"https:\/\/kuken.es\/?s={search_term_string}\"},\"query-input\":{\"@type\":\"PropertyValueSpecification\",\"valueRequired\":true,\"valueName\":\"search_term_string\"}}],\"inLanguage\":\"de\"},{\"@type\":\"Organization\",\"@id\":\"https:\/\/kuken.es\/#organization\",\"name\":\"Alfa Dyser\",\"url\":\"https:\/\/kuken.es\/\",\"logo\":{\"@type\":\"ImageObject\",\"inLanguage\":\"de\",\"@id\":\"https:\/\/kuken.es\/#\/schema\/logo\/image\/\",\"url\":\"https:\/\/kuken.es\/wp-content\/uploads\/2019\/04\/kuken-logo.png\",\"contentUrl\":\"https:\/\/kuken.es\/wp-content\/uploads\/2019\/04\/kuken-logo.png\",\"width\":500,\"height\":191,\"caption\":\"Alfa Dyser\"},\"image\":{\"@id\":\"https:\/\/kuken.es\/#\/schema\/logo\/image\/\"},\"sameAs\":[\"https:\/\/es-es.facebook.com\/alfadyser\/\",\"https:\/\/www.instagram.com\/kuken_appliances\/\"]}]}<\/script>\n<meta property=\"product:price:amount\" content=\"0.00\" \/>\n<meta property=\"product:price:currency\" content=\"EUR\" \/>\n<meta property=\"og:availability\" content=\"instock\" \/>\n<meta property=\"product:availability\" content=\"instock\" \/>\n<meta property=\"product:retailer_item_id\" content=\"33708\" \/>\n<meta property=\"product:condition\" content=\"new\" \/>\n<!-- \/ Yoast SEO Premium plugin. -->","yoast_head_json":{"title":"BALANZA COCINA ELECTR\u00d3NICA 5KG ROJA K\u00dcKEN - K\u00fcken","description":"Nueva y exclusiva balanza de cocina digital k\u00fcken roja de cristal templado. Pesa con exactitud hasta 5kg de manera r\u00e1pida y f\u00e1cil, desc\u00fabrela ahora.","robots":{"index":"index","follow":"follow","max-snippet":"max-snippet:-1","max-image-preview":"max-image-preview:large","max-video-preview":"max-video-preview:-1"},"canonical":"https:\/\/kuken.es\/de\/produkt\/balanza-cocina-electronica-5-kg-roja-kuken\/","og_locale":"de_DE","og_type":"article","og_title":"BALANZA COCINA ELECTR\u00d3NICA 5KG ROJA K\u00dcKEN","og_description":"Nueva y exclusiva balanza de cocina digital k\u00fcken roja de cristal templado. Pesa con exactitud hasta 5kg de manera r\u00e1pida y f\u00e1cil, desc\u00fabrela ahora.","og_url":"https:\/\/kuken.es\/de\/produkt\/balanza-cocina-electronica-5-kg-roja-kuken\/","og_site_name":"K\u00fcken","article_publisher":"https:\/\/es-es.facebook.com\/alfadyser\/","article_modified_time":"2026-02-09T09:55:07+00:00","og_image":[{"width":2000,"height":2000,"url":"https:\/\/kuken.es\/wp-content\/uploads\/8425160337087_01.jpg","type":"image\/jpeg"}],"twitter_card":"summary_large_image","twitter_misc":{"Preis":"","Verf\u00fcgbarkeit":"Auf Lager"},"schema":{"@context":"https:\/\/schema.org","@graph":[{"@type":"WebPage","@id":"https:\/\/kuken.es\/producto\/balanza-cocina-electronica-5-kg-roja-kuken\/","url":"https:\/\/kuken.es\/producto\/balanza-cocina-electronica-5-kg-roja-kuken\/","name":"BALANZA COCINA ELECTR\u00d3NICA 5KG ROJA K\u00dcKEN - K\u00fcken","isPartOf":{"@id":"https:\/\/kuken.es\/#website"},"primaryImageOfPage":{"@id":"https:\/\/kuken.es\/producto\/balanza-cocina-electronica-5-kg-roja-kuken\/#primaryimage"},"image":{"@id":"https:\/\/kuken.es\/producto\/balanza-cocina-electronica-5-kg-roja-kuken\/#primaryimage"},"thumbnailUrl":"https:\/\/kuken.es\/wp-content\/uploads\/8425160337087_01.jpg","datePublished":"2026-02-09T09:31:35+00:00","dateModified":"2026-02-09T09:55:07+00:00","description":"Nueva y exclusiva balanza de cocina digital k\u00fcken roja de cristal templado. Pesa con exactitud hasta 5kg de manera r\u00e1pida y f\u00e1cil, desc\u00fabrela ahora.","breadcrumb":{"@id":"https:\/\/kuken.es\/producto\/balanza-cocina-electronica-5-kg-roja-kuken\/#breadcrumb"},"inLanguage":"de","potentialAction":[{"@type":"ReadAction","target":["https:\/\/kuken.es\/producto\/balanza-cocina-electronica-5-kg-roja-kuken\/"]}]},{"@type":"ImageObject","inLanguage":"de","@id":"https:\/\/kuken.es\/producto\/balanza-cocina-electronica-5-kg-roja-kuken\/#primaryimage","url":"https:\/\/kuken.es\/wp-content\/uploads\/8425160337087_01.jpg","contentUrl":"https:\/\/kuken.es\/wp-content\/uploads\/8425160337087_01.jpg","width":2000,"height":2000},{"@type":"BreadcrumbList","@id":"https:\/\/kuken.es\/producto\/balanza-cocina-electronica-5-kg-roja-kuken\/#breadcrumb","itemListElement":[{"@type":"ListItem","position":1,"name":"Portada","item":"https:\/\/kuken.es\/"},{"@type":"ListItem","position":2,"name":"Productos","item":"https:\/\/kuken.es\/productos\/"},{"@type":"ListItem","position":3,"name":"BALANZA COCINA ELECTR\u00d3NICA 5KG ROJA K\u00dcKEN"}]},{"@type":"WebSite","@id":"https:\/\/kuken.es\/#website","url":"https:\/\/kuken.es\/","name":"K\u00fcken","description":"Gro\u00dfe Auswahl an k\u00fcken Haushaltskleinger\u00e4ten","publisher":{"@id":"https:\/\/kuken.es\/#organization"},"potentialAction":[{"@type":"SearchAction","target":{"@type":"EntryPoint","urlTemplate":"https:\/\/kuken.es\/?s={search_term_string}"},"query-input":{"@type":"PropertyValueSpecification","valueRequired":true,"valueName":"search_term_string"}}],"inLanguage":"de"},{"@type":"Organization","@id":"https:\/\/kuken.es\/#organization","name":"Alpha Dyser","url":"https:\/\/kuken.es\/","logo":{"@type":"ImageObject","inLanguage":"de","@id":"https:\/\/kuken.es\/#\/schema\/logo\/image\/","url":"https:\/\/kuken.es\/wp-content\/uploads\/2019\/04\/kuken-logo.png","contentUrl":"https:\/\/kuken.es\/wp-content\/uploads\/2019\/04\/kuken-logo.png","width":500,"height":191,"caption":"Alfa Dyser"},"image":{"@id":"https:\/\/kuken.es\/#\/schema\/logo\/image\/"},"sameAs":["https:\/\/es-es.facebook.com\/alfadyser\/","https:\/\/www.instagram.com\/kuken_appliances\/"]}]},"product_price_amount":"0.00","product_price_currency":"EUR","og_availability":"instock","product_availability":"instock","product_retailer_item_id":"33708","product_condition":"new"},"_links":{"self":[{"href":"https:\/\/kuken.es\/de\/wp-json\/wp\/v2\/product\/12713","targetHints":{"allow":["GET"]}}],"collection":[{"href":"https:\/\/kuken.es\/de\/wp-json\/wp\/v2\/product"}],"about":[{"href":"https:\/\/kuken.es\/de\/wp-json\/wp\/v2\/types\/product"}],"wp:featuredmedia":[{"embeddable":true,"href":"https:\/\/kuken.es\/de\/wp-json\/wp\/v2\/media\/12714"}],"wp:attachment":[{"href":"https:\/\/kuken.es\/de\/wp-json\/wp\/v2\/media?parent=12713"}],"wp:term":[{"taxonomy":"product_brand","embeddable":true,"href":"https:\/\/kuken.es\/de\/wp-json\/wp\/v2\/product_brand?post=12713"},{"taxonomy":"product_cat","embeddable":true,"href":"https:\/\/kuken.es\/de\/wp-json\/wp\/v2\/product_cat?post=12713"},{"taxonomy":"product_tag","embeddable":true,"href":"https:\/\/kuken.es\/de\/wp-json\/wp\/v2\/product_tag?post=12713"}],"curies":[{"name":"wp","href":"https:\/\/api.w.org\/{rel}","templated":true}]}}