{"id":12437,"date":"2025-08-13T11:25:29","date_gmt":"2025-08-13T09:25:29","guid":{"rendered":"https:\/\/kuken.es\/?post_type=product&#038;p=12437"},"modified":"2026-02-05T14:32:42","modified_gmt":"2026-02-05T13:32:42","slug":"reloj-pared-negro-redondo-30cm","status":"publish","type":"product","link":"https:\/\/kuken.es\/de\/produkt\/reloj-pared-negro-redondo-30cm\/","title":{"rendered":"RELOJ DE PARED NEGRO REDONDO 30CM K\u00dcKEN"},"content":{"rendered":"<p>RELOJ DE PARED NEGRO REDONDO 30CM K\u00dcKEN<\/p>\n<ul>\n<li data-start=\"77\" data-end=\"146\">Reloj de pared dise\u00f1ado para colgar f\u00e1cilmente en cualquier estancia.<\/li>\n<li data-start=\"149\" data-end=\"208\">Combina funcionalidad con un dise\u00f1o elegante y sofisticado.<\/li>\n<li data-start=\"211\" data-end=\"303\">Incorpora un movimiento silencioso que garantiza una medici\u00f3n precisa de la hora sin ruidos.<\/li>\n<li data-start=\"306\" data-end=\"353\">Dise\u00f1o de forma redonda, cl\u00e1sico y equilibrado.<\/li>\n<li data-start=\"356\" data-end=\"434\">N\u00fameros irisados de f\u00e1cil lectura, que aportan un toque decorativo distintivo.<\/li>\n<li data-start=\"437\" data-end=\"487\">Carcasa fabricada en pl\u00e1stico resistente y ligero.<\/li>\n<li data-start=\"490\" data-end=\"581\">Acabado en color negro mate combinado con detalles en bronce, de estilo moderno y elegante.<\/li>\n<li data-start=\"584\" data-end=\"655\">Agujas en color bronce para la indicaci\u00f3n de horas, minutos y segundos.<\/li>\n<li data-start=\"658\" data-end=\"724\">Di\u00e1metro de 300 mm, ideal para una visualizaci\u00f3n clara de la hora.<\/li>\n<li data-start=\"727\" data-end=\"766\">Funciona con una pila AA (no incluida).<\/li>\n<li data-start=\"769\" data-end=\"841\">Incluye gancho interior para una colocaci\u00f3n r\u00e1pida y segura en la pared.<\/li>\n<li data-start=\"844\" data-end=\"927\">Presentaci\u00f3n en caja de color, adecuada para su protecci\u00f3n o como opci\u00f3n de regalo.<\/li>\n<\/ul>\n<p><div class=\"accordion\"><div class=\"mfn-acc accordion_wrapper  toggle\"><div class=\"question\"><div class=\"title\"><i class=\"icon-plus acc-icon-plus\" aria-hidden=\"true\"><\/i><i class=\"icon-minus acc-icon-minus\" aria-hidden=\"true\"><\/i>Produktdaten<\/div><div class=\"answer\">EAN 8425160346515<\/p>\n<p>RELOJ DE PARED NEGRO REDONDO 30CM K\u00dcKEN<\/p>\n<p>Packeinheit 1<br \/>\nFarbe: Schwarz<br \/>\nEmbalaje: Caja de color.<br \/>\nDimensiones \u00f830 cm<br \/>\nWerkstoff: PC<br \/>\nFunciona con pilas: S\u00ed<br \/>\nIncluye pilas: No<br \/>\nPeso \u00a0kg.<\/div><\/div>\n<\/div><\/div>\n<br \/>\n<div class=\"accordion\"><div class=\"mfn-acc accordion_wrapper  toggle\"><div class=\"question\"><div class=\"title\"><i class=\"icon-plus acc-icon-plus\" aria-hidden=\"true\"><\/i><i class=\"icon-minus acc-icon-minus\" aria-hidden=\"true\"><\/i>Zubeh\u00f6r<\/div><div class=\"answer\"><\/div><\/div>\n<\/div><\/div>\n<\/p>\n<div class=\"descargas-producto\">\n<p><img loading=\"lazy\" decoding=\"async\" src=\"\/wp-content\/uploads\/2019\/12\/picto-descarrega.png\" alt=\"Datenblatt herunterladen\" width=\"23\" height=\"16\" \/><a href=\"https:\/\/kuken.es\/wp-content\/uploads\/8425160346515_ficha_tecnica.pdf\">Blatt herunterladen<\/a><\/p>\n<\/div>\n<div><\/div>\n<div><span style=\"color: #bf2121;\">Folgen Sie uns auf den sozialen Medien!<\/span><\/div>\n<div><a href=\"https:\/\/www.instagram.com\/kuken_appliances\/\">https:\/\/www.instagram.com\/kuken_appliances\/<\/a><\/div>\n<div><\/div>\n<div><\/div>","protected":false},"excerpt":{"rendered":"<p class=\"\" data-start=\"459\" data-end=\"604\">Dise\u00f1o funcional y elegante para cualquier estancia. Mecanismo silencioso, n\u00fameros grandes y carcasa resistente. Preciso, f\u00e1cil de leer e instalar.<\/p>","protected":false},"featured_media":12558,"template":"","meta":[],"product_brand":[],"product_cat":[38,70],"product_tag":[],"class_list":{"0":"post-12437","1":"product","2":"type-product","3":"status-publish","4":"has-post-thumbnail","6":"product_cat-premium","7":"product_cat-relojes-premium","9":"first","10":"instock","11":"product-type-simple"},"yoast_head":"<!-- This site is optimized with the Yoast SEO Premium plugin v24.0 (Yoast SEO v26.5) - https:\/\/yoast.com\/wordpress\/plugins\/seo\/ -->\n<title>RELOJ DE PARED NEGRO REDONDO 30CM K\u00dcKEN - K\u00fcken<\/title>\n<meta name=\"description\" content=\"Descubre el nuevo y elegante reloj de pared k\u00fcken. Dale a tu casa un toque diferente con relojes de dise\u00f1o. Encuentra el tuyo ahora.\" \/>\n<meta name=\"robots\" content=\"index, follow, max-snippet:-1, max-image-preview:large, max-video-preview:-1\" \/>\n<link rel=\"canonical\" href=\"https:\/\/kuken.es\/de\/produkt\/reloj-pared-negro-redondo-30cm\/\" \/>\n<meta property=\"og:locale\" content=\"de_DE\" \/>\n<meta property=\"og:type\" content=\"article\" \/>\n<meta property=\"og:title\" content=\"RELOJ DE PARED NEGRO REDONDO 30CM K\u00dcKEN\" \/>\n<meta property=\"og:description\" content=\"Descubre el nuevo y elegante reloj de pared k\u00fcken. Dale a tu casa un toque diferente con relojes de dise\u00f1o. Encuentra el tuyo ahora.\" \/>\n<meta property=\"og:url\" content=\"https:\/\/kuken.es\/de\/produkt\/reloj-pared-negro-redondo-30cm\/\" \/>\n<meta property=\"og:site_name\" content=\"K\u00fcken\" \/>\n<meta property=\"article:publisher\" content=\"https:\/\/es-es.facebook.com\/alfadyser\/\" \/>\n<meta property=\"article:modified_time\" content=\"2026-02-05T13:32:42+00:00\" \/>\n<meta property=\"og:image\" content=\"https:\/\/kuken.es\/wp-content\/uploads\/8425160346515_01.jpg\" \/>\n\t<meta property=\"og:image:width\" content=\"2000\" \/>\n\t<meta property=\"og:image:height\" content=\"2000\" \/>\n\t<meta property=\"og:image:type\" content=\"image\/jpeg\" \/>\n<meta name=\"twitter:card\" content=\"summary_large_image\" \/>\n<meta name=\"twitter:label1\" content=\"Preis\" \/>\n\t<meta name=\"twitter:data1\" content=\"\" \/>\n\t<meta name=\"twitter:label2\" content=\"Verf\u00fcgbarkeit\" \/>\n\t<meta name=\"twitter:data2\" content=\"Auf Lager\" \/>\n<script type=\"application\/ld+json\" class=\"yoast-schema-graph\">{\"@context\":\"https:\/\/schema.org\",\"@graph\":[{\"@type\":\"WebPage\",\"@id\":\"https:\/\/kuken.es\/producto\/reloj-pared-negro-redondo-30cm\/\",\"url\":\"https:\/\/kuken.es\/producto\/reloj-pared-negro-redondo-30cm\/\",\"name\":\"RELOJ DE PARED NEGRO REDONDO 30CM K\u00dcKEN - K\u00fcken\",\"isPartOf\":{\"@id\":\"https:\/\/kuken.es\/#website\"},\"primaryImageOfPage\":{\"@id\":\"https:\/\/kuken.es\/producto\/reloj-pared-negro-redondo-30cm\/#primaryimage\"},\"image\":{\"@id\":\"https:\/\/kuken.es\/producto\/reloj-pared-negro-redondo-30cm\/#primaryimage\"},\"thumbnailUrl\":\"https:\/\/kuken.es\/wp-content\/uploads\/8425160346515_01.jpg\",\"datePublished\":\"2025-08-13T09:25:29+00:00\",\"dateModified\":\"2026-02-05T13:32:42+00:00\",\"description\":\"Descubre el nuevo y elegante reloj de pared k\u00fcken. Dale a tu casa un toque diferente con relojes de dise\u00f1o. Encuentra el tuyo ahora.\",\"breadcrumb\":{\"@id\":\"https:\/\/kuken.es\/producto\/reloj-pared-negro-redondo-30cm\/#breadcrumb\"},\"inLanguage\":\"de\",\"potentialAction\":[{\"@type\":\"ReadAction\",\"target\":[\"https:\/\/kuken.es\/producto\/reloj-pared-negro-redondo-30cm\/\"]}]},{\"@type\":\"ImageObject\",\"inLanguage\":\"de\",\"@id\":\"https:\/\/kuken.es\/producto\/reloj-pared-negro-redondo-30cm\/#primaryimage\",\"url\":\"https:\/\/kuken.es\/wp-content\/uploads\/8425160346515_01.jpg\",\"contentUrl\":\"https:\/\/kuken.es\/wp-content\/uploads\/8425160346515_01.jpg\",\"width\":2000,\"height\":2000},{\"@type\":\"BreadcrumbList\",\"@id\":\"https:\/\/kuken.es\/producto\/reloj-pared-negro-redondo-30cm\/#breadcrumb\",\"itemListElement\":[{\"@type\":\"ListItem\",\"position\":1,\"name\":\"Portada\",\"item\":\"https:\/\/kuken.es\/\"},{\"@type\":\"ListItem\",\"position\":2,\"name\":\"Productos\",\"item\":\"https:\/\/kuken.es\/productos\/\"},{\"@type\":\"ListItem\",\"position\":3,\"name\":\"RELOJ DE PARED NEGRO REDONDO 30CM K\u00dcKEN\"}]},{\"@type\":\"WebSite\",\"@id\":\"https:\/\/kuken.es\/#website\",\"url\":\"https:\/\/kuken.es\/\",\"name\":\"K\u00fcken\",\"description\":\"Amplia gama de peque\u00f1o electrodom\u00e9stico k\u00fcken\",\"publisher\":{\"@id\":\"https:\/\/kuken.es\/#organization\"},\"potentialAction\":[{\"@type\":\"SearchAction\",\"target\":{\"@type\":\"EntryPoint\",\"urlTemplate\":\"https:\/\/kuken.es\/?s={search_term_string}\"},\"query-input\":{\"@type\":\"PropertyValueSpecification\",\"valueRequired\":true,\"valueName\":\"search_term_string\"}}],\"inLanguage\":\"de\"},{\"@type\":\"Organization\",\"@id\":\"https:\/\/kuken.es\/#organization\",\"name\":\"Alfa Dyser\",\"url\":\"https:\/\/kuken.es\/\",\"logo\":{\"@type\":\"ImageObject\",\"inLanguage\":\"de\",\"@id\":\"https:\/\/kuken.es\/#\/schema\/logo\/image\/\",\"url\":\"https:\/\/kuken.es\/wp-content\/uploads\/2019\/04\/kuken-logo.png\",\"contentUrl\":\"https:\/\/kuken.es\/wp-content\/uploads\/2019\/04\/kuken-logo.png\",\"width\":500,\"height\":191,\"caption\":\"Alfa Dyser\"},\"image\":{\"@id\":\"https:\/\/kuken.es\/#\/schema\/logo\/image\/\"},\"sameAs\":[\"https:\/\/es-es.facebook.com\/alfadyser\/\",\"https:\/\/www.instagram.com\/kuken_appliances\/\"]}]}<\/script>\n<meta property=\"product:price:amount\" content=\"0.00\" \/>\n<meta property=\"product:price:currency\" content=\"EUR\" \/>\n<meta property=\"og:availability\" content=\"instock\" \/>\n<meta property=\"product:availability\" content=\"instock\" \/>\n<meta property=\"product:retailer_item_id\" content=\"34651\" \/>\n<meta property=\"product:condition\" content=\"new\" \/>\n<!-- \/ Yoast SEO Premium plugin. -->","yoast_head_json":{"title":"RELOJ DE PARED NEGRO REDONDO 30CM K\u00dcKEN - K\u00fcken","description":"Descubre el nuevo y elegante reloj de pared k\u00fcken. Dale a tu casa un toque diferente con relojes de dise\u00f1o. Encuentra el tuyo ahora.","robots":{"index":"index","follow":"follow","max-snippet":"max-snippet:-1","max-image-preview":"max-image-preview:large","max-video-preview":"max-video-preview:-1"},"canonical":"https:\/\/kuken.es\/de\/produkt\/reloj-pared-negro-redondo-30cm\/","og_locale":"de_DE","og_type":"article","og_title":"RELOJ DE PARED NEGRO REDONDO 30CM K\u00dcKEN","og_description":"Descubre el nuevo y elegante reloj de pared k\u00fcken. Dale a tu casa un toque diferente con relojes de dise\u00f1o. Encuentra el tuyo ahora.","og_url":"https:\/\/kuken.es\/de\/produkt\/reloj-pared-negro-redondo-30cm\/","og_site_name":"K\u00fcken","article_publisher":"https:\/\/es-es.facebook.com\/alfadyser\/","article_modified_time":"2026-02-05T13:32:42+00:00","og_image":[{"width":2000,"height":2000,"url":"https:\/\/kuken.es\/wp-content\/uploads\/8425160346515_01.jpg","type":"image\/jpeg"}],"twitter_card":"summary_large_image","twitter_misc":{"Preis":"","Verf\u00fcgbarkeit":"Auf Lager"},"schema":{"@context":"https:\/\/schema.org","@graph":[{"@type":"WebPage","@id":"https:\/\/kuken.es\/producto\/reloj-pared-negro-redondo-30cm\/","url":"https:\/\/kuken.es\/producto\/reloj-pared-negro-redondo-30cm\/","name":"RELOJ DE PARED NEGRO REDONDO 30CM K\u00dcKEN - K\u00fcken","isPartOf":{"@id":"https:\/\/kuken.es\/#website"},"primaryImageOfPage":{"@id":"https:\/\/kuken.es\/producto\/reloj-pared-negro-redondo-30cm\/#primaryimage"},"image":{"@id":"https:\/\/kuken.es\/producto\/reloj-pared-negro-redondo-30cm\/#primaryimage"},"thumbnailUrl":"https:\/\/kuken.es\/wp-content\/uploads\/8425160346515_01.jpg","datePublished":"2025-08-13T09:25:29+00:00","dateModified":"2026-02-05T13:32:42+00:00","description":"Descubre el nuevo y elegante reloj de pared k\u00fcken. Dale a tu casa un toque diferente con relojes de dise\u00f1o. Encuentra el tuyo ahora.","breadcrumb":{"@id":"https:\/\/kuken.es\/producto\/reloj-pared-negro-redondo-30cm\/#breadcrumb"},"inLanguage":"de","potentialAction":[{"@type":"ReadAction","target":["https:\/\/kuken.es\/producto\/reloj-pared-negro-redondo-30cm\/"]}]},{"@type":"ImageObject","inLanguage":"de","@id":"https:\/\/kuken.es\/producto\/reloj-pared-negro-redondo-30cm\/#primaryimage","url":"https:\/\/kuken.es\/wp-content\/uploads\/8425160346515_01.jpg","contentUrl":"https:\/\/kuken.es\/wp-content\/uploads\/8425160346515_01.jpg","width":2000,"height":2000},{"@type":"BreadcrumbList","@id":"https:\/\/kuken.es\/producto\/reloj-pared-negro-redondo-30cm\/#breadcrumb","itemListElement":[{"@type":"ListItem","position":1,"name":"Portada","item":"https:\/\/kuken.es\/"},{"@type":"ListItem","position":2,"name":"Productos","item":"https:\/\/kuken.es\/productos\/"},{"@type":"ListItem","position":3,"name":"RELOJ DE PARED NEGRO REDONDO 30CM K\u00dcKEN"}]},{"@type":"WebSite","@id":"https:\/\/kuken.es\/#website","url":"https:\/\/kuken.es\/","name":"K\u00fcken","description":"Gro\u00dfe Auswahl an k\u00fcken Haushaltskleinger\u00e4ten","publisher":{"@id":"https:\/\/kuken.es\/#organization"},"potentialAction":[{"@type":"SearchAction","target":{"@type":"EntryPoint","urlTemplate":"https:\/\/kuken.es\/?s={search_term_string}"},"query-input":{"@type":"PropertyValueSpecification","valueRequired":true,"valueName":"search_term_string"}}],"inLanguage":"de"},{"@type":"Organization","@id":"https:\/\/kuken.es\/#organization","name":"Alpha Dyser","url":"https:\/\/kuken.es\/","logo":{"@type":"ImageObject","inLanguage":"de","@id":"https:\/\/kuken.es\/#\/schema\/logo\/image\/","url":"https:\/\/kuken.es\/wp-content\/uploads\/2019\/04\/kuken-logo.png","contentUrl":"https:\/\/kuken.es\/wp-content\/uploads\/2019\/04\/kuken-logo.png","width":500,"height":191,"caption":"Alfa Dyser"},"image":{"@id":"https:\/\/kuken.es\/#\/schema\/logo\/image\/"},"sameAs":["https:\/\/es-es.facebook.com\/alfadyser\/","https:\/\/www.instagram.com\/kuken_appliances\/"]}]},"product_price_amount":"0.00","product_price_currency":"EUR","og_availability":"instock","product_availability":"instock","product_retailer_item_id":"34651","product_condition":"new"},"_links":{"self":[{"href":"https:\/\/kuken.es\/de\/wp-json\/wp\/v2\/product\/12437","targetHints":{"allow":["GET"]}}],"collection":[{"href":"https:\/\/kuken.es\/de\/wp-json\/wp\/v2\/product"}],"about":[{"href":"https:\/\/kuken.es\/de\/wp-json\/wp\/v2\/types\/product"}],"wp:featuredmedia":[{"embeddable":true,"href":"https:\/\/kuken.es\/de\/wp-json\/wp\/v2\/media\/12558"}],"wp:attachment":[{"href":"https:\/\/kuken.es\/de\/wp-json\/wp\/v2\/media?parent=12437"}],"wp:term":[{"taxonomy":"product_brand","embeddable":true,"href":"https:\/\/kuken.es\/de\/wp-json\/wp\/v2\/product_brand?post=12437"},{"taxonomy":"product_cat","embeddable":true,"href":"https:\/\/kuken.es\/de\/wp-json\/wp\/v2\/product_cat?post=12437"},{"taxonomy":"product_tag","embeddable":true,"href":"https:\/\/kuken.es\/de\/wp-json\/wp\/v2\/product_tag?post=12437"}],"curies":[{"name":"wp","href":"https:\/\/api.w.org\/{rel}","templated":true}]}}