{"id":11681,"date":"2025-02-28T08:23:29","date_gmt":"2025-02-28T07:23:29","guid":{"rendered":"https:\/\/kuken.es\/?post_type=product&#038;p=11681"},"modified":"2026-02-09T08:05:46","modified_gmt":"2026-02-09T07:05:46","slug":"aspirador-vertical-kuken-150w-22v-gris","status":"publish","type":"product","link":"https:\/\/kuken.es\/de\/produkt\/aspirador-vertical-kuken-150w-22v-gris\/","title":{"rendered":"STAUBSAUGER KUKEN 150W 22,2V GRAU"},"content":{"rendered":"<p>STAUBSAUGER KUKEN 150W 22,2V GRAU<\/p>\n<ul>\n<li data-start=\"189\" data-end=\"293\">Dise\u00f1o 2 en 1: funciona como aspirador vertical y como aspirador de mano para m\u00e1xima versatilidad.<\/li>\n<li data-start=\"296\" data-end=\"408\">Tecnolog\u00eda inal\u00e1mbrica: permite limpiar con total libertad cualquier superficie sin limitaciones de cable.<\/li>\n<li data-start=\"411\" data-end=\"510\">Bater\u00eda de litio de alta capacidad: hasta 35 minutos de autonom\u00eda para limpiezas prolongadas.<\/li>\n<li data-start=\"513\" data-end=\"612\">Panel LED frontal: indicador de estado de carga de la bater\u00eda para un control f\u00e1cil y r\u00e1pido.<\/li>\n<li data-start=\"615\" data-end=\"730\">Tecnolog\u00eda CYCLONE: sistema de centrifugado con una potencia de succi\u00f3n de 10 kPa para resultados eficientes.<\/li>\n<li data-start=\"733\" data-end=\"832\">Filtro HEPA 11: retiene polvo y al\u00e9rgenos, ofreciendo un aire m\u00e1s limpio durante la limpieza.<\/li>\n<li data-start=\"835\" data-end=\"936\">Selector de velocidad\/potencia: tres niveles ajustables seg\u00fan el tipo de suciedad y superficie.<\/li>\n<li data-start=\"939\" data-end=\"1039\">Cepillo especial para mascotas: doble tipo de cerdas para eliminar pelo y suciedad incrustada.<\/li>\n<li data-start=\"1042\" data-end=\"1143\">Accesorios incluidos: dos boquillas\/cepillos adicionales para rincones, alfombras, sof\u00e1s y m\u00e1s.<\/li>\n<li data-start=\"1146\" data-end=\"1244\">Dep\u00f3sito sin bolsa de 280 ml: f\u00e1cil de vaciar y limpiar, manteniendo la higiene del aparato.<\/li>\n<li data-start=\"1247\" data-end=\"1329\">Dise\u00f1o elegante y funcional: acabado en gris antracita con detalles en azul.<\/li>\n<li data-start=\"1332\" data-end=\"1422\">Cabezal tipo escoba con doble rueda: facilita el deslizamiento y la maniobrabilidad.<\/li>\n<li data-start=\"1425\" data-end=\"1518\">Soporte de pared integrado: permite colgar el aspirador c\u00f3modamente, ahorrando espacio.<\/li>\n<\/ul>\n<div class=\"accordion\"><div class=\"mfn-acc accordion_wrapper  toggle\"><div class=\"question\"><div class=\"title\"><i class=\"icon-plus acc-icon-plus\" aria-hidden=\"true\"><\/i><i class=\"icon-minus acc-icon-minus\" aria-hidden=\"true\"><\/i>Produktdaten<\/div><div class=\"answer\">EAN: 8425160345051<\/p>\n<p>STAUBSAUGER KUKEN 150W 22,2V GRAU<br \/>\nEinheiten: 1<br \/>\nFarbe: Grau<br \/>\nVerpackung: Farbige Schachtel<br \/>\nLeistung: 22,2 V<br \/>\nAbnehmbar: Ja<\/p>\n<p><div class=\"accordion\"><div class=\"mfn-acc accordion_wrapper  toggle\"><\/div><\/div>\n<div class=\"question\"><div class=\"title\"><i class=\"icon-plus acc-icon-plus\" aria-hidden=\"true\"><\/i><i class=\"icon-minus acc-icon-minus\" aria-hidden=\"true\"><\/i>Zubeh\u00f6r<\/div><div class=\"answer\"><\/div><\/div>\n<\/div><\/div>\n<\/div><\/div>\n\n<p><img loading=\"lazy\" decoding=\"async\" src=\"\/wp-content\/uploads\/2019\/12\/picto-descarrega.png\" alt=\"Datenblatt herunterladen\" width=\"23\" height=\"16\" \/><a href=\"https:\/\/kuken.es\/wp-content\/uploads\/8425160345051_ficha_tecnica.pdf\">Blatt herunterladen<\/a><br \/>\n<img loading=\"lazy\" decoding=\"async\" src=\"\/wp-content\/uploads\/2019\/12\/picto-descarrega.png\" alt=\"Datenblatt herunterladen\" width=\"23\" height=\"16\" \/><a href=\"https:\/\/kuken.es\/wp-content\/uploads\/34505_instrucciones_compressed.pdf\">Handbuch herunterladen<\/a><\/p>\n<p>&nbsp;<\/p>\n<p>Folgen Sie uns auf den sozialen Medien!<\/p>\n<p><a href=\"https:\/\/www.instagram.com\/kuken_appliances\/\">https:\/\/www.instagram.com\/kuken_appliances\/<\/a><\/p>","protected":false},"excerpt":{"rendered":"<p>Aspirador vertical K\u00fcken 2 en 1 de 150 W y 22,2 V, inal\u00e1mbrico y ligero, ideal para una limpieza c\u00f3moda y sin cables. Ofrece hasta 35 minutos de autonom\u00eda, tecnolog\u00eda Cyclone con 10 kPa de succi\u00f3n y filtro HEPA 11 para un aire m\u00e1s limpio<\/p>","protected":false},"featured_media":12446,"template":"","meta":[],"product_brand":[],"product_cat":[60,100],"product_tag":[],"class_list":{"0":"post-11681","1":"product","2":"type-product","3":"status-publish","4":"has-post-thumbnail","6":"product_cat-aspiradoras-premium","7":"product_cat-aspiradores-gold","9":"first","10":"instock","11":"shipping-taxable","12":"product-type-simple"},"yoast_head":"<!-- This site is optimized with the Yoast SEO Premium plugin v24.0 (Yoast SEO v26.5) - https:\/\/yoast.com\/wordpress\/plugins\/seo\/ -->\n<title>ASPIRADOR VERTICAL KUKEN 150W 22,2V GRIS - K\u00fcken<\/title>\n<meta name=\"description\" content=\"Aspirador Vertical Kuken 150W 22,2V Gris. Sistema inteligente: Regula la potencia dependiendo la suciedad. Encu\u00e9ntranos en K\u00fcken.es\" \/>\n<meta name=\"robots\" content=\"index, follow, max-snippet:-1, max-image-preview:large, max-video-preview:-1\" \/>\n<link rel=\"canonical\" href=\"https:\/\/kuken.es\/de\/produkt\/aspirador-vertical-kuken-150w-22v-gris\/\" \/>\n<meta property=\"og:locale\" content=\"de_DE\" \/>\n<meta property=\"og:type\" content=\"article\" \/>\n<meta property=\"og:title\" content=\"ASPIRADOR VERTICAL KUKEN 150W 22,2V GRIS\" \/>\n<meta property=\"og:description\" content=\"Aspirador Vertical Kuken 150W 22,2V Gris. Sistema inteligente: Regula la potencia dependiendo la suciedad. Encu\u00e9ntranos en K\u00fcken.es\" \/>\n<meta property=\"og:url\" content=\"https:\/\/kuken.es\/de\/produkt\/aspirador-vertical-kuken-150w-22v-gris\/\" \/>\n<meta property=\"og:site_name\" content=\"K\u00fcken\" \/>\n<meta property=\"article:publisher\" content=\"https:\/\/es-es.facebook.com\/alfadyser\/\" \/>\n<meta property=\"article:modified_time\" content=\"2026-02-09T07:05:46+00:00\" \/>\n<meta property=\"og:image\" content=\"https:\/\/kuken.es\/wp-content\/uploads\/8425160345051_01.jpg\" \/>\n\t<meta property=\"og:image:width\" content=\"2000\" \/>\n\t<meta property=\"og:image:height\" content=\"2000\" \/>\n\t<meta property=\"og:image:type\" content=\"image\/jpeg\" \/>\n<meta name=\"twitter:card\" content=\"summary_large_image\" \/>\n<meta name=\"twitter:label1\" content=\"Preis\" \/>\n\t<meta name=\"twitter:data1\" content=\"\" \/>\n\t<meta name=\"twitter:label2\" content=\"Verf\u00fcgbarkeit\" \/>\n\t<meta name=\"twitter:data2\" content=\"Auf Lager\" \/>\n<script type=\"application\/ld+json\" class=\"yoast-schema-graph\">{\"@context\":\"https:\/\/schema.org\",\"@graph\":[{\"@type\":\"WebPage\",\"@id\":\"https:\/\/kuken.es\/producto\/aspirador-vertical-kuken-150w-22v-gris\/\",\"url\":\"https:\/\/kuken.es\/producto\/aspirador-vertical-kuken-150w-22v-gris\/\",\"name\":\"ASPIRADOR VERTICAL KUKEN 150W 22,2V GRIS - K\u00fcken\",\"isPartOf\":{\"@id\":\"https:\/\/kuken.es\/#website\"},\"primaryImageOfPage\":{\"@id\":\"https:\/\/kuken.es\/producto\/aspirador-vertical-kuken-150w-22v-gris\/#primaryimage\"},\"image\":{\"@id\":\"https:\/\/kuken.es\/producto\/aspirador-vertical-kuken-150w-22v-gris\/#primaryimage\"},\"thumbnailUrl\":\"https:\/\/kuken.es\/wp-content\/uploads\/8425160345051_01.jpg\",\"datePublished\":\"2025-02-28T07:23:29+00:00\",\"dateModified\":\"2026-02-09T07:05:46+00:00\",\"description\":\"Aspirador Vertical Kuken 150W 22,2V Gris. Sistema inteligente: Regula la potencia dependiendo la suciedad. Encu\u00e9ntranos en K\u00fcken.es\",\"breadcrumb\":{\"@id\":\"https:\/\/kuken.es\/producto\/aspirador-vertical-kuken-150w-22v-gris\/#breadcrumb\"},\"inLanguage\":\"de\",\"potentialAction\":[{\"@type\":\"ReadAction\",\"target\":[\"https:\/\/kuken.es\/producto\/aspirador-vertical-kuken-150w-22v-gris\/\"]}]},{\"@type\":\"ImageObject\",\"inLanguage\":\"de\",\"@id\":\"https:\/\/kuken.es\/producto\/aspirador-vertical-kuken-150w-22v-gris\/#primaryimage\",\"url\":\"https:\/\/kuken.es\/wp-content\/uploads\/8425160345051_01.jpg\",\"contentUrl\":\"https:\/\/kuken.es\/wp-content\/uploads\/8425160345051_01.jpg\",\"width\":2000,\"height\":2000},{\"@type\":\"BreadcrumbList\",\"@id\":\"https:\/\/kuken.es\/producto\/aspirador-vertical-kuken-150w-22v-gris\/#breadcrumb\",\"itemListElement\":[{\"@type\":\"ListItem\",\"position\":1,\"name\":\"Portada\",\"item\":\"https:\/\/kuken.es\/\"},{\"@type\":\"ListItem\",\"position\":2,\"name\":\"Productos\",\"item\":\"https:\/\/kuken.es\/productos\/\"},{\"@type\":\"ListItem\",\"position\":3,\"name\":\"ASPIRADOR VERTICAL KUKEN 150W 22,2V GRIS\"}]},{\"@type\":\"WebSite\",\"@id\":\"https:\/\/kuken.es\/#website\",\"url\":\"https:\/\/kuken.es\/\",\"name\":\"K\u00fcken\",\"description\":\"Amplia gama de peque\u00f1o electrodom\u00e9stico k\u00fcken\",\"publisher\":{\"@id\":\"https:\/\/kuken.es\/#organization\"},\"potentialAction\":[{\"@type\":\"SearchAction\",\"target\":{\"@type\":\"EntryPoint\",\"urlTemplate\":\"https:\/\/kuken.es\/?s={search_term_string}\"},\"query-input\":{\"@type\":\"PropertyValueSpecification\",\"valueRequired\":true,\"valueName\":\"search_term_string\"}}],\"inLanguage\":\"de\"},{\"@type\":\"Organization\",\"@id\":\"https:\/\/kuken.es\/#organization\",\"name\":\"Alfa Dyser\",\"url\":\"https:\/\/kuken.es\/\",\"logo\":{\"@type\":\"ImageObject\",\"inLanguage\":\"de\",\"@id\":\"https:\/\/kuken.es\/#\/schema\/logo\/image\/\",\"url\":\"https:\/\/kuken.es\/wp-content\/uploads\/2019\/04\/kuken-logo.png\",\"contentUrl\":\"https:\/\/kuken.es\/wp-content\/uploads\/2019\/04\/kuken-logo.png\",\"width\":500,\"height\":191,\"caption\":\"Alfa Dyser\"},\"image\":{\"@id\":\"https:\/\/kuken.es\/#\/schema\/logo\/image\/\"},\"sameAs\":[\"https:\/\/es-es.facebook.com\/alfadyser\/\",\"https:\/\/www.instagram.com\/kuken_appliances\/\"]}]}<\/script>\n<meta property=\"product:price:amount\" content=\"0.00\" \/>\n<meta property=\"product:price:currency\" content=\"EUR\" \/>\n<meta property=\"og:availability\" content=\"instock\" \/>\n<meta property=\"product:availability\" content=\"instock\" \/>\n<meta property=\"product:retailer_item_id\" content=\"34505\" \/>\n<meta property=\"product:condition\" content=\"new\" \/>\n<!-- \/ Yoast SEO Premium plugin. -->","yoast_head_json":{"title":"STAUBSAUGER KUKEN 150W 22,2V GRAU - K\u00fcken","description":"Aspirador Vertical Kuken 150W 22,2V Gris. Sistema inteligente: Regula la potencia dependiendo la suciedad. Encu\u00e9ntranos en K\u00fcken.es","robots":{"index":"index","follow":"follow","max-snippet":"max-snippet:-1","max-image-preview":"max-image-preview:large","max-video-preview":"max-video-preview:-1"},"canonical":"https:\/\/kuken.es\/de\/produkt\/aspirador-vertical-kuken-150w-22v-gris\/","og_locale":"de_DE","og_type":"article","og_title":"ASPIRADOR VERTICAL KUKEN 150W 22,2V GRIS","og_description":"Aspirador Vertical Kuken 150W 22,2V Gris. Sistema inteligente: Regula la potencia dependiendo la suciedad. Encu\u00e9ntranos en K\u00fcken.es","og_url":"https:\/\/kuken.es\/de\/produkt\/aspirador-vertical-kuken-150w-22v-gris\/","og_site_name":"K\u00fcken","article_publisher":"https:\/\/es-es.facebook.com\/alfadyser\/","article_modified_time":"2026-02-09T07:05:46+00:00","og_image":[{"width":2000,"height":2000,"url":"https:\/\/kuken.es\/wp-content\/uploads\/8425160345051_01.jpg","type":"image\/jpeg"}],"twitter_card":"summary_large_image","twitter_misc":{"Preis":"","Verf\u00fcgbarkeit":"Auf Lager"},"schema":{"@context":"https:\/\/schema.org","@graph":[{"@type":"WebPage","@id":"https:\/\/kuken.es\/producto\/aspirador-vertical-kuken-150w-22v-gris\/","url":"https:\/\/kuken.es\/producto\/aspirador-vertical-kuken-150w-22v-gris\/","name":"STAUBSAUGER KUKEN 150W 22,2V GRAU - K\u00fcken","isPartOf":{"@id":"https:\/\/kuken.es\/#website"},"primaryImageOfPage":{"@id":"https:\/\/kuken.es\/producto\/aspirador-vertical-kuken-150w-22v-gris\/#primaryimage"},"image":{"@id":"https:\/\/kuken.es\/producto\/aspirador-vertical-kuken-150w-22v-gris\/#primaryimage"},"thumbnailUrl":"https:\/\/kuken.es\/wp-content\/uploads\/8425160345051_01.jpg","datePublished":"2025-02-28T07:23:29+00:00","dateModified":"2026-02-09T07:05:46+00:00","description":"Aspirador Vertical Kuken 150W 22,2V Gris. Sistema inteligente: Regula la potencia dependiendo la suciedad. Encu\u00e9ntranos en K\u00fcken.es","breadcrumb":{"@id":"https:\/\/kuken.es\/producto\/aspirador-vertical-kuken-150w-22v-gris\/#breadcrumb"},"inLanguage":"de","potentialAction":[{"@type":"ReadAction","target":["https:\/\/kuken.es\/producto\/aspirador-vertical-kuken-150w-22v-gris\/"]}]},{"@type":"ImageObject","inLanguage":"de","@id":"https:\/\/kuken.es\/producto\/aspirador-vertical-kuken-150w-22v-gris\/#primaryimage","url":"https:\/\/kuken.es\/wp-content\/uploads\/8425160345051_01.jpg","contentUrl":"https:\/\/kuken.es\/wp-content\/uploads\/8425160345051_01.jpg","width":2000,"height":2000},{"@type":"BreadcrumbList","@id":"https:\/\/kuken.es\/producto\/aspirador-vertical-kuken-150w-22v-gris\/#breadcrumb","itemListElement":[{"@type":"ListItem","position":1,"name":"Portada","item":"https:\/\/kuken.es\/"},{"@type":"ListItem","position":2,"name":"Productos","item":"https:\/\/kuken.es\/productos\/"},{"@type":"ListItem","position":3,"name":"ASPIRADOR VERTICAL KUKEN 150W 22,2V GRIS"}]},{"@type":"WebSite","@id":"https:\/\/kuken.es\/#website","url":"https:\/\/kuken.es\/","name":"K\u00fcken","description":"Gro\u00dfe Auswahl an k\u00fcken Haushaltskleinger\u00e4ten","publisher":{"@id":"https:\/\/kuken.es\/#organization"},"potentialAction":[{"@type":"SearchAction","target":{"@type":"EntryPoint","urlTemplate":"https:\/\/kuken.es\/?s={search_term_string}"},"query-input":{"@type":"PropertyValueSpecification","valueRequired":true,"valueName":"search_term_string"}}],"inLanguage":"de"},{"@type":"Organization","@id":"https:\/\/kuken.es\/#organization","name":"Alpha Dyser","url":"https:\/\/kuken.es\/","logo":{"@type":"ImageObject","inLanguage":"de","@id":"https:\/\/kuken.es\/#\/schema\/logo\/image\/","url":"https:\/\/kuken.es\/wp-content\/uploads\/2019\/04\/kuken-logo.png","contentUrl":"https:\/\/kuken.es\/wp-content\/uploads\/2019\/04\/kuken-logo.png","width":500,"height":191,"caption":"Alfa Dyser"},"image":{"@id":"https:\/\/kuken.es\/#\/schema\/logo\/image\/"},"sameAs":["https:\/\/es-es.facebook.com\/alfadyser\/","https:\/\/www.instagram.com\/kuken_appliances\/"]}]},"product_price_amount":"0.00","product_price_currency":"EUR","og_availability":"instock","product_availability":"instock","product_retailer_item_id":"34505","product_condition":"new"},"_links":{"self":[{"href":"https:\/\/kuken.es\/de\/wp-json\/wp\/v2\/product\/11681","targetHints":{"allow":["GET"]}}],"collection":[{"href":"https:\/\/kuken.es\/de\/wp-json\/wp\/v2\/product"}],"about":[{"href":"https:\/\/kuken.es\/de\/wp-json\/wp\/v2\/types\/product"}],"wp:featuredmedia":[{"embeddable":true,"href":"https:\/\/kuken.es\/de\/wp-json\/wp\/v2\/media\/12446"}],"wp:attachment":[{"href":"https:\/\/kuken.es\/de\/wp-json\/wp\/v2\/media?parent=11681"}],"wp:term":[{"taxonomy":"product_brand","embeddable":true,"href":"https:\/\/kuken.es\/de\/wp-json\/wp\/v2\/product_brand?post=11681"},{"taxonomy":"product_cat","embeddable":true,"href":"https:\/\/kuken.es\/de\/wp-json\/wp\/v2\/product_cat?post=11681"},{"taxonomy":"product_tag","embeddable":true,"href":"https:\/\/kuken.es\/de\/wp-json\/wp\/v2\/product_tag?post=11681"}],"curies":[{"name":"wp","href":"https:\/\/api.w.org\/{rel}","templated":true}]}}