{"id":11534,"date":"2025-02-03T10:33:49","date_gmt":"2025-02-03T09:33:49","guid":{"rendered":"https:\/\/kuken.es\/?post_type=product&#038;p=11534"},"modified":"2026-02-09T09:26:41","modified_gmt":"2026-02-09T08:26:41","slug":"auriculares-cable-mini-jack-blancos","status":"publish","type":"product","link":"https:\/\/kuken.es\/de\/produkt\/auriculares-cable-mini-jack-blancos\/","title":{"rendered":"AURICULARES CABLE MINI-JACK BLANCOS K\u00dcKEN"},"content":{"rendered":"<p>AURICULARES CABLE MINI-JACK BLANCOS K\u00dcKEN<\/p>\n<ul>\n<li data-start=\"2\" data-end=\"49\">Auriculares tipo earpods con cable K\u00fcken.<\/li>\n<li data-start=\"52\" data-end=\"126\">Conexi\u00f3n Mini Jack de 3,5 mm, compatible con m\u00faltiples dispositivos.<\/li>\n<li data-start=\"129\" data-end=\"191\">Cable de 120 cm, c\u00f3modo y resistente para el uso diario.<\/li>\n<li data-start=\"194\" data-end=\"239\">Mando de control integrado en el cable.<\/li>\n<li data-start=\"242\" data-end=\"354\">Funciones del mando: control de volumen, micr\u00f3fono incorporado y gesti\u00f3n de llamadas (responder y colgar).<\/li>\n<li data-start=\"357\" data-end=\"409\">Sonido de \u00f3ptima calidad, claro y equilibrado.<\/li>\n<li data-start=\"412\" data-end=\"474\">Sensibilidad de 100 dB para una buena potencia de audio.<\/li>\n<li data-start=\"477\" data-end=\"535\">Acabado en color blanco, con dise\u00f1o limpio y elegante.<\/li>\n<\/ul>\n<p><div class=\"accordion\"><div class=\"mfn-acc accordion_wrapper  toggle\"><div class=\"question\"><div class=\"title\"><i class=\"icon-plus acc-icon-plus\" aria-hidden=\"true\"><\/i><i class=\"icon-minus acc-icon-minus\" aria-hidden=\"true\"><\/i>Produktdaten<\/div><div class=\"answer\">EAN: 84251603495893<\/p>\n<p>AURICULARES CABLE MINI-JACK BLANCOS K\u00dcKEN<br \/>\nEinheiten: 1<br \/>\nColor: Blancos<br \/>\nEnvase: caja color<br \/>\nRecargable: &gt;S\u00ed<\/p>\n<p><\/div><\/div>\n<\/div><\/div>\n<br \/>\n<div class=\"accordion\"><div class=\"mfn-acc accordion_wrapper  toggle\"><div class=\"question\"><div class=\"title\"><i class=\"icon-plus acc-icon-plus\" aria-hidden=\"true\"><\/i><i class=\"icon-minus acc-icon-minus\" aria-hidden=\"true\"><\/i>Zubeh\u00f6r<\/div><div class=\"answer\"><\/div><\/div>\n<\/div><\/div>\n<\/p>\n<div class=\"descargas-producto\"><img loading=\"lazy\" decoding=\"async\" class=\"alignnone\" src=\"\/wp-content\/uploads\/2019\/12\/picto-descarrega.png\" alt=\"Datenblatt herunterladen\" width=\"23\" height=\"16\" \/><a href=\"https:\/\/kuken.es\/wp-content\/uploads\/8425160495893_ficha_tecnica.pdf\">Blatt herunterladen<\/a><br \/>\n<img loading=\"lazy\" decoding=\"async\" src=\"\/wp-content\/uploads\/2019\/12\/picto-descarrega.png\" alt=\"Gebrauchsanweisung herunterladen\" width=\"23\" height=\"16\" \/><a href=\"https:\/\/kuken.es\/wp-content\/uploads\/49589_instrucciones_compressed.pdf\">Handbuch herunterladen<\/a><\/div>\n<div><\/div>\n<div><span style=\"color: #bf2121;\">Folgen Sie uns auf den sozialen Medien!<\/span><\/div>\n<div><a href=\"https:\/\/www.instagram.com\/kuken_appliances\/\">https:\/\/www.instagram.com\/kuken_appliances\/<\/a><\/div>","protected":false},"excerpt":{"rendered":"<div class=\"flex flex-col text-sm pb-25\">\n<article class=\"text-token-text-primary w-full focus:outline-none [--shadow-height:45px] has-data-writing-block:pointer-events-none has-data-writing-block:-mt-(--shadow-height) has-data-writing-block:pt-(--shadow-height) [&amp;:has([data-writing-block])&gt;*]:pointer-events-auto scroll-mt-[calc(var(--header-height)+min(200px,max(70px,20svh)))]\" dir=\"auto\" tabindex=\"-1\" data-turn-id=\"request-WEB:ea80524f-fca3-4c23-83f0-0e1e76a54768-32\" data-testid=\"conversation-turn-66\" data-scroll-anchor=\"true\" data-turn=\"assistant\">\n<div class=\"text-base my-auto mx-auto pb-10 [--thread-content-margin:--spacing(4)] @w-sm\/main:[--thread-content-margin:--spacing(6)] @w-lg\/main:[--thread-content-margin:--spacing(16)] px-(--thread-content-margin)\">\n<div class=\"[--thread-content-max-width:40rem] @w-lg\/main:[--thread-content-max-width:48rem] mx-auto max-w-(--thread-content-max-width) flex-1 group\/turn-messages focus-visible:outline-hidden relative flex w-full min-w-0 flex-col agent-turn\" tabindex=\"-1\">\n<div class=\"flex max-w-full flex-col grow\">\n<div class=\"min-h-8 text-message relative flex w-full flex-col items-end gap-2 text-start break-words whitespace-normal [.text-message+&amp;]:mt-1\" dir=\"auto\" data-message-author-role=\"assistant\" data-message-id=\"2d5046af-0a0b-4ef1-b1fa-b21097b2a8c8\" data-message-model-slug=\"gpt-5-2-instant\">\n<div class=\"flex w-full flex-col gap-1 empty:hidden first:pt-[1px]\">\n<div class=\"markdown prose dark:prose-invert w-full wrap-break-word light markdown-new-styling\">\n<p data-start=\"0\" data-end=\"244\" data-is-last-node=\"\" data-is-only-node=\"\">Auriculares earpods con cable K\u00fcken y conexi\u00f3n Mini Jack de 3,5 mm. Incorporan mando con micr\u00f3fono para controlar volumen y llamadas, ofrecen sonido claro y equilibrado y cuentan con un dise\u00f1o c\u00f3modo en color blanco, ideales para el uso diario.<\/p>\n<\/div>\n<\/div>\n<\/div>\n<\/div>\n<div class=\"z-0 flex min-h-[46px] justify-start\"><\/div>\n<div class=\"mt-3 w-full empty:hidden\">\n<div class=\"text-center\"><\/div>\n<\/div>\n<\/div>\n<\/div>\n<\/article>\n<\/div>\n<div class=\"pointer-events-none h-px w-px absolute bottom-0\" aria-hidden=\"true\" data-edge=\"true\"><\/div>","protected":false},"featured_media":12694,"template":"","meta":[],"product_brand":[],"product_cat":[117,145,118,157],"product_tag":[],"class_list":{"0":"post-11534","1":"product","2":"type-product","3":"status-publish","4":"has-post-thumbnail","6":"product_cat-advance","7":"product_cat-advance-electronics","8":"product_cat-auriculares-advance","9":"product_cat-auriculares","11":"first","12":"instock","13":"product-type-simple"},"yoast_head":"<!-- This site is optimized with the Yoast SEO Premium plugin v24.0 (Yoast SEO v26.5) - https:\/\/yoast.com\/wordpress\/plugins\/seo\/ -->\n<title>AURICULARES CABLE MINI-JACK BLANCOS K\u00dcKEN - K\u00fcken<\/title>\n<meta name=\"description\" content=\"Auriculares cable mini jack blancos, dise\u00f1o elegante y c\u00f3modo. Sonido perfecto. Compatibilidad con la mayor\u00eda de dispositivos.\" \/>\n<meta name=\"robots\" content=\"index, follow, max-snippet:-1, max-image-preview:large, max-video-preview:-1\" \/>\n<link rel=\"canonical\" href=\"https:\/\/kuken.es\/de\/produkt\/auriculares-cable-mini-jack-blancos\/\" \/>\n<meta property=\"og:locale\" content=\"de_DE\" \/>\n<meta property=\"og:type\" content=\"article\" \/>\n<meta property=\"og:title\" content=\"AURICULARES CABLE MINI-JACK BLANCOS K\u00dcKEN\" \/>\n<meta property=\"og:description\" content=\"Auriculares cable mini jack blancos, dise\u00f1o elegante y c\u00f3modo. Sonido perfecto. Compatibilidad con la mayor\u00eda de dispositivos.\" \/>\n<meta property=\"og:url\" content=\"https:\/\/kuken.es\/de\/produkt\/auriculares-cable-mini-jack-blancos\/\" \/>\n<meta property=\"og:site_name\" content=\"K\u00fcken\" \/>\n<meta property=\"article:publisher\" content=\"https:\/\/es-es.facebook.com\/alfadyser\/\" \/>\n<meta property=\"article:modified_time\" content=\"2026-02-09T08:26:41+00:00\" \/>\n<meta property=\"og:image\" content=\"https:\/\/kuken.es\/wp-content\/uploads\/8425160495893_01.jpg\" \/>\n\t<meta property=\"og:image:width\" content=\"2000\" \/>\n\t<meta property=\"og:image:height\" content=\"2000\" \/>\n\t<meta property=\"og:image:type\" content=\"image\/jpeg\" \/>\n<meta name=\"twitter:card\" content=\"summary_large_image\" \/>\n<meta name=\"twitter:label1\" content=\"Preis\" \/>\n\t<meta name=\"twitter:data1\" content=\"\" \/>\n\t<meta name=\"twitter:label2\" content=\"Verf\u00fcgbarkeit\" \/>\n\t<meta name=\"twitter:data2\" content=\"Auf Lager\" \/>\n<script type=\"application\/ld+json\" class=\"yoast-schema-graph\">{\"@context\":\"https:\/\/schema.org\",\"@graph\":[{\"@type\":\"WebPage\",\"@id\":\"https:\/\/kuken.es\/producto\/auriculares-cable-mini-jack-blancos\/\",\"url\":\"https:\/\/kuken.es\/producto\/auriculares-cable-mini-jack-blancos\/\",\"name\":\"AURICULARES CABLE MINI-JACK BLANCOS K\u00dcKEN - K\u00fcken\",\"isPartOf\":{\"@id\":\"https:\/\/kuken.es\/#website\"},\"primaryImageOfPage\":{\"@id\":\"https:\/\/kuken.es\/producto\/auriculares-cable-mini-jack-blancos\/#primaryimage\"},\"image\":{\"@id\":\"https:\/\/kuken.es\/producto\/auriculares-cable-mini-jack-blancos\/#primaryimage\"},\"thumbnailUrl\":\"https:\/\/kuken.es\/wp-content\/uploads\/8425160495893_01.jpg\",\"datePublished\":\"2025-02-03T09:33:49+00:00\",\"dateModified\":\"2026-02-09T08:26:41+00:00\",\"description\":\"Auriculares cable mini jack blancos, dise\u00f1o elegante y c\u00f3modo. Sonido perfecto. Compatibilidad con la mayor\u00eda de dispositivos.\",\"breadcrumb\":{\"@id\":\"https:\/\/kuken.es\/producto\/auriculares-cable-mini-jack-blancos\/#breadcrumb\"},\"inLanguage\":\"de\",\"potentialAction\":[{\"@type\":\"ReadAction\",\"target\":[\"https:\/\/kuken.es\/producto\/auriculares-cable-mini-jack-blancos\/\"]}]},{\"@type\":\"ImageObject\",\"inLanguage\":\"de\",\"@id\":\"https:\/\/kuken.es\/producto\/auriculares-cable-mini-jack-blancos\/#primaryimage\",\"url\":\"https:\/\/kuken.es\/wp-content\/uploads\/8425160495893_01.jpg\",\"contentUrl\":\"https:\/\/kuken.es\/wp-content\/uploads\/8425160495893_01.jpg\",\"width\":2000,\"height\":2000},{\"@type\":\"BreadcrumbList\",\"@id\":\"https:\/\/kuken.es\/producto\/auriculares-cable-mini-jack-blancos\/#breadcrumb\",\"itemListElement\":[{\"@type\":\"ListItem\",\"position\":1,\"name\":\"Portada\",\"item\":\"https:\/\/kuken.es\/\"},{\"@type\":\"ListItem\",\"position\":2,\"name\":\"Productos\",\"item\":\"https:\/\/kuken.es\/productos\/\"},{\"@type\":\"ListItem\",\"position\":3,\"name\":\"AURICULARES CABLE MINI-JACK BLANCOS K\u00dcKEN\"}]},{\"@type\":\"WebSite\",\"@id\":\"https:\/\/kuken.es\/#website\",\"url\":\"https:\/\/kuken.es\/\",\"name\":\"K\u00fcken\",\"description\":\"Amplia gama de peque\u00f1o electrodom\u00e9stico k\u00fcken\",\"publisher\":{\"@id\":\"https:\/\/kuken.es\/#organization\"},\"potentialAction\":[{\"@type\":\"SearchAction\",\"target\":{\"@type\":\"EntryPoint\",\"urlTemplate\":\"https:\/\/kuken.es\/?s={search_term_string}\"},\"query-input\":{\"@type\":\"PropertyValueSpecification\",\"valueRequired\":true,\"valueName\":\"search_term_string\"}}],\"inLanguage\":\"de\"},{\"@type\":\"Organization\",\"@id\":\"https:\/\/kuken.es\/#organization\",\"name\":\"Alfa Dyser\",\"url\":\"https:\/\/kuken.es\/\",\"logo\":{\"@type\":\"ImageObject\",\"inLanguage\":\"de\",\"@id\":\"https:\/\/kuken.es\/#\/schema\/logo\/image\/\",\"url\":\"https:\/\/kuken.es\/wp-content\/uploads\/2019\/04\/kuken-logo.png\",\"contentUrl\":\"https:\/\/kuken.es\/wp-content\/uploads\/2019\/04\/kuken-logo.png\",\"width\":500,\"height\":191,\"caption\":\"Alfa Dyser\"},\"image\":{\"@id\":\"https:\/\/kuken.es\/#\/schema\/logo\/image\/\"},\"sameAs\":[\"https:\/\/es-es.facebook.com\/alfadyser\/\",\"https:\/\/www.instagram.com\/kuken_appliances\/\"]}]}<\/script>\n<meta property=\"product:price:amount\" content=\"0.00\" \/>\n<meta property=\"product:price:currency\" content=\"EUR\" \/>\n<meta property=\"og:availability\" content=\"instock\" \/>\n<meta property=\"product:availability\" content=\"instock\" \/>\n<meta property=\"product:retailer_item_id\" content=\"49589\" \/>\n<meta property=\"product:condition\" content=\"new\" \/>\n<!-- \/ Yoast SEO Premium plugin. -->","yoast_head_json":{"title":"AURICULARES CABLE MINI-JACK BLANCOS K\u00dcKEN - K\u00fcken","description":"Auriculares cable mini jack blancos, dise\u00f1o elegante y c\u00f3modo. Sonido perfecto. Compatibilidad con la mayor\u00eda de dispositivos.","robots":{"index":"index","follow":"follow","max-snippet":"max-snippet:-1","max-image-preview":"max-image-preview:large","max-video-preview":"max-video-preview:-1"},"canonical":"https:\/\/kuken.es\/de\/produkt\/auriculares-cable-mini-jack-blancos\/","og_locale":"de_DE","og_type":"article","og_title":"AURICULARES CABLE MINI-JACK BLANCOS K\u00dcKEN","og_description":"Auriculares cable mini jack blancos, dise\u00f1o elegante y c\u00f3modo. Sonido perfecto. Compatibilidad con la mayor\u00eda de dispositivos.","og_url":"https:\/\/kuken.es\/de\/produkt\/auriculares-cable-mini-jack-blancos\/","og_site_name":"K\u00fcken","article_publisher":"https:\/\/es-es.facebook.com\/alfadyser\/","article_modified_time":"2026-02-09T08:26:41+00:00","og_image":[{"width":2000,"height":2000,"url":"https:\/\/kuken.es\/wp-content\/uploads\/8425160495893_01.jpg","type":"image\/jpeg"}],"twitter_card":"summary_large_image","twitter_misc":{"Preis":"","Verf\u00fcgbarkeit":"Auf Lager"},"schema":{"@context":"https:\/\/schema.org","@graph":[{"@type":"WebPage","@id":"https:\/\/kuken.es\/producto\/auriculares-cable-mini-jack-blancos\/","url":"https:\/\/kuken.es\/producto\/auriculares-cable-mini-jack-blancos\/","name":"AURICULARES CABLE MINI-JACK BLANCOS K\u00dcKEN - K\u00fcken","isPartOf":{"@id":"https:\/\/kuken.es\/#website"},"primaryImageOfPage":{"@id":"https:\/\/kuken.es\/producto\/auriculares-cable-mini-jack-blancos\/#primaryimage"},"image":{"@id":"https:\/\/kuken.es\/producto\/auriculares-cable-mini-jack-blancos\/#primaryimage"},"thumbnailUrl":"https:\/\/kuken.es\/wp-content\/uploads\/8425160495893_01.jpg","datePublished":"2025-02-03T09:33:49+00:00","dateModified":"2026-02-09T08:26:41+00:00","description":"Auriculares cable mini jack blancos, dise\u00f1o elegante y c\u00f3modo. Sonido perfecto. Compatibilidad con la mayor\u00eda de dispositivos.","breadcrumb":{"@id":"https:\/\/kuken.es\/producto\/auriculares-cable-mini-jack-blancos\/#breadcrumb"},"inLanguage":"de","potentialAction":[{"@type":"ReadAction","target":["https:\/\/kuken.es\/producto\/auriculares-cable-mini-jack-blancos\/"]}]},{"@type":"ImageObject","inLanguage":"de","@id":"https:\/\/kuken.es\/producto\/auriculares-cable-mini-jack-blancos\/#primaryimage","url":"https:\/\/kuken.es\/wp-content\/uploads\/8425160495893_01.jpg","contentUrl":"https:\/\/kuken.es\/wp-content\/uploads\/8425160495893_01.jpg","width":2000,"height":2000},{"@type":"BreadcrumbList","@id":"https:\/\/kuken.es\/producto\/auriculares-cable-mini-jack-blancos\/#breadcrumb","itemListElement":[{"@type":"ListItem","position":1,"name":"Portada","item":"https:\/\/kuken.es\/"},{"@type":"ListItem","position":2,"name":"Productos","item":"https:\/\/kuken.es\/productos\/"},{"@type":"ListItem","position":3,"name":"AURICULARES CABLE MINI-JACK BLANCOS K\u00dcKEN"}]},{"@type":"WebSite","@id":"https:\/\/kuken.es\/#website","url":"https:\/\/kuken.es\/","name":"K\u00fcken","description":"Gro\u00dfe Auswahl an k\u00fcken Haushaltskleinger\u00e4ten","publisher":{"@id":"https:\/\/kuken.es\/#organization"},"potentialAction":[{"@type":"SearchAction","target":{"@type":"EntryPoint","urlTemplate":"https:\/\/kuken.es\/?s={search_term_string}"},"query-input":{"@type":"PropertyValueSpecification","valueRequired":true,"valueName":"search_term_string"}}],"inLanguage":"de"},{"@type":"Organization","@id":"https:\/\/kuken.es\/#organization","name":"Alpha Dyser","url":"https:\/\/kuken.es\/","logo":{"@type":"ImageObject","inLanguage":"de","@id":"https:\/\/kuken.es\/#\/schema\/logo\/image\/","url":"https:\/\/kuken.es\/wp-content\/uploads\/2019\/04\/kuken-logo.png","contentUrl":"https:\/\/kuken.es\/wp-content\/uploads\/2019\/04\/kuken-logo.png","width":500,"height":191,"caption":"Alfa Dyser"},"image":{"@id":"https:\/\/kuken.es\/#\/schema\/logo\/image\/"},"sameAs":["https:\/\/es-es.facebook.com\/alfadyser\/","https:\/\/www.instagram.com\/kuken_appliances\/"]}]},"product_price_amount":"0.00","product_price_currency":"EUR","og_availability":"instock","product_availability":"instock","product_retailer_item_id":"49589","product_condition":"new"},"_links":{"self":[{"href":"https:\/\/kuken.es\/de\/wp-json\/wp\/v2\/product\/11534","targetHints":{"allow":["GET"]}}],"collection":[{"href":"https:\/\/kuken.es\/de\/wp-json\/wp\/v2\/product"}],"about":[{"href":"https:\/\/kuken.es\/de\/wp-json\/wp\/v2\/types\/product"}],"wp:featuredmedia":[{"embeddable":true,"href":"https:\/\/kuken.es\/de\/wp-json\/wp\/v2\/media\/12694"}],"wp:attachment":[{"href":"https:\/\/kuken.es\/de\/wp-json\/wp\/v2\/media?parent=11534"}],"wp:term":[{"taxonomy":"product_brand","embeddable":true,"href":"https:\/\/kuken.es\/de\/wp-json\/wp\/v2\/product_brand?post=11534"},{"taxonomy":"product_cat","embeddable":true,"href":"https:\/\/kuken.es\/de\/wp-json\/wp\/v2\/product_cat?post=11534"},{"taxonomy":"product_tag","embeddable":true,"href":"https:\/\/kuken.es\/de\/wp-json\/wp\/v2\/product_tag?post=11534"}],"curies":[{"name":"wp","href":"https:\/\/api.w.org\/{rel}","templated":true}]}}