{"id":10418,"date":"2023-07-26T13:07:37","date_gmt":"2023-07-26T11:07:37","guid":{"rendered":"https:\/\/kuken.es\/?post_type=product&#038;p=10418"},"modified":"2025-06-02T12:48:53","modified_gmt":"2025-06-02T10:48:53","slug":"rot-mixer-mit-behalter-500w-kuken-2","status":"publish","type":"product","link":"https:\/\/kuken.es\/de\/produkt\/rot-mixer-mit-behalter-500w-kuken-2\/","title":{"rendered":"K\u00dcKEN 500W CONTAINER BLENDER"},"content":{"rendered":"<p>K\u00dcKEN 500W CONTAINER BLENDER<\/p>\n<ul>\n<li data-start=\"840\" data-end=\"918\">\n<p data-start=\"842\" data-end=\"918\">Motor de 500W, eficiente para frutas y verduras de distintas texturas.<\/p>\n<\/li>\n<li data-start=\"919\" data-end=\"1001\">\n<p data-start=\"921\" data-end=\"1001\">Libre de BPA, seguridad en todos los materiales en contacto con alimentos.<\/p>\n<\/li>\n<li data-start=\"1002\" data-end=\"1069\">\n<p data-start=\"1004\" data-end=\"1069\">Velocidades de 9000 a 23.000 RPM, para un licuado adaptado.<\/p>\n<\/li>\n<li data-start=\"1070\" data-end=\"1147\">\n<p data-start=\"1072\" data-end=\"1147\">Cuerpo en acero inoxidable rojo, con detalles en policarbonato negro.<\/p>\n<\/li>\n<li data-start=\"1148\" data-end=\"1238\">\n<p data-start=\"1150\" data-end=\"1238\">Filtro de acero inoxidable, favorece una extracci\u00f3n m\u00e1s limpia y f\u00e1cil de limpiar.<\/p>\n<\/li>\n<li data-start=\"1239\" data-end=\"1307\">\n<p data-start=\"1241\" data-end=\"1307\">Dos velocidades + funci\u00f3n Pulse, para una licuaci\u00f3n precisa.<\/p>\n<\/li>\n<li data-start=\"1308\" data-end=\"1377\">\n<p data-start=\"1310\" data-end=\"1377\">Contenedor de residuos de 1L, extra\u00edble para mayor comodidad.<\/p>\n<\/li>\n<li data-start=\"1378\" data-end=\"1443\">\n<p data-start=\"1380\" data-end=\"1443\">Jarra de 550 ml con tapa, ideal para servir directamente.<\/p>\n<\/li>\n<li data-start=\"1444\" data-end=\"1506\">\n<p data-start=\"1446\" data-end=\"1506\">Asa lateral de sujeci\u00f3n, facilita el uso y el vertido.<\/p>\n<\/li>\n<li data-start=\"1507\" data-end=\"1582\">\n<p data-start=\"1509\" data-end=\"1582\">Patas de goma antideslizantes, garantizan estabilidad durante su uso.<\/p>\n<\/li>\n<\/ul>\n<p><div class=\"accordion\"><div class=\"mfn-acc accordion_wrapper  toggle\"><div class=\"question\"><div class=\"title\"><i class=\"icon-plus acc-icon-plus\" aria-hidden=\"true\"><\/i><i class=\"icon-minus acc-icon-minus\" aria-hidden=\"true\"><\/i>Produktdaten<\/div><div class=\"answer\">EAN 8425160353360<\/p>\n<p>K\u00dcKEN 500W CONTAINER BLENDER<\/p>\n<p>Packeinheit 1<br \/>\nFarbe Rot \/ Schwarz<br \/>\nVerpackung Box Farbe<br \/>\nLeistung 500 W<br \/>\nSpannung 230 V<br \/>\nDep\u00f3sito para zumos de 550 ml.<br \/>\nDep\u00f3sito para desechos de 1 litro<br \/>\nGro\u00dfes Format<br \/>\nMaterial Kunststoff<br \/>\nRutschfeste F\u00fc\u00dfe Ja<br \/>\nGeschwindigkeit 2<br \/>\nOpci\u00f3n pulse<br \/>\nAbnehmbar Ja<\/div><\/div>\n<\/div><\/div>\n<br \/>\n<div class=\"accordion\"><div class=\"mfn-acc accordion_wrapper  toggle\"><div class=\"question\"><div class=\"title\"><i class=\"icon-plus acc-icon-plus\" aria-hidden=\"true\"><\/i><i class=\"icon-minus acc-icon-minus\" aria-hidden=\"true\"><\/i>Zubeh\u00f6r<\/div><div class=\"answer\"><\/div><\/div>\n<\/div><\/div>\n<\/p>\n<div class=\"descargas-producto\"><img loading=\"lazy\" decoding=\"async\" src=\"\/wp-content\/uploads\/2019\/12\/picto-descarrega.png\" alt=\"Datenblatt herunterladen\" width=\"23\" height=\"16\" \/><a href=\"https:\/\/kuken.es\/wp-content\/uploads\/8425160353360_ficha_tecnica.pdf\">Blatt herunterladen<\/a><a href=\"\/wp-content\/uploads\/pdf\/home\" target=\"_blank\" rel=\"noopener noreferrer\"><br \/>\n<\/a><img loading=\"lazy\" decoding=\"async\" src=\"\/wp-content\/uploads\/2019\/12\/picto-descarrega.png\" alt=\"Gebrauchsanweisung herunterladen\" width=\"23\" height=\"16\" \/><a href=\"https:\/\/kuken.es\/wp-content\/uploads\/35336_instrucciones_compressed.pdf\">Handbuch herunterladen<\/a><\/div>\n<div><\/div>\n<div><span style=\"color: #bf2121\">Folgen Sie uns auf den sozialen Medien!<\/span><\/div>\n<div><a href=\"https:\/\/www.instagram.com\/kuken_appliances\/\">https:\/\/www.instagram.com\/kuken_appliances\/<\/a><\/div>","protected":false},"excerpt":{"rendered":"<p data-start=\"499\" data-end=\"650\">Dise\u00f1ada para extraer zumos de forma r\u00e1pida y limpia. Esta licuadora combina potencia, seguridad y funcionalidad para una experiencia pr\u00e1ctica en casa.<\/p>\n<blockquote data-start=\"652\" data-end=\"772\">\n<p data-start=\"654\" data-end=\"772\">\n<\/blockquote>","protected":false},"featured_media":10420,"template":"","meta":[],"product_brand":[],"product_cat":[116,78],"product_tag":[],"class_list":{"0":"post-10418","1":"product","2":"type-product","3":"status-publish","4":"has-post-thumbnail","6":"product_cat-licuadoras-red","7":"product_cat-red","9":"first","10":"instock","11":"product-type-simple"},"yoast_head":"<!-- This site is optimized with the Yoast SEO Premium plugin v24.0 (Yoast SEO v26.5) - https:\/\/yoast.com\/wordpress\/plugins\/seo\/ -->\n<title>LICUADORA CONTENEDOR 500W K\u00dcKEN - K\u00fcken<\/title>\n<meta name=\"description\" content=\"Licuadora contenedor 500W K\u00fcken con cuerpo inox rojo, filtro en acero, jarra con tapa y doble velocidad. Extrae zumo limpio, r\u00e1pido y sin esfuerzo.\" \/>\n<meta name=\"robots\" content=\"index, follow, max-snippet:-1, max-image-preview:large, max-video-preview:-1\" \/>\n<link rel=\"canonical\" href=\"https:\/\/kuken.es\/de\/produkt\/rot-mixer-mit-behalter-500w-kuken-2\/\" \/>\n<meta property=\"og:locale\" content=\"de_DE\" \/>\n<meta property=\"og:type\" content=\"article\" \/>\n<meta property=\"og:title\" content=\"LICUADORA CONTENEDOR 500W K\u00dcKEN\" \/>\n<meta property=\"og:description\" content=\"Licuadora contenedor 500W K\u00fcken con cuerpo inox rojo, filtro en acero, jarra con tapa y doble velocidad. Extrae zumo limpio, r\u00e1pido y sin esfuerzo.\" \/>\n<meta property=\"og:url\" content=\"https:\/\/kuken.es\/de\/produkt\/rot-mixer-mit-behalter-500w-kuken-2\/\" \/>\n<meta property=\"og:site_name\" content=\"K\u00fcken\" \/>\n<meta property=\"article:publisher\" content=\"https:\/\/es-es.facebook.com\/alfadyser\/\" \/>\n<meta property=\"article:modified_time\" content=\"2025-06-02T10:48:53+00:00\" \/>\n<meta property=\"og:image\" content=\"https:\/\/kuken.es\/wp-content\/uploads\/productos\/35336.jpg\" \/>\n\t<meta property=\"og:image:width\" content=\"2000\" \/>\n\t<meta property=\"og:image:height\" content=\"2000\" \/>\n\t<meta property=\"og:image:type\" content=\"image\/jpeg\" \/>\n<meta name=\"twitter:card\" content=\"summary_large_image\" \/>\n<meta name=\"twitter:label1\" content=\"Preis\" \/>\n\t<meta name=\"twitter:data1\" content=\"\" \/>\n\t<meta name=\"twitter:label2\" content=\"Verf\u00fcgbarkeit\" \/>\n\t<meta name=\"twitter:data2\" content=\"Auf Lager\" \/>\n<script type=\"application\/ld+json\" class=\"yoast-schema-graph\">{\"@context\":\"https:\/\/schema.org\",\"@graph\":[{\"@type\":\"WebPage\",\"@id\":\"https:\/\/kuken.es\/producto\/licuadora-contenedor-500w-kuken\/\",\"url\":\"https:\/\/kuken.es\/producto\/licuadora-contenedor-500w-kuken\/\",\"name\":\"LICUADORA CONTENEDOR 500W K\u00dcKEN - K\u00fcken\",\"isPartOf\":{\"@id\":\"https:\/\/kuken.es\/#website\"},\"primaryImageOfPage\":{\"@id\":\"https:\/\/kuken.es\/producto\/licuadora-contenedor-500w-kuken\/#primaryimage\"},\"image\":{\"@id\":\"https:\/\/kuken.es\/producto\/licuadora-contenedor-500w-kuken\/#primaryimage\"},\"thumbnailUrl\":\"https:\/\/kuken.es\/wp-content\/uploads\/productos\/35336.jpg\",\"datePublished\":\"2023-07-26T11:07:37+00:00\",\"dateModified\":\"2025-06-02T10:48:53+00:00\",\"description\":\"Licuadora contenedor 500W K\u00fcken con cuerpo inox rojo, filtro en acero, jarra con tapa y doble velocidad. Extrae zumo limpio, r\u00e1pido y sin esfuerzo.\",\"breadcrumb\":{\"@id\":\"https:\/\/kuken.es\/producto\/licuadora-contenedor-500w-kuken\/#breadcrumb\"},\"inLanguage\":\"de\",\"potentialAction\":[{\"@type\":\"ReadAction\",\"target\":[\"https:\/\/kuken.es\/producto\/licuadora-contenedor-500w-kuken\/\"]}]},{\"@type\":\"ImageObject\",\"inLanguage\":\"de\",\"@id\":\"https:\/\/kuken.es\/producto\/licuadora-contenedor-500w-kuken\/#primaryimage\",\"url\":\"https:\/\/kuken.es\/wp-content\/uploads\/productos\/35336.jpg\",\"contentUrl\":\"https:\/\/kuken.es\/wp-content\/uploads\/productos\/35336.jpg\",\"width\":2000,\"height\":2000},{\"@type\":\"BreadcrumbList\",\"@id\":\"https:\/\/kuken.es\/producto\/licuadora-contenedor-500w-kuken\/#breadcrumb\",\"itemListElement\":[{\"@type\":\"ListItem\",\"position\":1,\"name\":\"Portada\",\"item\":\"https:\/\/kuken.es\/\"},{\"@type\":\"ListItem\",\"position\":2,\"name\":\"Productos\",\"item\":\"https:\/\/kuken.es\/productos\/\"},{\"@type\":\"ListItem\",\"position\":3,\"name\":\"LICUADORA CONTENEDOR 500W K\u00dcKEN\"}]},{\"@type\":\"WebSite\",\"@id\":\"https:\/\/kuken.es\/#website\",\"url\":\"https:\/\/kuken.es\/\",\"name\":\"K\u00fcken\",\"description\":\"Amplia gama de peque\u00f1o electrodom\u00e9stico k\u00fcken\",\"publisher\":{\"@id\":\"https:\/\/kuken.es\/#organization\"},\"potentialAction\":[{\"@type\":\"SearchAction\",\"target\":{\"@type\":\"EntryPoint\",\"urlTemplate\":\"https:\/\/kuken.es\/?s={search_term_string}\"},\"query-input\":{\"@type\":\"PropertyValueSpecification\",\"valueRequired\":true,\"valueName\":\"search_term_string\"}}],\"inLanguage\":\"de\"},{\"@type\":\"Organization\",\"@id\":\"https:\/\/kuken.es\/#organization\",\"name\":\"Alfa Dyser\",\"url\":\"https:\/\/kuken.es\/\",\"logo\":{\"@type\":\"ImageObject\",\"inLanguage\":\"de\",\"@id\":\"https:\/\/kuken.es\/#\/schema\/logo\/image\/\",\"url\":\"https:\/\/kuken.es\/wp-content\/uploads\/2019\/04\/kuken-logo.png\",\"contentUrl\":\"https:\/\/kuken.es\/wp-content\/uploads\/2019\/04\/kuken-logo.png\",\"width\":500,\"height\":191,\"caption\":\"Alfa Dyser\"},\"image\":{\"@id\":\"https:\/\/kuken.es\/#\/schema\/logo\/image\/\"},\"sameAs\":[\"https:\/\/es-es.facebook.com\/alfadyser\/\",\"https:\/\/www.instagram.com\/kuken_appliances\/\"]}]}<\/script>\n<meta property=\"product:price:amount\" content=\"0.00\" \/>\n<meta property=\"product:price:currency\" content=\"EUR\" \/>\n<meta property=\"og:availability\" content=\"instock\" \/>\n<meta property=\"product:availability\" content=\"instock\" \/>\n<meta property=\"product:retailer_item_id\" content=\"35336\" \/>\n<meta property=\"product:condition\" content=\"new\" \/>\n<!-- \/ Yoast SEO Premium plugin. -->","yoast_head_json":{"title":"LICUADORA CONTENEDOR 500W K\u00dcKEN - K\u00fcken","description":"Licuadora contenedor 500W K\u00fcken con cuerpo inox rojo, filtro en acero, jarra con tapa y doble velocidad. Extrae zumo limpio, r\u00e1pido y sin esfuerzo.","robots":{"index":"index","follow":"follow","max-snippet":"max-snippet:-1","max-image-preview":"max-image-preview:large","max-video-preview":"max-video-preview:-1"},"canonical":"https:\/\/kuken.es\/de\/produkt\/rot-mixer-mit-behalter-500w-kuken-2\/","og_locale":"de_DE","og_type":"article","og_title":"LICUADORA CONTENEDOR 500W K\u00dcKEN","og_description":"Licuadora contenedor 500W K\u00fcken con cuerpo inox rojo, filtro en acero, jarra con tapa y doble velocidad. Extrae zumo limpio, r\u00e1pido y sin esfuerzo.","og_url":"https:\/\/kuken.es\/de\/produkt\/rot-mixer-mit-behalter-500w-kuken-2\/","og_site_name":"K\u00fcken","article_publisher":"https:\/\/es-es.facebook.com\/alfadyser\/","article_modified_time":"2025-06-02T10:48:53+00:00","og_image":[{"width":2000,"height":2000,"url":"https:\/\/kuken.es\/wp-content\/uploads\/productos\/35336.jpg","type":"image\/jpeg"}],"twitter_card":"summary_large_image","twitter_misc":{"Preis":"","Verf\u00fcgbarkeit":"Auf Lager"},"schema":{"@context":"https:\/\/schema.org","@graph":[{"@type":"WebPage","@id":"https:\/\/kuken.es\/producto\/licuadora-contenedor-500w-kuken\/","url":"https:\/\/kuken.es\/producto\/licuadora-contenedor-500w-kuken\/","name":"LICUADORA CONTENEDOR 500W K\u00dcKEN - K\u00fcken","isPartOf":{"@id":"https:\/\/kuken.es\/#website"},"primaryImageOfPage":{"@id":"https:\/\/kuken.es\/producto\/licuadora-contenedor-500w-kuken\/#primaryimage"},"image":{"@id":"https:\/\/kuken.es\/producto\/licuadora-contenedor-500w-kuken\/#primaryimage"},"thumbnailUrl":"https:\/\/kuken.es\/wp-content\/uploads\/productos\/35336.jpg","datePublished":"2023-07-26T11:07:37+00:00","dateModified":"2025-06-02T10:48:53+00:00","description":"Licuadora contenedor 500W K\u00fcken con cuerpo inox rojo, filtro en acero, jarra con tapa y doble velocidad. Extrae zumo limpio, r\u00e1pido y sin esfuerzo.","breadcrumb":{"@id":"https:\/\/kuken.es\/producto\/licuadora-contenedor-500w-kuken\/#breadcrumb"},"inLanguage":"de","potentialAction":[{"@type":"ReadAction","target":["https:\/\/kuken.es\/producto\/licuadora-contenedor-500w-kuken\/"]}]},{"@type":"ImageObject","inLanguage":"de","@id":"https:\/\/kuken.es\/producto\/licuadora-contenedor-500w-kuken\/#primaryimage","url":"https:\/\/kuken.es\/wp-content\/uploads\/productos\/35336.jpg","contentUrl":"https:\/\/kuken.es\/wp-content\/uploads\/productos\/35336.jpg","width":2000,"height":2000},{"@type":"BreadcrumbList","@id":"https:\/\/kuken.es\/producto\/licuadora-contenedor-500w-kuken\/#breadcrumb","itemListElement":[{"@type":"ListItem","position":1,"name":"Portada","item":"https:\/\/kuken.es\/"},{"@type":"ListItem","position":2,"name":"Productos","item":"https:\/\/kuken.es\/productos\/"},{"@type":"ListItem","position":3,"name":"LICUADORA CONTENEDOR 500W K\u00dcKEN"}]},{"@type":"WebSite","@id":"https:\/\/kuken.es\/#website","url":"https:\/\/kuken.es\/","name":"K\u00fcken","description":"Gro\u00dfe Auswahl an k\u00fcken Haushaltskleinger\u00e4ten","publisher":{"@id":"https:\/\/kuken.es\/#organization"},"potentialAction":[{"@type":"SearchAction","target":{"@type":"EntryPoint","urlTemplate":"https:\/\/kuken.es\/?s={search_term_string}"},"query-input":{"@type":"PropertyValueSpecification","valueRequired":true,"valueName":"search_term_string"}}],"inLanguage":"de"},{"@type":"Organization","@id":"https:\/\/kuken.es\/#organization","name":"Alpha Dyser","url":"https:\/\/kuken.es\/","logo":{"@type":"ImageObject","inLanguage":"de","@id":"https:\/\/kuken.es\/#\/schema\/logo\/image\/","url":"https:\/\/kuken.es\/wp-content\/uploads\/2019\/04\/kuken-logo.png","contentUrl":"https:\/\/kuken.es\/wp-content\/uploads\/2019\/04\/kuken-logo.png","width":500,"height":191,"caption":"Alfa Dyser"},"image":{"@id":"https:\/\/kuken.es\/#\/schema\/logo\/image\/"},"sameAs":["https:\/\/es-es.facebook.com\/alfadyser\/","https:\/\/www.instagram.com\/kuken_appliances\/"]}]},"product_price_amount":"0.00","product_price_currency":"EUR","og_availability":"instock","product_availability":"instock","product_retailer_item_id":"35336","product_condition":"new"},"_links":{"self":[{"href":"https:\/\/kuken.es\/de\/wp-json\/wp\/v2\/product\/10418","targetHints":{"allow":["GET"]}}],"collection":[{"href":"https:\/\/kuken.es\/de\/wp-json\/wp\/v2\/product"}],"about":[{"href":"https:\/\/kuken.es\/de\/wp-json\/wp\/v2\/types\/product"}],"wp:featuredmedia":[{"embeddable":true,"href":"https:\/\/kuken.es\/de\/wp-json\/wp\/v2\/media\/10420"}],"wp:attachment":[{"href":"https:\/\/kuken.es\/de\/wp-json\/wp\/v2\/media?parent=10418"}],"wp:term":[{"taxonomy":"product_brand","embeddable":true,"href":"https:\/\/kuken.es\/de\/wp-json\/wp\/v2\/product_brand?post=10418"},{"taxonomy":"product_cat","embeddable":true,"href":"https:\/\/kuken.es\/de\/wp-json\/wp\/v2\/product_cat?post=10418"},{"taxonomy":"product_tag","embeddable":true,"href":"https:\/\/kuken.es\/de\/wp-json\/wp\/v2\/product_tag?post=10418"}],"curies":[{"name":"wp","href":"https:\/\/api.w.org\/{rel}","templated":true}]}}