{"id":10374,"date":"2023-06-15T14:36:45","date_gmt":"2023-06-15T12:36:45","guid":{"rendered":"https:\/\/kuken.es\/?post_type=product&#038;p=10374"},"modified":"2025-06-02T12:27:17","modified_gmt":"2025-06-02T10:27:17","slug":"professional-ionic-hair-dryer-2200w-red-red-kuken-10","status":"publish","type":"product","link":"https:\/\/kuken.es\/de\/produkt\/professional-ionic-hair-dryer-2200w-red-red-kuken-10\/","title":{"rendered":"PROFESSIONELLER IONISCHER HAARTROCKNER AC MOTOR 2400W GRAU\/BLAU SEITE TASTENFELD"},"content":{"rendered":"<p>PROFESSIONELLER IONISCHER HAARTROCKNER AC MOTOR 2400W GRAU\/BLAU SEITE TASTENFELD<\/p>\n<ul data-start=\"926\" data-end=\"1675\">\n<li data-start=\"926\" data-end=\"998\">\n<p data-start=\"928\" data-end=\"998\">Funci\u00f3n IONIC, reduce el encrespamiento y aporta brillo natural.<\/p>\n<\/li>\n<li data-start=\"999\" data-end=\"1069\">\n<p data-start=\"1001\" data-end=\"1069\">Motor profesional AC de 2400W, potente, silencioso y duradero.<\/p>\n<\/li>\n<li data-start=\"1070\" data-end=\"1137\">\n<p data-start=\"1072\" data-end=\"1137\">3 niveles de potencia: alta, media y baja, seg\u00fan necesidad.<\/p>\n<\/li>\n<li data-start=\"1138\" data-end=\"1208\">\n<p data-start=\"1140\" data-end=\"1208\">2 velocidades de flujo de aire, adaptables al tipo de cabello.<\/p>\n<\/li>\n<li data-start=\"1209\" data-end=\"1282\">\n<p data-start=\"1211\" data-end=\"1282\">Funci\u00f3n de aire fr\u00edo, fija el peinado sin da\u00f1ar la fibra capilar.<\/p>\n<\/li>\n<li data-start=\"1283\" data-end=\"1352\">\n<p data-start=\"1285\" data-end=\"1352\">Incluye 2 concentradores, para dirigir el aire con precisi\u00f3n.<\/p>\n<\/li>\n<li data-start=\"1353\" data-end=\"1429\">\n<p data-start=\"1355\" data-end=\"1429\">Rejilla trasera antienredo, facilita el uso y prolonga la vida \u00fatil.<\/p>\n<\/li>\n<li data-start=\"1430\" data-end=\"1497\">\n<p data-start=\"1432\" data-end=\"1497\">Dise\u00f1o en gris y azul, con botonera lateral ergon\u00f3mica.<\/p>\n<\/li>\n<li data-start=\"1498\" data-end=\"1560\">\n<p data-start=\"1500\" data-end=\"1560\">Gancho de goma integrado, permite colgarlo f\u00e1cilmente.<\/p>\n<\/li>\n<li data-start=\"1561\" data-end=\"1619\">\n<p data-start=\"1563\" data-end=\"1619\">Menos vibraci\u00f3n y ruido agudo, m\u00e1s c\u00f3modo de usar.<\/p>\n<\/li>\n<li data-start=\"1620\" data-end=\"1675\">\n<p data-start=\"1622\" data-end=\"1675\">Resultado: cabello sedoso, brillante y protegido.<\/p>\n<\/li>\n<\/ul>\n<div class=\"accordion\"><div class=\"mfn-acc accordion_wrapper  toggle\"><br \/>\n<div class=\"question\"><div class=\"title\"><i class=\"icon-plus acc-icon-plus\" aria-hidden=\"true\"><\/i><i class=\"icon-minus acc-icon-minus\" aria-hidden=\"true\"><\/i>Produktdaten<\/div><div class=\"answer\"><\/p>\n<p>PROFESSIONELLER IONISCHER HAARTROCKNER AC MOTOR 2400W GRAU\/BLAU SEITE TASTENFELD<\/p>\n<p>EAN 8425160391478<br \/>\nPackeinheit 1<br \/>\nColor Gris\/Azul<br \/>\nVerpackung Farbige Schachtel<br \/>\nLeistung 2400 W<br \/>\nSpannung 230 V<br \/>\nWerkstoff PC<br \/>\nGeschwindigkeiten 3 Temperaturen\/ 2 Leistungen<br \/>\nIonische Funktion Ja<br \/>\nAC-Motor Ja<br \/>\n<\/div><\/div>\n<br \/>\n<\/div><\/div>\n\n<p><div class=\"accordion\"><div class=\"mfn-acc accordion_wrapper  toggle\"><br \/>\n<div class=\"question\"><div class=\"title\"><i class=\"icon-plus acc-icon-plus\" aria-hidden=\"true\"><\/i><i class=\"icon-minus acc-icon-minus\" aria-hidden=\"true\"><\/i>Zubeh\u00f6r<\/div><div class=\"answer\"><br \/>\n2 Gl\u00e4ttungsd\u00fcsen.<br \/>\n<\/div><\/div>\n<br \/>\n<\/div><\/div>\n<br \/>\n<img loading=\"lazy\" decoding=\"async\" src=\"\/wp-content\/uploads\/2019\/12\/picto-descarrega.png\" alt=\"Datenblatt herunterladen\" width=\"23\" height=\"16\" \/><a href=\"https:\/\/kuken.es\/wp-content\/uploads\/8425160360429_ficha_tecnica.pdf\">Blatt herunterladen<\/a><br \/>\n<img loading=\"lazy\" decoding=\"async\" src=\"\/wp-content\/uploads\/2019\/12\/picto-descarrega.png\" alt=\"Gebrauchsanweisung herunterladen\" width=\"23\" height=\"16\" \/><a href=\"https:\/\/kuken.es\/wp-content\/uploads\/39147_instrucciones_compressed.pdf\">Handbuch herunterladen<\/a><\/p>\n<div><span style=\"color: #bf2121\">Folgen Sie uns auf den sozialen Medien!<\/span><\/div>\n<div><a href=\"https:\/\/www.instagram.com\/kuken_appliances\/\">https:\/\/www.instagram.com\/kuken_appliances\/<\/a><\/div>","protected":false},"excerpt":{"rendered":"<p data-start=\"591\" data-end=\"748\">Secado potente y silencioso. Este secador i\u00f3nico reduce el encrespamiento, protege el cabello y ofrece m\u00faltiples ajustes para un peinado profesional en casa.<\/p>\n<blockquote data-start=\"750\" data-end=\"858\">\n<p data-start=\"752\" data-end=\"858\">\n<\/blockquote>","protected":false},"featured_media":10376,"template":"","meta":[],"product_brand":[],"product_cat":[38,76],"product_tag":[],"class_list":{"0":"post-10374","1":"product","2":"type-product","3":"status-publish","4":"has-post-thumbnail","6":"product_cat-premium","7":"product_cat-secadores-de-pelo-premium","9":"first","10":"instock","11":"product-type-simple"},"yoast_head":"<!-- This site is optimized with the Yoast SEO Premium plugin v24.0 (Yoast SEO v26.5) - https:\/\/yoast.com\/wordpress\/plugins\/seo\/ -->\n<title>SECADOR PELO PROFESIONAL I\u00d3NICO MOTOR AC 2400W GRIS\/AZUL BOTONERA LATERAL - K\u00fcken<\/title>\n<meta name=\"description\" content=\"Secador pelo profesional i\u00f3nico motor AC 2400W K\u00fcken con aire fr\u00edo, 3 potencias, tecnolog\u00eda anti-encrespamiento y dise\u00f1o silencioso.\" \/>\n<meta name=\"robots\" content=\"index, follow, max-snippet:-1, max-image-preview:large, max-video-preview:-1\" \/>\n<link rel=\"canonical\" href=\"https:\/\/kuken.es\/de\/produkt\/professional-ionic-hair-dryer-2200w-red-red-kuken-10\/\" \/>\n<meta property=\"og:locale\" content=\"de_DE\" \/>\n<meta property=\"og:type\" content=\"article\" \/>\n<meta property=\"og:title\" content=\"SECADOR PELO PROFESIONAL I\u00d3NICO MOTOR AC 2400W GRIS\/AZUL BOTONERA LATERAL\" \/>\n<meta property=\"og:description\" content=\"Secador pelo profesional i\u00f3nico motor AC 2400W K\u00fcken con aire fr\u00edo, 3 potencias, tecnolog\u00eda anti-encrespamiento y dise\u00f1o silencioso.\" \/>\n<meta property=\"og:url\" content=\"https:\/\/kuken.es\/de\/produkt\/professional-ionic-hair-dryer-2200w-red-red-kuken-10\/\" \/>\n<meta property=\"og:site_name\" content=\"K\u00fcken\" \/>\n<meta property=\"article:publisher\" content=\"https:\/\/es-es.facebook.com\/alfadyser\/\" \/>\n<meta property=\"article:modified_time\" content=\"2025-06-02T10:27:17+00:00\" \/>\n<meta property=\"og:image\" content=\"https:\/\/kuken.es\/wp-content\/uploads\/8425160391478_01.jpg\" \/>\n\t<meta property=\"og:image:width\" content=\"2000\" \/>\n\t<meta property=\"og:image:height\" content=\"2000\" \/>\n\t<meta property=\"og:image:type\" content=\"image\/jpeg\" \/>\n<meta name=\"twitter:card\" content=\"summary_large_image\" \/>\n<meta name=\"twitter:label1\" content=\"Preis\" \/>\n\t<meta name=\"twitter:data1\" content=\"\" \/>\n\t<meta name=\"twitter:label2\" content=\"Verf\u00fcgbarkeit\" \/>\n\t<meta name=\"twitter:data2\" content=\"Auf Lager\" \/>\n<script type=\"application\/ld+json\" class=\"yoast-schema-graph\">{\"@context\":\"https:\/\/schema.org\",\"@graph\":[{\"@type\":\"WebPage\",\"@id\":\"https:\/\/kuken.es\/producto\/secador-pelo-profesional-ionico-motor-ac-gris-azul-botoneralateral\/\",\"url\":\"https:\/\/kuken.es\/producto\/secador-pelo-profesional-ionico-motor-ac-gris-azul-botoneralateral\/\",\"name\":\"SECADOR PELO PROFESIONAL I\u00d3NICO MOTOR AC 2400W GRIS\/AZUL BOTONERA LATERAL - K\u00fcken\",\"isPartOf\":{\"@id\":\"https:\/\/kuken.es\/#website\"},\"primaryImageOfPage\":{\"@id\":\"https:\/\/kuken.es\/producto\/secador-pelo-profesional-ionico-motor-ac-gris-azul-botoneralateral\/#primaryimage\"},\"image\":{\"@id\":\"https:\/\/kuken.es\/producto\/secador-pelo-profesional-ionico-motor-ac-gris-azul-botoneralateral\/#primaryimage\"},\"thumbnailUrl\":\"https:\/\/kuken.es\/wp-content\/uploads\/8425160391478_01.jpg\",\"datePublished\":\"2023-06-15T12:36:45+00:00\",\"dateModified\":\"2025-06-02T10:27:17+00:00\",\"description\":\"Secador pelo profesional i\u00f3nico motor AC 2400W K\u00fcken con aire fr\u00edo, 3 potencias, tecnolog\u00eda anti-encrespamiento y dise\u00f1o silencioso.\",\"breadcrumb\":{\"@id\":\"https:\/\/kuken.es\/producto\/secador-pelo-profesional-ionico-motor-ac-gris-azul-botoneralateral\/#breadcrumb\"},\"inLanguage\":\"de\",\"potentialAction\":[{\"@type\":\"ReadAction\",\"target\":[\"https:\/\/kuken.es\/producto\/secador-pelo-profesional-ionico-motor-ac-gris-azul-botoneralateral\/\"]}]},{\"@type\":\"ImageObject\",\"inLanguage\":\"de\",\"@id\":\"https:\/\/kuken.es\/producto\/secador-pelo-profesional-ionico-motor-ac-gris-azul-botoneralateral\/#primaryimage\",\"url\":\"https:\/\/kuken.es\/wp-content\/uploads\/8425160391478_01.jpg\",\"contentUrl\":\"https:\/\/kuken.es\/wp-content\/uploads\/8425160391478_01.jpg\",\"width\":2000,\"height\":2000,\"caption\":\"Secador de pelo i\u00f3nico K\u00fcken gris con azul, bot\u00f3n lateral, concentrador y gancho de colgado\"},{\"@type\":\"BreadcrumbList\",\"@id\":\"https:\/\/kuken.es\/producto\/secador-pelo-profesional-ionico-motor-ac-gris-azul-botoneralateral\/#breadcrumb\",\"itemListElement\":[{\"@type\":\"ListItem\",\"position\":1,\"name\":\"Portada\",\"item\":\"https:\/\/kuken.es\/\"},{\"@type\":\"ListItem\",\"position\":2,\"name\":\"Productos\",\"item\":\"https:\/\/kuken.es\/productos\/\"},{\"@type\":\"ListItem\",\"position\":3,\"name\":\"SECADOR PELO PROFESIONAL I\u00d3NICO MOTOR AC 2400W GRIS\/AZUL BOTONERA LATERAL\"}]},{\"@type\":\"WebSite\",\"@id\":\"https:\/\/kuken.es\/#website\",\"url\":\"https:\/\/kuken.es\/\",\"name\":\"K\u00fcken\",\"description\":\"Amplia gama de peque\u00f1o electrodom\u00e9stico k\u00fcken\",\"publisher\":{\"@id\":\"https:\/\/kuken.es\/#organization\"},\"potentialAction\":[{\"@type\":\"SearchAction\",\"target\":{\"@type\":\"EntryPoint\",\"urlTemplate\":\"https:\/\/kuken.es\/?s={search_term_string}\"},\"query-input\":{\"@type\":\"PropertyValueSpecification\",\"valueRequired\":true,\"valueName\":\"search_term_string\"}}],\"inLanguage\":\"de\"},{\"@type\":\"Organization\",\"@id\":\"https:\/\/kuken.es\/#organization\",\"name\":\"Alfa Dyser\",\"url\":\"https:\/\/kuken.es\/\",\"logo\":{\"@type\":\"ImageObject\",\"inLanguage\":\"de\",\"@id\":\"https:\/\/kuken.es\/#\/schema\/logo\/image\/\",\"url\":\"https:\/\/kuken.es\/wp-content\/uploads\/2019\/04\/kuken-logo.png\",\"contentUrl\":\"https:\/\/kuken.es\/wp-content\/uploads\/2019\/04\/kuken-logo.png\",\"width\":500,\"height\":191,\"caption\":\"Alfa Dyser\"},\"image\":{\"@id\":\"https:\/\/kuken.es\/#\/schema\/logo\/image\/\"},\"sameAs\":[\"https:\/\/es-es.facebook.com\/alfadyser\/\",\"https:\/\/www.instagram.com\/kuken_appliances\/\"]}]}<\/script>\n<meta property=\"product:price:amount\" content=\"0.00\" \/>\n<meta property=\"product:price:currency\" content=\"EUR\" \/>\n<meta property=\"og:availability\" content=\"instock\" \/>\n<meta property=\"product:availability\" content=\"instock\" \/>\n<meta property=\"product:retailer_item_id\" content=\"39147\" \/>\n<meta property=\"product:condition\" content=\"new\" \/>\n<!-- \/ Yoast SEO Premium plugin. -->","yoast_head_json":{"title":"SECADOR PELO PROFESIONAL I\u00d3NICO MOTOR AC 2400W GRIS\/AZUL BOTONERA LATERAL - K\u00fcken","description":"Secador pelo profesional i\u00f3nico motor AC 2400W K\u00fcken con aire fr\u00edo, 3 potencias, tecnolog\u00eda anti-encrespamiento y dise\u00f1o silencioso.","robots":{"index":"index","follow":"follow","max-snippet":"max-snippet:-1","max-image-preview":"max-image-preview:large","max-video-preview":"max-video-preview:-1"},"canonical":"https:\/\/kuken.es\/de\/produkt\/professional-ionic-hair-dryer-2200w-red-red-kuken-10\/","og_locale":"de_DE","og_type":"article","og_title":"SECADOR PELO PROFESIONAL I\u00d3NICO MOTOR AC 2400W GRIS\/AZUL BOTONERA LATERAL","og_description":"Secador pelo profesional i\u00f3nico motor AC 2400W K\u00fcken con aire fr\u00edo, 3 potencias, tecnolog\u00eda anti-encrespamiento y dise\u00f1o silencioso.","og_url":"https:\/\/kuken.es\/de\/produkt\/professional-ionic-hair-dryer-2200w-red-red-kuken-10\/","og_site_name":"K\u00fcken","article_publisher":"https:\/\/es-es.facebook.com\/alfadyser\/","article_modified_time":"2025-06-02T10:27:17+00:00","og_image":[{"width":2000,"height":2000,"url":"https:\/\/kuken.es\/wp-content\/uploads\/8425160391478_01.jpg","type":"image\/jpeg"}],"twitter_card":"summary_large_image","twitter_misc":{"Preis":"","Verf\u00fcgbarkeit":"Auf Lager"},"schema":{"@context":"https:\/\/schema.org","@graph":[{"@type":"WebPage","@id":"https:\/\/kuken.es\/producto\/secador-pelo-profesional-ionico-motor-ac-gris-azul-botoneralateral\/","url":"https:\/\/kuken.es\/producto\/secador-pelo-profesional-ionico-motor-ac-gris-azul-botoneralateral\/","name":"SECADOR PELO PROFESIONAL I\u00d3NICO MOTOR AC 2400W GRIS\/AZUL BOTONERA LATERAL - K\u00fcken","isPartOf":{"@id":"https:\/\/kuken.es\/#website"},"primaryImageOfPage":{"@id":"https:\/\/kuken.es\/producto\/secador-pelo-profesional-ionico-motor-ac-gris-azul-botoneralateral\/#primaryimage"},"image":{"@id":"https:\/\/kuken.es\/producto\/secador-pelo-profesional-ionico-motor-ac-gris-azul-botoneralateral\/#primaryimage"},"thumbnailUrl":"https:\/\/kuken.es\/wp-content\/uploads\/8425160391478_01.jpg","datePublished":"2023-06-15T12:36:45+00:00","dateModified":"2025-06-02T10:27:17+00:00","description":"Secador pelo profesional i\u00f3nico motor AC 2400W K\u00fcken con aire fr\u00edo, 3 potencias, tecnolog\u00eda anti-encrespamiento y dise\u00f1o silencioso.","breadcrumb":{"@id":"https:\/\/kuken.es\/producto\/secador-pelo-profesional-ionico-motor-ac-gris-azul-botoneralateral\/#breadcrumb"},"inLanguage":"de","potentialAction":[{"@type":"ReadAction","target":["https:\/\/kuken.es\/producto\/secador-pelo-profesional-ionico-motor-ac-gris-azul-botoneralateral\/"]}]},{"@type":"ImageObject","inLanguage":"de","@id":"https:\/\/kuken.es\/producto\/secador-pelo-profesional-ionico-motor-ac-gris-azul-botoneralateral\/#primaryimage","url":"https:\/\/kuken.es\/wp-content\/uploads\/8425160391478_01.jpg","contentUrl":"https:\/\/kuken.es\/wp-content\/uploads\/8425160391478_01.jpg","width":2000,"height":2000,"caption":"Secador de pelo i\u00f3nico K\u00fcken gris con azul, bot\u00f3n lateral, concentrador y gancho de colgado"},{"@type":"BreadcrumbList","@id":"https:\/\/kuken.es\/producto\/secador-pelo-profesional-ionico-motor-ac-gris-azul-botoneralateral\/#breadcrumb","itemListElement":[{"@type":"ListItem","position":1,"name":"Portada","item":"https:\/\/kuken.es\/"},{"@type":"ListItem","position":2,"name":"Productos","item":"https:\/\/kuken.es\/productos\/"},{"@type":"ListItem","position":3,"name":"SECADOR PELO PROFESIONAL I\u00d3NICO MOTOR AC 2400W GRIS\/AZUL BOTONERA LATERAL"}]},{"@type":"WebSite","@id":"https:\/\/kuken.es\/#website","url":"https:\/\/kuken.es\/","name":"K\u00fcken","description":"Gro\u00dfe Auswahl an k\u00fcken Haushaltskleinger\u00e4ten","publisher":{"@id":"https:\/\/kuken.es\/#organization"},"potentialAction":[{"@type":"SearchAction","target":{"@type":"EntryPoint","urlTemplate":"https:\/\/kuken.es\/?s={search_term_string}"},"query-input":{"@type":"PropertyValueSpecification","valueRequired":true,"valueName":"search_term_string"}}],"inLanguage":"de"},{"@type":"Organization","@id":"https:\/\/kuken.es\/#organization","name":"Alpha Dyser","url":"https:\/\/kuken.es\/","logo":{"@type":"ImageObject","inLanguage":"de","@id":"https:\/\/kuken.es\/#\/schema\/logo\/image\/","url":"https:\/\/kuken.es\/wp-content\/uploads\/2019\/04\/kuken-logo.png","contentUrl":"https:\/\/kuken.es\/wp-content\/uploads\/2019\/04\/kuken-logo.png","width":500,"height":191,"caption":"Alfa Dyser"},"image":{"@id":"https:\/\/kuken.es\/#\/schema\/logo\/image\/"},"sameAs":["https:\/\/es-es.facebook.com\/alfadyser\/","https:\/\/www.instagram.com\/kuken_appliances\/"]}]},"product_price_amount":"0.00","product_price_currency":"EUR","og_availability":"instock","product_availability":"instock","product_retailer_item_id":"39147","product_condition":"new"},"_links":{"self":[{"href":"https:\/\/kuken.es\/de\/wp-json\/wp\/v2\/product\/10374","targetHints":{"allow":["GET"]}}],"collection":[{"href":"https:\/\/kuken.es\/de\/wp-json\/wp\/v2\/product"}],"about":[{"href":"https:\/\/kuken.es\/de\/wp-json\/wp\/v2\/types\/product"}],"wp:featuredmedia":[{"embeddable":true,"href":"https:\/\/kuken.es\/de\/wp-json\/wp\/v2\/media\/10376"}],"wp:attachment":[{"href":"https:\/\/kuken.es\/de\/wp-json\/wp\/v2\/media?parent=10374"}],"wp:term":[{"taxonomy":"product_brand","embeddable":true,"href":"https:\/\/kuken.es\/de\/wp-json\/wp\/v2\/product_brand?post=10374"},{"taxonomy":"product_cat","embeddable":true,"href":"https:\/\/kuken.es\/de\/wp-json\/wp\/v2\/product_cat?post=10374"},{"taxonomy":"product_tag","embeddable":true,"href":"https:\/\/kuken.es\/de\/wp-json\/wp\/v2\/product_tag?post=10374"}],"curies":[{"name":"wp","href":"https:\/\/api.w.org\/{rel}","templated":true}]}}