{"id":658,"date":"2019-09-26T13:14:57","date_gmt":"2019-09-26T11:14:57","guid":{"rendered":"https:\/\/kuken.es\/?page_id=658"},"modified":"2020-07-02T07:34:06","modified_gmt":"2020-07-02T05:34:06","slug":"premium-verpackungsmaschinen","status":"publish","type":"page","link":"https:\/\/kuken.es\/de\/premium-range\/premium-verpackungsmaschinen\/","title":{"rendered":"VERPACKUNGSMASCHINEN - PREMIUM"},"content":{"rendered":"","protected":false},"excerpt":{"rendered":"","protected":false},"author":4,"featured_media":0,"parent":337,"menu_order":0,"comment_status":"closed","ping_status":"closed","template":"","meta":{"footnotes":""},"class_list":["post-658","page","type-page","status-publish","hentry"],"yoast_head":"<!-- This site is optimized with the Yoast SEO Premium plugin v24.0 (Yoast SEO v26.5) - https:\/\/yoast.com\/wordpress\/plugins\/seo\/ -->\n<title>ENVASADORAS - PREMIUM - gama calidad-K\u00fcken - visita nuestra web<\/title>\n<meta name=\"description\" content=\"La gama kuken Pr\u00e9mium cuenta con una envasadora, de calidad y dise\u00f1o actual, un complemento ideal para cualquier cocina. Mas informaci\u00f3n en nuestra web.\" \/>\n<meta name=\"robots\" content=\"index, follow, max-snippet:-1, max-image-preview:large, max-video-preview:-1\" \/>\n<link rel=\"canonical\" href=\"https:\/\/kuken.es\/de\/premium-range\/premium-verpackungsmaschinen\/\" \/>\n<meta property=\"og:locale\" content=\"de_DE\" \/>\n<meta property=\"og:type\" content=\"article\" \/>\n<meta property=\"og:title\" content=\"ENVASADORAS - PREMIUM\" \/>\n<meta property=\"og:description\" content=\"La gama kuken Pr\u00e9mium cuenta con una envasadora, de calidad y dise\u00f1o actual, un complemento ideal para cualquier cocina. Mas informaci\u00f3n en nuestra web.\" \/>\n<meta property=\"og:url\" content=\"https:\/\/kuken.es\/de\/premium-range\/premium-verpackungsmaschinen\/\" \/>\n<meta property=\"og:site_name\" content=\"K\u00fcken\" \/>\n<meta property=\"article:publisher\" content=\"https:\/\/es-es.facebook.com\/alfadyser\/\" \/>\n<meta property=\"article:modified_time\" content=\"2020-07-02T05:34:06+00:00\" \/>\n<meta name=\"twitter:card\" content=\"summary_large_image\" \/>\n<script type=\"application\/ld+json\" class=\"yoast-schema-graph\">{\"@context\":\"https:\/\/schema.org\",\"@graph\":[{\"@type\":\"WebPage\",\"@id\":\"https:\/\/kuken.es\/gama-premium\/envasadoras-premium\/\",\"url\":\"https:\/\/kuken.es\/gama-premium\/envasadoras-premium\/\",\"name\":\"ENVASADORAS - PREMIUM - gama calidad-K\u00fcken - visita nuestra web\",\"isPartOf\":{\"@id\":\"https:\/\/kuken.es\/#website\"},\"datePublished\":\"2019-09-26T11:14:57+00:00\",\"dateModified\":\"2020-07-02T05:34:06+00:00\",\"description\":\"La gama kuken Pr\u00e9mium cuenta con una envasadora, de calidad y dise\u00f1o actual, un complemento ideal para cualquier cocina. Mas informaci\u00f3n en nuestra web.\",\"breadcrumb\":{\"@id\":\"https:\/\/kuken.es\/gama-premium\/envasadoras-premium\/#breadcrumb\"},\"inLanguage\":\"de\",\"potentialAction\":[{\"@type\":\"ReadAction\",\"target\":[\"https:\/\/kuken.es\/gama-premium\/envasadoras-premium\/\"]}]},{\"@type\":\"BreadcrumbList\",\"@id\":\"https:\/\/kuken.es\/gama-premium\/envasadoras-premium\/#breadcrumb\",\"itemListElement\":[{\"@type\":\"ListItem\",\"position\":1,\"name\":\"Portada\",\"item\":\"https:\/\/kuken.es\/\"},{\"@type\":\"ListItem\",\"position\":2,\"name\":\"K\u00dcKEN PREMIUM\",\"item\":\"https:\/\/kuken.es\/gama-premium\/\"},{\"@type\":\"ListItem\",\"position\":3,\"name\":\"ENVASADORAS &#8211; PREMIUM\"}]},{\"@type\":\"WebSite\",\"@id\":\"https:\/\/kuken.es\/#website\",\"url\":\"https:\/\/kuken.es\/\",\"name\":\"K\u00fcken\",\"description\":\"Amplia gama de peque\u00f1o electrodom\u00e9stico k\u00fcken\",\"publisher\":{\"@id\":\"https:\/\/kuken.es\/#organization\"},\"potentialAction\":[{\"@type\":\"SearchAction\",\"target\":{\"@type\":\"EntryPoint\",\"urlTemplate\":\"https:\/\/kuken.es\/?s={search_term_string}\"},\"query-input\":{\"@type\":\"PropertyValueSpecification\",\"valueRequired\":true,\"valueName\":\"search_term_string\"}}],\"inLanguage\":\"de\"},{\"@type\":\"Organization\",\"@id\":\"https:\/\/kuken.es\/#organization\",\"name\":\"Alfa Dyser\",\"url\":\"https:\/\/kuken.es\/\",\"logo\":{\"@type\":\"ImageObject\",\"inLanguage\":\"de\",\"@id\":\"https:\/\/kuken.es\/#\/schema\/logo\/image\/\",\"url\":\"https:\/\/kuken.es\/wp-content\/uploads\/2019\/04\/kuken-logo.png\",\"contentUrl\":\"https:\/\/kuken.es\/wp-content\/uploads\/2019\/04\/kuken-logo.png\",\"width\":500,\"height\":191,\"caption\":\"Alfa Dyser\"},\"image\":{\"@id\":\"https:\/\/kuken.es\/#\/schema\/logo\/image\/\"},\"sameAs\":[\"https:\/\/es-es.facebook.com\/alfadyser\/\",\"https:\/\/www.instagram.com\/kuken_appliances\/\"]}]}<\/script>\n<!-- \/ Yoast SEO Premium plugin. -->","yoast_head_json":{"title":"VERPACKUNGSMASCHINEN - PREMIUM - K\u00fcken Qualit\u00e4tsprogramm - besuchen Sie unsere Website","description":"Die Produktreihe kuken Pr\u00e9mium verf\u00fcgt \u00fcber eine Verpackungsmaschine, die sich durch Qualit\u00e4t und modernes Design auszeichnet und eine ideale Erg\u00e4nzung f\u00fcr jede K\u00fcche darstellt. Weitere Informationen finden Sie auf unserer Website.","robots":{"index":"index","follow":"follow","max-snippet":"max-snippet:-1","max-image-preview":"max-image-preview:large","max-video-preview":"max-video-preview:-1"},"canonical":"https:\/\/kuken.es\/de\/premium-range\/premium-verpackungsmaschinen\/","og_locale":"de_DE","og_type":"article","og_title":"ENVASADORAS - PREMIUM","og_description":"La gama kuken Pr\u00e9mium cuenta con una envasadora, de calidad y dise\u00f1o actual, un complemento ideal para cualquier cocina. Mas informaci\u00f3n en nuestra web.","og_url":"https:\/\/kuken.es\/de\/premium-range\/premium-verpackungsmaschinen\/","og_site_name":"K\u00fcken","article_publisher":"https:\/\/es-es.facebook.com\/alfadyser\/","article_modified_time":"2020-07-02T05:34:06+00:00","twitter_card":"summary_large_image","schema":{"@context":"https:\/\/schema.org","@graph":[{"@type":"WebPage","@id":"https:\/\/kuken.es\/gama-premium\/envasadoras-premium\/","url":"https:\/\/kuken.es\/gama-premium\/envasadoras-premium\/","name":"VERPACKUNGSMASCHINEN - PREMIUM - K\u00fcken Qualit\u00e4tsprogramm - besuchen Sie unsere Website","isPartOf":{"@id":"https:\/\/kuken.es\/#website"},"datePublished":"2019-09-26T11:14:57+00:00","dateModified":"2020-07-02T05:34:06+00:00","description":"Die Produktreihe kuken Pr\u00e9mium verf\u00fcgt \u00fcber eine Verpackungsmaschine, die sich durch Qualit\u00e4t und modernes Design auszeichnet und eine ideale Erg\u00e4nzung f\u00fcr jede K\u00fcche darstellt. Weitere Informationen finden Sie auf unserer Website.","breadcrumb":{"@id":"https:\/\/kuken.es\/gama-premium\/envasadoras-premium\/#breadcrumb"},"inLanguage":"de","potentialAction":[{"@type":"ReadAction","target":["https:\/\/kuken.es\/gama-premium\/envasadoras-premium\/"]}]},{"@type":"BreadcrumbList","@id":"https:\/\/kuken.es\/gama-premium\/envasadoras-premium\/#breadcrumb","itemListElement":[{"@type":"ListItem","position":1,"name":"Portada","item":"https:\/\/kuken.es\/"},{"@type":"ListItem","position":2,"name":"K\u00dcKEN PREMIUM","item":"https:\/\/kuken.es\/gama-premium\/"},{"@type":"ListItem","position":3,"name":"ENVASADORAS &#8211; PREMIUM"}]},{"@type":"WebSite","@id":"https:\/\/kuken.es\/#website","url":"https:\/\/kuken.es\/","name":"K\u00fcken","description":"Gro\u00dfe Auswahl an k\u00fcken Haushaltskleinger\u00e4ten","publisher":{"@id":"https:\/\/kuken.es\/#organization"},"potentialAction":[{"@type":"SearchAction","target":{"@type":"EntryPoint","urlTemplate":"https:\/\/kuken.es\/?s={search_term_string}"},"query-input":{"@type":"PropertyValueSpecification","valueRequired":true,"valueName":"search_term_string"}}],"inLanguage":"de"},{"@type":"Organization","@id":"https:\/\/kuken.es\/#organization","name":"Alpha Dyser","url":"https:\/\/kuken.es\/","logo":{"@type":"ImageObject","inLanguage":"de","@id":"https:\/\/kuken.es\/#\/schema\/logo\/image\/","url":"https:\/\/kuken.es\/wp-content\/uploads\/2019\/04\/kuken-logo.png","contentUrl":"https:\/\/kuken.es\/wp-content\/uploads\/2019\/04\/kuken-logo.png","width":500,"height":191,"caption":"Alfa Dyser"},"image":{"@id":"https:\/\/kuken.es\/#\/schema\/logo\/image\/"},"sameAs":["https:\/\/es-es.facebook.com\/alfadyser\/","https:\/\/www.instagram.com\/kuken_appliances\/"]}]}},"_links":{"self":[{"href":"https:\/\/kuken.es\/de\/wp-json\/wp\/v2\/pages\/658","targetHints":{"allow":["GET"]}}],"collection":[{"href":"https:\/\/kuken.es\/de\/wp-json\/wp\/v2\/pages"}],"about":[{"href":"https:\/\/kuken.es\/de\/wp-json\/wp\/v2\/types\/page"}],"author":[{"embeddable":true,"href":"https:\/\/kuken.es\/de\/wp-json\/wp\/v2\/users\/4"}],"replies":[{"embeddable":true,"href":"https:\/\/kuken.es\/de\/wp-json\/wp\/v2\/comments?post=658"}],"version-history":[{"count":0,"href":"https:\/\/kuken.es\/de\/wp-json\/wp\/v2\/pages\/658\/revisions"}],"up":[{"embeddable":true,"href":"https:\/\/kuken.es\/de\/wp-json\/wp\/v2\/pages\/337"}],"wp:attachment":[{"href":"https:\/\/kuken.es\/de\/wp-json\/wp\/v2\/media?parent=658"}],"curies":[{"name":"wp","href":"https:\/\/api.w.org\/{rel}","templated":true}]}}