{"id":531,"date":"2019-07-18T14:44:40","date_gmt":"2019-07-18T12:44:40","guid":{"rendered":"https:\/\/kuken.es\/?page_id=531"},"modified":"2020-07-01T13:01:19","modified_gmt":"2020-07-01T11:01:19","slug":"fritteusen-gold","status":"publish","type":"page","link":"https:\/\/kuken.es\/de\/gamma-gold\/fritteusen-gold\/","title":{"rendered":"BRATEN - GOLD"},"content":{"rendered":"","protected":false},"excerpt":{"rendered":"","protected":false},"author":4,"featured_media":0,"parent":385,"menu_order":0,"comment_status":"closed","ping_status":"closed","template":"","meta":{"footnotes":""},"class_list":["post-531","page","type-page","status-publish","hentry"],"yoast_head":"<!-- This site is optimized with the Yoast SEO Premium plugin v24.0 (Yoast SEO v26.5) - https:\/\/yoast.com\/wordpress\/plugins\/seo\/ -->\n<title>FREIDORAS - GOLD -gama calidad- K\u00fcken-visite nuestra web<\/title>\n<meta name=\"description\" content=\"La gama kuken Gold cuenta con un gran surtido de freidoras, de calidad y un dise\u00f1o muy actual, para que encuentres el ideal para tu cocina.\" \/>\n<meta name=\"robots\" content=\"index, follow, max-snippet:-1, max-image-preview:large, max-video-preview:-1\" \/>\n<link rel=\"canonical\" href=\"https:\/\/kuken.es\/de\/gamma-gold\/fritteusen-gold\/\" \/>\n<meta property=\"og:locale\" content=\"de_DE\" \/>\n<meta property=\"og:type\" content=\"article\" \/>\n<meta property=\"og:title\" content=\"FREIDORAS - GOLD\" \/>\n<meta property=\"og:description\" content=\"La gama kuken Gold cuenta con un gran surtido de freidoras, de calidad y un dise\u00f1o muy actual, para que encuentres el ideal para tu cocina.\" \/>\n<meta property=\"og:url\" content=\"https:\/\/kuken.es\/de\/gamma-gold\/fritteusen-gold\/\" \/>\n<meta property=\"og:site_name\" content=\"K\u00fcken\" \/>\n<meta property=\"article:publisher\" content=\"https:\/\/es-es.facebook.com\/alfadyser\/\" \/>\n<meta property=\"article:modified_time\" content=\"2020-07-01T11:01:19+00:00\" \/>\n<meta name=\"twitter:card\" content=\"summary_large_image\" \/>\n<script type=\"application\/ld+json\" class=\"yoast-schema-graph\">{\"@context\":\"https:\/\/schema.org\",\"@graph\":[{\"@type\":\"WebPage\",\"@id\":\"https:\/\/kuken.es\/gama-gold\/freidoras-gold\/\",\"url\":\"https:\/\/kuken.es\/gama-gold\/freidoras-gold\/\",\"name\":\"FREIDORAS - GOLD -gama calidad- K\u00fcken-visite nuestra web\",\"isPartOf\":{\"@id\":\"https:\/\/kuken.es\/#website\"},\"datePublished\":\"2019-07-18T12:44:40+00:00\",\"dateModified\":\"2020-07-01T11:01:19+00:00\",\"description\":\"La gama kuken Gold cuenta con un gran surtido de freidoras, de calidad y un dise\u00f1o muy actual, para que encuentres el ideal para tu cocina.\",\"breadcrumb\":{\"@id\":\"https:\/\/kuken.es\/gama-gold\/freidoras-gold\/#breadcrumb\"},\"inLanguage\":\"de\",\"potentialAction\":[{\"@type\":\"ReadAction\",\"target\":[\"https:\/\/kuken.es\/gama-gold\/freidoras-gold\/\"]}]},{\"@type\":\"BreadcrumbList\",\"@id\":\"https:\/\/kuken.es\/gama-gold\/freidoras-gold\/#breadcrumb\",\"itemListElement\":[{\"@type\":\"ListItem\",\"position\":1,\"name\":\"Portada\",\"item\":\"https:\/\/kuken.es\/\"},{\"@type\":\"ListItem\",\"position\":2,\"name\":\"K\u00dcKEN GOLD\",\"item\":\"https:\/\/kuken.es\/gama-gold\/\"},{\"@type\":\"ListItem\",\"position\":3,\"name\":\"FREIDORAS &#8211; GOLD\"}]},{\"@type\":\"WebSite\",\"@id\":\"https:\/\/kuken.es\/#website\",\"url\":\"https:\/\/kuken.es\/\",\"name\":\"K\u00fcken\",\"description\":\"Amplia gama de peque\u00f1o electrodom\u00e9stico k\u00fcken\",\"publisher\":{\"@id\":\"https:\/\/kuken.es\/#organization\"},\"potentialAction\":[{\"@type\":\"SearchAction\",\"target\":{\"@type\":\"EntryPoint\",\"urlTemplate\":\"https:\/\/kuken.es\/?s={search_term_string}\"},\"query-input\":{\"@type\":\"PropertyValueSpecification\",\"valueRequired\":true,\"valueName\":\"search_term_string\"}}],\"inLanguage\":\"de\"},{\"@type\":\"Organization\",\"@id\":\"https:\/\/kuken.es\/#organization\",\"name\":\"Alfa Dyser\",\"url\":\"https:\/\/kuken.es\/\",\"logo\":{\"@type\":\"ImageObject\",\"inLanguage\":\"de\",\"@id\":\"https:\/\/kuken.es\/#\/schema\/logo\/image\/\",\"url\":\"https:\/\/kuken.es\/wp-content\/uploads\/2019\/04\/kuken-logo.png\",\"contentUrl\":\"https:\/\/kuken.es\/wp-content\/uploads\/2019\/04\/kuken-logo.png\",\"width\":500,\"height\":191,\"caption\":\"Alfa Dyser\"},\"image\":{\"@id\":\"https:\/\/kuken.es\/#\/schema\/logo\/image\/\"},\"sameAs\":[\"https:\/\/es-es.facebook.com\/alfadyser\/\",\"https:\/\/www.instagram.com\/kuken_appliances\/\"]}]}<\/script>\n<!-- \/ Yoast SEO Premium plugin. -->","yoast_head_json":{"title":"FREADERS - GOLD - Qualit\u00e4tssortiment - K\u00fcken-besuchen Sie unsere Website","description":"Das kuken Gold Sortiment bietet eine gro\u00dfe Auswahl an Friteusen, die sich durch Qualit\u00e4t und ein sehr modernes Design auszeichnen, so dass Sie die ideale Friteuse f\u00fcr Ihre K\u00fcche finden k\u00f6nnen.","robots":{"index":"index","follow":"follow","max-snippet":"max-snippet:-1","max-image-preview":"max-image-preview:large","max-video-preview":"max-video-preview:-1"},"canonical":"https:\/\/kuken.es\/de\/gamma-gold\/fritteusen-gold\/","og_locale":"de_DE","og_type":"article","og_title":"FREIDORAS - GOLD","og_description":"La gama kuken Gold cuenta con un gran surtido de freidoras, de calidad y un dise\u00f1o muy actual, para que encuentres el ideal para tu cocina.","og_url":"https:\/\/kuken.es\/de\/gamma-gold\/fritteusen-gold\/","og_site_name":"K\u00fcken","article_publisher":"https:\/\/es-es.facebook.com\/alfadyser\/","article_modified_time":"2020-07-01T11:01:19+00:00","twitter_card":"summary_large_image","schema":{"@context":"https:\/\/schema.org","@graph":[{"@type":"WebPage","@id":"https:\/\/kuken.es\/gama-gold\/freidoras-gold\/","url":"https:\/\/kuken.es\/gama-gold\/freidoras-gold\/","name":"FREADERS - GOLD - Qualit\u00e4tssortiment - K\u00fcken-besuchen Sie unsere Website","isPartOf":{"@id":"https:\/\/kuken.es\/#website"},"datePublished":"2019-07-18T12:44:40+00:00","dateModified":"2020-07-01T11:01:19+00:00","description":"Das kuken Gold Sortiment bietet eine gro\u00dfe Auswahl an Friteusen, die sich durch Qualit\u00e4t und ein sehr modernes Design auszeichnen, so dass Sie die ideale Friteuse f\u00fcr Ihre K\u00fcche finden k\u00f6nnen.","breadcrumb":{"@id":"https:\/\/kuken.es\/gama-gold\/freidoras-gold\/#breadcrumb"},"inLanguage":"de","potentialAction":[{"@type":"ReadAction","target":["https:\/\/kuken.es\/gama-gold\/freidoras-gold\/"]}]},{"@type":"BreadcrumbList","@id":"https:\/\/kuken.es\/gama-gold\/freidoras-gold\/#breadcrumb","itemListElement":[{"@type":"ListItem","position":1,"name":"Portada","item":"https:\/\/kuken.es\/"},{"@type":"ListItem","position":2,"name":"K\u00dcKEN GOLD","item":"https:\/\/kuken.es\/gama-gold\/"},{"@type":"ListItem","position":3,"name":"FREIDORAS &#8211; GOLD"}]},{"@type":"WebSite","@id":"https:\/\/kuken.es\/#website","url":"https:\/\/kuken.es\/","name":"K\u00fcken","description":"Gro\u00dfe Auswahl an k\u00fcken Haushaltskleinger\u00e4ten","publisher":{"@id":"https:\/\/kuken.es\/#organization"},"potentialAction":[{"@type":"SearchAction","target":{"@type":"EntryPoint","urlTemplate":"https:\/\/kuken.es\/?s={search_term_string}"},"query-input":{"@type":"PropertyValueSpecification","valueRequired":true,"valueName":"search_term_string"}}],"inLanguage":"de"},{"@type":"Organization","@id":"https:\/\/kuken.es\/#organization","name":"Alpha Dyser","url":"https:\/\/kuken.es\/","logo":{"@type":"ImageObject","inLanguage":"de","@id":"https:\/\/kuken.es\/#\/schema\/logo\/image\/","url":"https:\/\/kuken.es\/wp-content\/uploads\/2019\/04\/kuken-logo.png","contentUrl":"https:\/\/kuken.es\/wp-content\/uploads\/2019\/04\/kuken-logo.png","width":500,"height":191,"caption":"Alfa Dyser"},"image":{"@id":"https:\/\/kuken.es\/#\/schema\/logo\/image\/"},"sameAs":["https:\/\/es-es.facebook.com\/alfadyser\/","https:\/\/www.instagram.com\/kuken_appliances\/"]}]}},"_links":{"self":[{"href":"https:\/\/kuken.es\/de\/wp-json\/wp\/v2\/pages\/531","targetHints":{"allow":["GET"]}}],"collection":[{"href":"https:\/\/kuken.es\/de\/wp-json\/wp\/v2\/pages"}],"about":[{"href":"https:\/\/kuken.es\/de\/wp-json\/wp\/v2\/types\/page"}],"author":[{"embeddable":true,"href":"https:\/\/kuken.es\/de\/wp-json\/wp\/v2\/users\/4"}],"replies":[{"embeddable":true,"href":"https:\/\/kuken.es\/de\/wp-json\/wp\/v2\/comments?post=531"}],"version-history":[{"count":0,"href":"https:\/\/kuken.es\/de\/wp-json\/wp\/v2\/pages\/531\/revisions"}],"up":[{"embeddable":true,"href":"https:\/\/kuken.es\/de\/wp-json\/wp\/v2\/pages\/385"}],"wp:attachment":[{"href":"https:\/\/kuken.es\/de\/wp-json\/wp\/v2\/media?parent=531"}],"curies":[{"name":"wp","href":"https:\/\/api.w.org\/{rel}","templated":true}]}}